{"id":62980,"date":"2024-12-04T16:41:26","date_gmt":"2024-12-04T16:41:26","guid":{"rendered":"https:\/\/brandss.com.py\/index\/?post_type=product&#038;p=62980"},"modified":"2026-03-17T18:00:48","modified_gmt":"2026-03-17T18:00:48","slug":"perfume-femenino-maison-alhambra-coral-blush-edp-80ml","status":"publish","type":"product","link":"https:\/\/brandss.com.py\/index\/producto\/perfume-femenino-maison-alhambra-coral-blush-edp-80ml\/","title":{"rendered":"PERFUME FEMENINO MAISON ALHAMBRA CORAL BLUSH EDP 80ML"},"content":{"rendered":"<p><img loading=\"lazy\" decoding=\"async\" class=\"\" src=\"https:\/\/cdn.aromastore.com.py\/upload\/brand\/maison-al-hambra.jpeg\" alt=\"Maison Al-Hambra | Aroma Store\" width=\"99\" height=\"99\" \/><\/p>\n<h1>CORAL BLUSH<\/h1>\n<p>Del\u00e9itese con los lujosos aromas de Coral Blush una fragancia encantadora y sofisticada, que destaca por su combinaci\u00f3n de notas frutales y florales. Con un inicio fresco de c\u00edtricos y frutas, evoluciona hacia un coraz\u00f3n floral suave que se mezcla con toques amaderados y almizclados en la base. Esta composici\u00f3n crea una fragancia femenina, delicada y moderna, ideal para quienes buscan un toque sutil de elegancia y frescura. Eleve sus sentidos con esta fragancia elegante y cautivadora.<img loading=\"lazy\" decoding=\"async\" class=\"alignleft\" src=\"https:\/\/orientalaromas.com\/cdn\/shop\/files\/081B6DC1-76CD-4DAB-8AA0-CA880DFC4C80.jpg?v=1729315234&amp;width=823\" width=\"501\" height=\"501\" \/><\/p>\n<h3>\nNotas Olfativas<\/h3>\n<p>Coral Blush\u00a0de\u00a0Maison Alhambra es una fragancia floral frutal para mujeres. Esta es una fragancia nueva. Coral Blush<span>\u00a0se lanz\u00f3 en 2024.\u00a0<\/span><\/p>\n<ul>\n<li><span><strong>Notas de salida:<\/strong> Peche de Vigne, naranja sanguina siciliana.\n<p><\/span><\/li>\n<li><span><strong>Notas de coraz\u00f3n:<\/strong> aceite de Davana, co\u00f1ac, davana y jazm\u00edn.\n<p><\/span><\/li>\n<li><span><strong>Notas de fondo:<\/strong> pachul\u00ed, s\u00e1ndalo, vainilla, haba tonka, benju\u00ed, l\u00e1dano y<\/span><br \/>\n<span>cachemira.<\/span><\/li>\n<\/ul>\n","protected":false},"excerpt":{"rendered":"<p>CORAL BLUSH Del\u00e9itese con los lujosos aromas de Coral Blush una fragancia encantadora y sofisticada, que destaca por su combinaci\u00f3n<\/p>\n","protected":false},"featured_media":62981,"comment_status":"open","ping_status":"closed","template":"","meta":{"nf_dc_page":""},"product_brand":[107],"product_cat":[84],"product_tag":[3164],"class_list":{"0":"post-62980","1":"product","2":"type-product","3":"status-publish","4":"has-post-thumbnail","6":"product_brand-maison-alhambra","7":"product_cat-perfumeria","8":"product_tag-3164","10":"first","11":"outofstock","12":"shipping-taxable","13":"purchasable","14":"product-type-simple"},"_links":{"self":[{"href":"https:\/\/brandss.com.py\/index\/wp-json\/wp\/v2\/product\/62980","targetHints":{"allow":["GET"]}}],"collection":[{"href":"https:\/\/brandss.com.py\/index\/wp-json\/wp\/v2\/product"}],"about":[{"href":"https:\/\/brandss.com.py\/index\/wp-json\/wp\/v2\/types\/product"}],"replies":[{"embeddable":true,"href":"https:\/\/brandss.com.py\/index\/wp-json\/wp\/v2\/comments?post=62980"}],"version-history":[{"count":1,"href":"https:\/\/brandss.com.py\/index\/wp-json\/wp\/v2\/product\/62980\/revisions"}],"predecessor-version":[{"id":62984,"href":"https:\/\/brandss.com.py\/index\/wp-json\/wp\/v2\/product\/62980\/revisions\/62984"}],"wp:featuredmedia":[{"embeddable":true,"href":"https:\/\/brandss.com.py\/index\/wp-json\/wp\/v2\/media\/62981"}],"wp:attachment":[{"href":"https:\/\/brandss.com.py\/index\/wp-json\/wp\/v2\/media?parent=62980"}],"wp:term":[{"taxonomy":"product_brand","embeddable":true,"href":"https:\/\/brandss.com.py\/index\/wp-json\/wp\/v2\/product_brand?post=62980"},{"taxonomy":"product_cat","embeddable":true,"href":"https:\/\/brandss.com.py\/index\/wp-json\/wp\/v2\/product_cat?post=62980"},{"taxonomy":"product_tag","embeddable":true,"href":"https:\/\/brandss.com.py\/index\/wp-json\/wp\/v2\/product_tag?post=62980"}],"curies":[{"name":"wp","href":"https:\/\/api.w.org\/{rel}","templated":true}]}}