{"id":62998,"date":"2024-12-04T19:03:19","date_gmt":"2024-12-04T19:03:19","guid":{"rendered":"https:\/\/brandss.com.py\/index\/?post_type=product&#038;p=62998"},"modified":"2025-12-11T13:45:19","modified_gmt":"2025-12-11T13:45:19","slug":"perfume-femenino-maison-alhambra-olivia-blossom-edp-80ml","status":"publish","type":"product","link":"https:\/\/brandss.com.py\/index\/producto\/perfume-femenino-maison-alhambra-olivia-blossom-edp-80ml\/","title":{"rendered":"PERFUME FEMENINO MAISON ALHAMBRA OLIVIA BLOSSOM EDP 80ML"},"content":{"rendered":"<p><img loading=\"lazy\" decoding=\"async\" class=\"\" src=\"https:\/\/cdn.aromastore.com.py\/upload\/brand\/maison-al-hambra.jpeg\" alt=\"Maison Al-Hambra | Aroma Store\" width=\"108\" height=\"108\" \/><\/p>\n<h1>OLIVIA BLOSSOM<\/h1>\n<p>Es una fragancia delicada y femenina que captura la esencia de un jard\u00edn en plena floraci\u00f3n. Con un perfil floral y afrutado, esta Eau de Parfum destaca por su frescura y encanto, ideal para mujeres que aprecian la elegancia en una fragancia sutil y luminosa. Una fragancia que se despliega como una sinfon\u00eda floral. El viaje comienza con el delicado y encantador aroma de la rosa de Damasco. El\u00a0Maison Alhambra Olivia Blossom es un Eau de Parfum exquisito que te transportar\u00e1 a un jard\u00edn lleno de flores en plena primavera.<\/p>\n<p>Este perfume es perfecto para llevar contigo a donde sea que vayas. Su fragancia duradera te acompa\u00f1ar\u00e1 durante todo el d\u00eda, dejando una estela sofisticada y elegante a tu paso.<\/p>\n<p>El\u00a0Maison Alhambra\u00a0Olivia Blossom es ideal para aquellas personas que buscan un perfume \u00fanico y especial, que se destaque entre la multitud. No esperes m\u00e1s y a\u00f1ade este incre\u00edble Eau de Parfum a tu colecci\u00f3n de perfumes hoy mismo.<\/p>\n<p>\u00a1Te garantizamos que no te arrepentir\u00e1s!<\/p>\n<h3>Notas Olfativas<br \/>\n<img loading=\"lazy\" decoding=\"async\" class=\"alignleft\" src=\"https:\/\/down-br.img.susercontent.com\/file\/sg-11134201-7rdwh-lzqqv2dag5xi5f.webp\" width=\"520\" height=\"520\" \/><\/h3>\n<p>Olivia Blossom es una invitaci\u00f3n a conectar con la naturaleza y la belleza de las peque\u00f1as cosas, haciendo cada momento m\u00e1s especial y memorable. La apertura de la fragancia est\u00e1 marcada por notas frescas y afrutadas, que combinan la jugosa dulzura de los frutos rojos con la luminosidad de los c\u00edtricos. Estas notas de salida crean una introducci\u00f3n vibrante y alegre, que despierta los sentidos y transmite una sensaci\u00f3n inmediata de frescura y ligereza. En el coraz\u00f3n de Olivia Blossom destacan las notas florales, con un ramo de flores blancas y p\u00e9talos de rosa que aportan una feminidad suave y rom\u00e1ntica a la composici\u00f3n. Este n\u00facleo floral es lo que le da a la fragancia su firma encantadora y delicada, perfecta para las mujeres que valoran la elegancia sutil y atemporal. Las notas de fondo est\u00e1n compuestas por acordes de almizcle y madera de cedro, que dan profundidad y fijaci\u00f3n duradera a la fragancia. Estas notas de fondo consiguen que el perfume permanezca en la piel durante horas, dejando una estela envolvente y sofisticada que desprende encanto y clase en cualquier ocasi\u00f3n.<\/p>\n<p><strong>Notas de salida:<\/strong> Pimienta rosa, Rosa de damasco.<br \/>\n<strong>Notas de coraz\u00f3n:<\/strong> Mora, Pera.<br \/>\n<strong>Notas de fondo:<\/strong> Cachemira, Pachul\u00ed, Sal, Vainilla.<\/p>\n","protected":false},"excerpt":{"rendered":"<p>OLIVIA BLOSSOM Es una fragancia delicada y femenina que captura la esencia de un jard\u00edn en plena floraci\u00f3n. Con un<\/p>\n","protected":false},"featured_media":62999,"comment_status":"open","ping_status":"closed","template":"","meta":{"nf_dc_page":""},"product_brand":[107],"product_cat":[84],"product_tag":[1865],"class_list":{"0":"post-62998","1":"product","2":"type-product","3":"status-publish","4":"has-post-thumbnail","6":"product_brand-maison-alhambra","7":"product_cat-perfumeria","8":"product_tag-1865","10":"first","11":"instock","12":"shipping-taxable","13":"purchasable","14":"product-type-simple"},"_links":{"self":[{"href":"https:\/\/brandss.com.py\/index\/wp-json\/wp\/v2\/product\/62998","targetHints":{"allow":["GET"]}}],"collection":[{"href":"https:\/\/brandss.com.py\/index\/wp-json\/wp\/v2\/product"}],"about":[{"href":"https:\/\/brandss.com.py\/index\/wp-json\/wp\/v2\/types\/product"}],"replies":[{"embeddable":true,"href":"https:\/\/brandss.com.py\/index\/wp-json\/wp\/v2\/comments?post=62998"}],"version-history":[{"count":1,"href":"https:\/\/brandss.com.py\/index\/wp-json\/wp\/v2\/product\/62998\/revisions"}],"predecessor-version":[{"id":63003,"href":"https:\/\/brandss.com.py\/index\/wp-json\/wp\/v2\/product\/62998\/revisions\/63003"}],"wp:featuredmedia":[{"embeddable":true,"href":"https:\/\/brandss.com.py\/index\/wp-json\/wp\/v2\/media\/62999"}],"wp:attachment":[{"href":"https:\/\/brandss.com.py\/index\/wp-json\/wp\/v2\/media?parent=62998"}],"wp:term":[{"taxonomy":"product_brand","embeddable":true,"href":"https:\/\/brandss.com.py\/index\/wp-json\/wp\/v2\/product_brand?post=62998"},{"taxonomy":"product_cat","embeddable":true,"href":"https:\/\/brandss.com.py\/index\/wp-json\/wp\/v2\/product_cat?post=62998"},{"taxonomy":"product_tag","embeddable":true,"href":"https:\/\/brandss.com.py\/index\/wp-json\/wp\/v2\/product_tag?post=62998"}],"curies":[{"name":"wp","href":"https:\/\/api.w.org\/{rel}","templated":true}]}}