{"id":63004,"date":"2024-12-05T11:10:42","date_gmt":"2024-12-05T11:10:42","guid":{"rendered":"https:\/\/brandss.com.py\/index\/?post_type=product&#038;p=63004"},"modified":"2025-10-06T18:54:50","modified_gmt":"2025-10-06T18:54:50","slug":"perfume-unisex-lattafa-pride-shaheen-gold-edp-100ml","status":"publish","type":"product","link":"https:\/\/brandss.com.py\/index\/producto\/perfume-unisex-lattafa-pride-shaheen-gold-edp-100ml\/","title":{"rendered":"PERFUME UNISEX LATTAFA PRIDE SHAHEEN GOLD EDP 100ML"},"content":{"rendered":"<p><img loading=\"lazy\" decoding=\"async\" class=\"\" src=\"https:\/\/seeklogo.com\/images\/L\/lattafa-logo-BF4C5EB5A4-seeklogo.com.png\" alt=\"Lattafa Logo PNG Vector (AI) Free Download\" width=\"74\" height=\"98\" \/><\/p>\n<h1>PRIDE SHAHEEN GOLD<\/h1>\n<p>Es una fragancia unisex exquisita, que invita tanto a hombres como a mujeres a sumergirse en su embriagadora esencia. Este perfume de alta calidad, presentado en un packaging sofisticado e impactante, es un verdadero tesoro que promete cautivar tus sentidos.<\/p>\n<p>Una declaraci\u00f3n de opulencia y sofisticaci\u00f3n. Un elixir de lujo para aquellos que no tienen miedo de destacar y dejar su huella en el mundo. Ad\u00e9ntrate en el mundo de Shaheen Gold y descubre un universo de elegancia y clase. No importa a donde vayas, deja una estela dorada. El oro simboliza el\u00a0<em>lujo,\u00a0<\/em>y las aves representan la\u00a0<em>libertad<\/em>\u00a0y la\u00a0<em>eternidad<\/em> debido a su capacidad para elevarse hacia el cielo. Esta fragancia insin\u00faa la longevidad que proporciona y se extiende a\u00fan m\u00e1s en la impresionante experiencia que recibir\u00e1.<\/p>\n<p>&nbsp;<\/p>\n<h3>Notas Olfativas<\/h3>\n<p><img loading=\"lazy\" decoding=\"async\" class=\"alignleft\" src=\"https:\/\/212global.com\/wp-content\/uploads\/2024\/07\/6616a787920a6bbecd7c6308_85a368134e79522edb2af079dde6c5d6.jpg\" width=\"545\" height=\"545\" \/><\/p>\n<p>Shaheen Gold es una fragancia afrutada y fresco, con toques muy dulces para Hombres y Mujeres. Shaheen Gold de Lattafa Pride contiene notas dulces y c\u00edtricas frescas de pi\u00f1a, pomelo e higo jugoso y c\u00e1lido, la lavanda aporta limpieza y el haba tonka cremosidad.<\/p>\n<p>Es un perfume afrutado y fresco, pero con toques muy dulces. Al principio es bastante fresco y c\u00edtrico, se nota la pi\u00f1a fresca junto con la lavanda, esa pi\u00f1a helada junto con unos toques de pomelo que la acompa\u00f1an y la hacen a\u00fan m\u00e1s dulce. Seg\u00fan seca, la lavanda va dejando paso a una pi\u00f1a jugosa y bastante madura con esa vainilla y haba tonca que la hacen espectacular. En resumen, perfume frutal y dulce totalmente unisex, m\u00e1s bien para primavera-verano ya que no atosiga nada. Una maravilla.<\/p>\n<p>&nbsp;<\/p>\n<p><strong>Las notas de salida son:<\/strong> pi\u00f1a y toronja (pomelo).<\/p>\n<p><strong>Las notas de coraz\u00f3n son:<\/strong> higo y lavanda.<\/p>\n<p><strong>Las notas de fondo son:<\/strong> vainilla, haba tonka y pachul\u00ed.<\/p>\n","protected":false},"excerpt":{"rendered":"<p>PRIDE SHAHEEN GOLD Es una fragancia unisex exquisita, que invita tanto a hombres como a mujeres a sumergirse en su<\/p>\n","protected":false},"featured_media":63005,"comment_status":"open","ping_status":"closed","template":"","meta":{"nf_dc_page":""},"product_brand":[109],"product_cat":[84],"product_tag":[686],"class_list":{"0":"post-63004","1":"product","2":"type-product","3":"status-publish","4":"has-post-thumbnail","6":"product_brand-lattafa","7":"product_cat-perfumeria","8":"product_tag-686","10":"first","11":"instock","12":"shipping-taxable","13":"purchasable","14":"product-type-simple"},"_links":{"self":[{"href":"https:\/\/brandss.com.py\/index\/wp-json\/wp\/v2\/product\/63004","targetHints":{"allow":["GET"]}}],"collection":[{"href":"https:\/\/brandss.com.py\/index\/wp-json\/wp\/v2\/product"}],"about":[{"href":"https:\/\/brandss.com.py\/index\/wp-json\/wp\/v2\/types\/product"}],"replies":[{"embeddable":true,"href":"https:\/\/brandss.com.py\/index\/wp-json\/wp\/v2\/comments?post=63004"}],"version-history":[{"count":1,"href":"https:\/\/brandss.com.py\/index\/wp-json\/wp\/v2\/product\/63004\/revisions"}],"predecessor-version":[{"id":63014,"href":"https:\/\/brandss.com.py\/index\/wp-json\/wp\/v2\/product\/63004\/revisions\/63014"}],"wp:featuredmedia":[{"embeddable":true,"href":"https:\/\/brandss.com.py\/index\/wp-json\/wp\/v2\/media\/63005"}],"wp:attachment":[{"href":"https:\/\/brandss.com.py\/index\/wp-json\/wp\/v2\/media?parent=63004"}],"wp:term":[{"taxonomy":"product_brand","embeddable":true,"href":"https:\/\/brandss.com.py\/index\/wp-json\/wp\/v2\/product_brand?post=63004"},{"taxonomy":"product_cat","embeddable":true,"href":"https:\/\/brandss.com.py\/index\/wp-json\/wp\/v2\/product_cat?post=63004"},{"taxonomy":"product_tag","embeddable":true,"href":"https:\/\/brandss.com.py\/index\/wp-json\/wp\/v2\/product_tag?post=63004"}],"curies":[{"name":"wp","href":"https:\/\/api.w.org\/{rel}","templated":true}]}}