{"id":63025,"date":"2024-12-05T14:12:58","date_gmt":"2024-12-05T14:12:58","guid":{"rendered":"https:\/\/brandss.com.py\/index\/?post_type=product&#038;p=63025"},"modified":"2026-03-17T17:46:28","modified_gmt":"2026-03-17T17:46:28","slug":"perfume-unisex-lattafa-badee-al-oud-amethyst-edp-100ml","status":"publish","type":"product","link":"https:\/\/brandss.com.py\/index\/producto\/perfume-unisex-lattafa-badee-al-oud-amethyst-edp-100ml\/","title":{"rendered":"PERFUME UNISEX LATTAFA BADE&#8217;E AL OUD AMETHYST EDP 100ML"},"content":{"rendered":"<p><img loading=\"lazy\" decoding=\"async\" class=\"\" src=\"https:\/\/myscentjourney.s3.us-east-2.amazonaws.com\/2022\/02\/14\/29KIascent_j_marca_1644871114_202.png\" alt=\"MSJ::LATTAFA\" width=\"106\" height=\"126\" \/><\/p>\n<h1>BADE&#8217;E AL OUD AMETHYST<\/h1>\n<p>Del\u00e9itese con el cautivador aroma de Bade&#8217;e Al Oud Amethyst, un lujoso Eau de Parfum que encarna la sofisticaci\u00f3n y el misticismo. Este perfume es una fragancia que combina armoniosamente acordes inspirados en el oud y la amatista, creando una experiencia olfativa encantadora y duradera. Es un perfume noble tejido a partir de notas aterciopeladas y sensuales, como si transmitiera una imagen singular del amor ideal con un ligero tono rom\u00e1ntico y nost\u00e1lgico.<br \/>\nSi quieres una fragancia que te haga sentir como un mill\u00f3n de d\u00f3lares, \u00a1aqu\u00ed est\u00e1!<\/p>\n<p><strong>Caracter\u00edsticas principales:<\/strong><\/p>\n<p>\ud83d\udc8eSu Intensidad es Moderada-Alta.<br \/>\n\ud83d\udc8eSu Durabilidad es Larga (Promedia las 12 Hs).<br \/>\n\ud83d\udc8eEstela: Moderada.<\/p>\n<h3><\/h3>\n<h3>Notas Olfativas<\/h3>\n<p><img loading=\"lazy\" decoding=\"async\" class=\"alignleft\" src=\"https:\/\/perfumeheadquarters.com\/cdn\/shop\/files\/lattafa-badee-al-oud-amethyst-6291108733875-427159.jpg?v=1713282779\" width=\"580\" height=\"580\" \/><br \/>\nBade&#8217;e Al Oud Amethyst es una fragancia vers\u00e1til que conquista a hombres y mujeres por igual. Su aroma sofisticado y magn\u00e9tico lo convierte en una opci\u00f3n ideal para amantes de las fragancias orientales y avainilladas. Su aroma c\u00e1lido, dulce y especiado es perfecto para los d\u00edas fr\u00edos o para crear una atm\u00f3sfera especial en cualquier ocasi\u00f3n. La calidad de sus ingredientes y su larga duraci\u00f3n lo convierten en una excelente opci\u00f3n para quienes buscan un perfume \u00fanico y memorable. Es una fragancia de la familia olfativa \u00c1mbar Vainilla para Hombres y Mujeres. Bade\u2019e Al Oud Amethyst se lanz\u00f3 en 2021.<\/p>\n<p>&nbsp;<\/p>\n<p><strong>Las notas de salida son:<\/strong> pimienta rosa y bergamota.<\/p>\n<p><strong>Las notas de coraz\u00f3n son:<\/strong> rosa turca, rosa de Bulgaria (rosa Damascena de Bulgaria) y jazm\u00edn.<\/p>\n<p><strong>Las notas de fondo son:<\/strong> madera de oud, \u00e1mbar y vainilla.<\/p>\n","protected":false},"excerpt":{"rendered":"<p>BADE&#8217;E AL OUD AMETHYST Del\u00e9itese con el cautivador aroma de Bade&#8217;e Al Oud Amethyst, un lujoso Eau de Parfum que<\/p>\n","protected":false},"featured_media":63026,"comment_status":"open","ping_status":"closed","template":"","meta":{"nf_dc_page":""},"product_brand":[109],"product_cat":[84],"product_tag":[628],"class_list":{"0":"post-63025","1":"product","2":"type-product","3":"status-publish","4":"has-post-thumbnail","6":"product_brand-lattafa","7":"product_cat-perfumeria","8":"product_tag-628","10":"first","11":"instock","12":"sale","13":"shipping-taxable","14":"purchasable","15":"product-type-simple"},"_links":{"self":[{"href":"https:\/\/brandss.com.py\/index\/wp-json\/wp\/v2\/product\/63025","targetHints":{"allow":["GET"]}}],"collection":[{"href":"https:\/\/brandss.com.py\/index\/wp-json\/wp\/v2\/product"}],"about":[{"href":"https:\/\/brandss.com.py\/index\/wp-json\/wp\/v2\/types\/product"}],"replies":[{"embeddable":true,"href":"https:\/\/brandss.com.py\/index\/wp-json\/wp\/v2\/comments?post=63025"}],"version-history":[{"count":3,"href":"https:\/\/brandss.com.py\/index\/wp-json\/wp\/v2\/product\/63025\/revisions"}],"predecessor-version":[{"id":63039,"href":"https:\/\/brandss.com.py\/index\/wp-json\/wp\/v2\/product\/63025\/revisions\/63039"}],"wp:featuredmedia":[{"embeddable":true,"href":"https:\/\/brandss.com.py\/index\/wp-json\/wp\/v2\/media\/63026"}],"wp:attachment":[{"href":"https:\/\/brandss.com.py\/index\/wp-json\/wp\/v2\/media?parent=63025"}],"wp:term":[{"taxonomy":"product_brand","embeddable":true,"href":"https:\/\/brandss.com.py\/index\/wp-json\/wp\/v2\/product_brand?post=63025"},{"taxonomy":"product_cat","embeddable":true,"href":"https:\/\/brandss.com.py\/index\/wp-json\/wp\/v2\/product_cat?post=63025"},{"taxonomy":"product_tag","embeddable":true,"href":"https:\/\/brandss.com.py\/index\/wp-json\/wp\/v2\/product_tag?post=63025"}],"curies":[{"name":"wp","href":"https:\/\/api.w.org\/{rel}","templated":true}]}}