{"id":63040,"date":"2024-12-05T16:53:02","date_gmt":"2024-12-05T16:53:02","guid":{"rendered":"https:\/\/brandss.com.py\/index\/?post_type=product&#038;p=63040"},"modified":"2026-03-17T19:15:02","modified_gmt":"2026-03-17T19:15:02","slug":"perfume-unisex-lattafa-al-noble-safeer-edp-100ml","status":"publish","type":"product","link":"https:\/\/brandss.com.py\/index\/producto\/perfume-unisex-lattafa-al-noble-safeer-edp-100ml\/","title":{"rendered":"PERFUME UNISEX LATTAFA AL NOBLE SAFEER EDP 100ML"},"content":{"rendered":"<p><img loading=\"lazy\" decoding=\"async\" class=\"\" src=\"https:\/\/myscentjourney.s3.us-east-2.amazonaws.com\/2022\/02\/14\/29KIascent_j_marca_1644871114_202.png\" alt=\"MSJ::LATTAFA\" width=\"116\" height=\"138\" \/><\/p>\n<h1>AL NOBLE SAFEER<\/h1>\n<p>Adopte la esencia de la elegancia y el lujo con este perfume, una mezcla cautivadora inspirada en Pana Dora XVI. Se trata de una fragancia atemporal adecuada para cualquier ocasi\u00f3n, que combina a la perfecci\u00f3n frescura y sofisticaci\u00f3n. Tanto si le atraen los perfumes orientales como si busca una nueva aventura olfativa, Al Noble Safeer promete un aroma \u00fanico y duradero que refleja la esencia de la artesan\u00eda de Lattafa.<\/p>\n<p>&nbsp;<\/p>\n<h3>Notas Olfativas<\/h3>\n<p>Perfume Al Noble Safeer de Lattafa es una fascinante fraganci<img loading=\"lazy\" decoding=\"async\" class=\"alignleft\" src=\"https:\/\/perfumescardales.com.ar\/wp-content\/uploads\/2023\/10\/safeer-1.jpg\" width=\"521\" height=\"521\" \/>a unisex que se destaca en la colecci\u00f3n de la marca por su complejidad y car\u00e1cter.<\/p>\n<p>Esta fragancia pertenece a la familia olfativa Amaderada Especiada, ofreciendo una experiencia olfativa rica y envolvente. Se abre con notas de salida de abr\u00f3tano y bergamota, introduciendo un comienzo fresco y ligeramente amargo. Las notas de coraz\u00f3n se sumergen en un mundo de notas herbales, verdes y especiadas, creando un coraz\u00f3n vibrante y lleno de vida.<\/p>\n<p>En las notas de fondo, encontramos enebro de Virginia, madera de gaiac, notas de frutos secos, comino, incienso, pachul\u00ed y l\u00e1dano, aportando una profundidad terrosa, resinosa y amaderada que ancla la fragancia con una calidez y sofisticaci\u00f3n inigualables.<\/p>\n<p>El perfume Lattafa Al Noble Safeer es una oda a la naturaleza y a la riqueza de los aromas que esta ofrece, dise\u00f1ada tanto para hombres como para mujeres que buscan en su perfume una firma distintiva y poderosa, capaz de acompa\u00f1arlos con elegancia y presencia en cualquier situaci\u00f3n.<\/p>\n<p><strong>Las notas de salida son:<\/strong> abr\u00f3tano y bergamota.<\/p>\n<p><strong>Las notas de coraz\u00f3n son:<\/strong> notas herbales, notas verdes y notas especiadas.<\/p>\n<p><strong>Las notas de fondo son:<\/strong> madera de gaiac, Notas de frutos secos, Incienso, enebro de Virginia, pachul\u00ed, l\u00e1dano y comino.<\/p>\n","protected":false},"excerpt":{"rendered":"<p>AL NOBLE SAFEER Adopte la esencia de la elegancia y el lujo con este perfume, una mezcla cautivadora inspirada en<\/p>\n","protected":false},"featured_media":63041,"comment_status":"open","ping_status":"closed","template":"","meta":{"nf_dc_page":""},"product_brand":[109],"product_cat":[84],"product_tag":[613],"class_list":{"0":"post-63040","1":"product","2":"type-product","3":"status-publish","4":"has-post-thumbnail","6":"product_brand-lattafa","7":"product_cat-perfumeria","8":"product_tag-613","10":"first","11":"instock","12":"sale","13":"shipping-taxable","14":"purchasable","15":"product-type-simple"},"_links":{"self":[{"href":"https:\/\/brandss.com.py\/index\/wp-json\/wp\/v2\/product\/63040","targetHints":{"allow":["GET"]}}],"collection":[{"href":"https:\/\/brandss.com.py\/index\/wp-json\/wp\/v2\/product"}],"about":[{"href":"https:\/\/brandss.com.py\/index\/wp-json\/wp\/v2\/types\/product"}],"replies":[{"embeddable":true,"href":"https:\/\/brandss.com.py\/index\/wp-json\/wp\/v2\/comments?post=63040"}],"version-history":[{"count":1,"href":"https:\/\/brandss.com.py\/index\/wp-json\/wp\/v2\/product\/63040\/revisions"}],"predecessor-version":[{"id":63050,"href":"https:\/\/brandss.com.py\/index\/wp-json\/wp\/v2\/product\/63040\/revisions\/63050"}],"wp:featuredmedia":[{"embeddable":true,"href":"https:\/\/brandss.com.py\/index\/wp-json\/wp\/v2\/media\/63041"}],"wp:attachment":[{"href":"https:\/\/brandss.com.py\/index\/wp-json\/wp\/v2\/media?parent=63040"}],"wp:term":[{"taxonomy":"product_brand","embeddable":true,"href":"https:\/\/brandss.com.py\/index\/wp-json\/wp\/v2\/product_brand?post=63040"},{"taxonomy":"product_cat","embeddable":true,"href":"https:\/\/brandss.com.py\/index\/wp-json\/wp\/v2\/product_cat?post=63040"},{"taxonomy":"product_tag","embeddable":true,"href":"https:\/\/brandss.com.py\/index\/wp-json\/wp\/v2\/product_tag?post=63040"}],"curies":[{"name":"wp","href":"https:\/\/api.w.org\/{rel}","templated":true}]}}