{"id":63051,"date":"2024-12-05T17:55:16","date_gmt":"2024-12-05T17:55:16","guid":{"rendered":"https:\/\/brandss.com.py\/index\/?post_type=product&#038;p=63051"},"modified":"2026-03-17T16:56:58","modified_gmt":"2026-03-17T16:56:58","slug":"perfume-unisex-asdaaf-ameerat-al-arab-edp-100ml","status":"publish","type":"product","link":"https:\/\/brandss.com.py\/index\/producto\/perfume-unisex-asdaaf-ameerat-al-arab-edp-100ml\/","title":{"rendered":"PERFUME UNISEX ASDAAF AMEERAT AL ARAB EDP 100ML"},"content":{"rendered":"<p><img loading=\"lazy\" decoding=\"async\" class=\"\" src=\"https:\/\/lujoperfume.com\/wp-content\/uploads\/2023\/07\/asdaaf-logo-Editado.png\" alt=\"Asdaaf perfumes | Perfumes y decants | Lujo Perfume\" width=\"150\" height=\"150\" \/><\/p>\n<h1>AMEERAT AL ARAB<\/h1>\n<p>Presentamos <strong>Ameerat Al Arab<\/strong>, un perfume que encarna la alegr\u00eda y un sentido de euforia pura. Esta fragancia es como un soplo de optimismo y buen humor que te acompa\u00f1ar\u00e1 durante todo el d\u00eda. Sum\u00e9rgete en la elegancia y frescura de <strong>Ameerat Al Arab<\/strong>, un exquisito perfume dise\u00f1ado para mujeres y hombres. Esta fragancia pertenece a la familia olfativa floral y est\u00e1 creada para envolverte en una sensaci\u00f3n de sofisticaci\u00f3n y frescura en cada aplicaci\u00f3n. AMEERAT AL ARAB unisex, es una fragancia que te enamorar\u00e1 a primera vista y con el primer aliento. El olor es hipn\u00f3tico y embriagador.<\/p>\n<p>\u00a1Qu\u00e9 agradable es sumergirse en un mundo de ensue\u00f1o donde reina la primavera!<\/p>\n<p>&nbsp;<\/p>\n<h3>Notas olfativas<\/h3>\n<p><img loading=\"lazy\" decoding=\"async\" class=\"alignleft\" src=\"https:\/\/productosdelujo.cl\/cdn\/shop\/files\/Ameerat-Al-Arab-100-ML-3.4-oz-EDP-by-Asdaaf-1_5000x.webp?v=1701291190\" width=\"587\" height=\"587\" \/><\/p>\n<p>Al rociar\u00a0Ameerat Al Arab,\u00a0ser\u00e1s recibido por una deliciosa combinaci\u00f3n de notas c\u00edtricas y bergamota en las\u00a0notas de salida. Estas notas frescas y vivaces te transportar\u00e1n a un jard\u00edn lleno de vitalidad y luminosidad, despertando tus sentidos y prepar\u00e1ndote para un d\u00eda lleno de energ\u00eda.<\/p>\n<p>En el\u00a0coraz\u00f3n de la fragancia, el almizcle blanco y la s\u00e1bila se entrelazan para crear una experiencia olfativa profundamente sensual y seductora. Estas notas a\u00f1aden una dimensi\u00f3n de suavidad y elegancia que te envuelve en un aura de feminidad y encanto.<\/p>\n<p>A medida que la fragancia se asienta en la piel, las\u00a0notas de fondo\u00a0como el jazm\u00edn, el almizcle, las notas amaderadas y la madera de oud emergen en las notas de fondo para proporcionar una base c\u00e1lida y envolvente. Estas notas a\u00f1aden profundidad y durabilidad a la fragancia, asegurando que su estela perdure a lo largo del d\u00eda y de la noche.<\/p>\n<p>Ameerat Al Arab es m\u00e1s que una fragancia; es una expresi\u00f3n de estilo y sofisticaci\u00f3n. Perfecta para cualquier ocasi\u00f3n, esta fragancia te envuelve en un aura de elegancia y frescura, asegurando que dejes una impresi\u00f3n duradera dondequiera que vayas.<\/p>\n<p>Este perfume se convertir\u00e1 en tu fragancia caracter\u00edstica.<\/p>\n<p><strong>Notas de salida:<\/strong> Miel, Naranjas, Notas Verdes.<\/p>\n<p><strong>Notas de coraz\u00f3n:<\/strong> \u00a0Jazm\u00edn, Nardo.<\/p>\n<p><strong>Notas de fondo:<\/strong> Vainilla, Lirio, S\u00e1ndalo y almizcle.<\/p>\n<p>&nbsp;<\/p>\n","protected":false},"excerpt":{"rendered":"<p>AMEERAT AL ARAB Presentamos Ameerat Al Arab, un perfume que encarna la alegr\u00eda y un sentido de euforia pura. Esta<\/p>\n","protected":false},"featured_media":63052,"comment_status":"open","ping_status":"closed","template":"","meta":{"nf_dc_page":""},"product_brand":[108],"product_cat":[84],"product_tag":[589],"class_list":{"0":"post-63051","1":"product","2":"type-product","3":"status-publish","4":"has-post-thumbnail","6":"product_brand-asdaaf","7":"product_cat-perfumeria","8":"product_tag-589","10":"first","11":"instock","12":"sale","13":"shipping-taxable","14":"purchasable","15":"product-type-simple"},"_links":{"self":[{"href":"https:\/\/brandss.com.py\/index\/wp-json\/wp\/v2\/product\/63051","targetHints":{"allow":["GET"]}}],"collection":[{"href":"https:\/\/brandss.com.py\/index\/wp-json\/wp\/v2\/product"}],"about":[{"href":"https:\/\/brandss.com.py\/index\/wp-json\/wp\/v2\/types\/product"}],"replies":[{"embeddable":true,"href":"https:\/\/brandss.com.py\/index\/wp-json\/wp\/v2\/comments?post=63051"}],"version-history":[{"count":2,"href":"https:\/\/brandss.com.py\/index\/wp-json\/wp\/v2\/product\/63051\/revisions"}],"predecessor-version":[{"id":72155,"href":"https:\/\/brandss.com.py\/index\/wp-json\/wp\/v2\/product\/63051\/revisions\/72155"}],"wp:featuredmedia":[{"embeddable":true,"href":"https:\/\/brandss.com.py\/index\/wp-json\/wp\/v2\/media\/63052"}],"wp:attachment":[{"href":"https:\/\/brandss.com.py\/index\/wp-json\/wp\/v2\/media?parent=63051"}],"wp:term":[{"taxonomy":"product_brand","embeddable":true,"href":"https:\/\/brandss.com.py\/index\/wp-json\/wp\/v2\/product_brand?post=63051"},{"taxonomy":"product_cat","embeddable":true,"href":"https:\/\/brandss.com.py\/index\/wp-json\/wp\/v2\/product_cat?post=63051"},{"taxonomy":"product_tag","embeddable":true,"href":"https:\/\/brandss.com.py\/index\/wp-json\/wp\/v2\/product_tag?post=63051"}],"curies":[{"name":"wp","href":"https:\/\/api.w.org\/{rel}","templated":true}]}}