{"id":63073,"date":"2024-12-05T19:17:41","date_gmt":"2024-12-05T19:17:41","guid":{"rendered":"https:\/\/brandss.com.py\/index\/?post_type=product&#038;p=63073"},"modified":"2025-09-26T12:00:33","modified_gmt":"2025-09-26T12:00:33","slug":"perfume-femenino-al-wataniah-shagaf-al-ward-edp-100ml","status":"publish","type":"product","link":"https:\/\/brandss.com.py\/index\/producto\/perfume-femenino-al-wataniah-shagaf-al-ward-edp-100ml\/","title":{"rendered":"PERFUME FEMENINO AL WATANIAH SHAGAF AL WARD EDP 100ML"},"content":{"rendered":"<p><img loading=\"lazy\" decoding=\"async\" class=\"\" src=\"https:\/\/www.shoppingchina.com.py\/rails\/active_storage\/blobs\/redirect\/eyJfcmFpbHMiOnsibWVzc2FnZSI6IkJBaHBBLzdoQ0E9PSIsImV4cCI6bnVsbCwicHVyIjoiYmxvYl9pZCJ9fQ==--1b945dbbe78e43af5449364aa01e10ce1fdc4fe4\/al%20wataniah.webp\" alt=\"PERFUME AL WATANIAH HAYAT EDP 100ML\" width=\"113\" height=\"113\" \/><\/p>\n<h1>SHAGAF AL WARD<\/h1>\n<p>Alimenta tu pasi\u00f3n por las flores con esta delicada mezcla de jazm\u00edn, rosa de mayo, \u00e1mbar y cedro. El lenguaje que este aroma transmite es mucho m\u00e1s amplio que el de las flores: habla de jardines exuberantes, d\u00edas dorados y sue\u00f1os que anhelan ser vividos. Sum\u00e9rgete en la fantas\u00eda floral de Shagaf al Ward.<\/p>\n<h3><\/h3>\n<h3>Notas Olfativas<\/h3>\n<p><img loading=\"lazy\" decoding=\"async\" class=\"alignleft\" src=\"https:\/\/perfumescardales.com.ar\/wp-content\/uploads\/2023\/03\/shagaf-web-4.jpg\" width=\"596\" height=\"596\" \/><\/p>\n<p>Shagaf Al Ward de Al Wataniah es una fragancia de la familia olfativa \u00c1mbar Floral para Mujeres. El Perfume Shagaf Al Ward, de Al Wataniah, significa literalmente pasi\u00f3n por las flores. Su fragancia floral va mucho m\u00e1s all\u00e1 de la delicada mezcla de Rosa de Mayo, Jazm\u00edn, Cedro y \u00c1mbar, te transporta al para\u00edso de las flores, haci\u00e9ndote pasear por lujosos jardines donde la primavera es tu para\u00edso eterno.<\/p>\n<p>Una explosi\u00f3n floral para los apasionados de la delicada feminidad de las flores!!!!<\/p>\n<p><strong>Las notas de salida son:<\/strong> jazm\u00edn, osmanto y rosa de mayo.<\/p>\n<p><strong>Las notas de coraz\u00f3n son:<\/strong> nardo de la India y narciso.<\/p>\n<p><strong>Las notas de fondo son:<\/strong> \u00e1mbar y cedro.<\/p>\n","protected":false},"excerpt":{"rendered":"<p>SHAGAF AL WARD Alimenta tu pasi\u00f3n por las flores con esta delicada mezcla de jazm\u00edn, rosa de mayo, \u00e1mbar y<\/p>\n","protected":false},"featured_media":63074,"comment_status":"open","ping_status":"closed","template":"","meta":{"nf_dc_page":""},"product_brand":[105],"product_cat":[84],"product_tag":[570],"class_list":{"0":"post-63073","1":"product","2":"type-product","3":"status-publish","4":"has-post-thumbnail","6":"product_brand-al-wataniah","7":"product_cat-perfumeria","8":"product_tag-570","10":"first","11":"instock","12":"sale","13":"shipping-taxable","14":"purchasable","15":"product-type-simple"},"_links":{"self":[{"href":"https:\/\/brandss.com.py\/index\/wp-json\/wp\/v2\/product\/63073","targetHints":{"allow":["GET"]}}],"collection":[{"href":"https:\/\/brandss.com.py\/index\/wp-json\/wp\/v2\/product"}],"about":[{"href":"https:\/\/brandss.com.py\/index\/wp-json\/wp\/v2\/types\/product"}],"replies":[{"embeddable":true,"href":"https:\/\/brandss.com.py\/index\/wp-json\/wp\/v2\/comments?post=63073"}],"version-history":[{"count":2,"href":"https:\/\/brandss.com.py\/index\/wp-json\/wp\/v2\/product\/63073\/revisions"}],"predecessor-version":[{"id":63082,"href":"https:\/\/brandss.com.py\/index\/wp-json\/wp\/v2\/product\/63073\/revisions\/63082"}],"wp:featuredmedia":[{"embeddable":true,"href":"https:\/\/brandss.com.py\/index\/wp-json\/wp\/v2\/media\/63074"}],"wp:attachment":[{"href":"https:\/\/brandss.com.py\/index\/wp-json\/wp\/v2\/media?parent=63073"}],"wp:term":[{"taxonomy":"product_brand","embeddable":true,"href":"https:\/\/brandss.com.py\/index\/wp-json\/wp\/v2\/product_brand?post=63073"},{"taxonomy":"product_cat","embeddable":true,"href":"https:\/\/brandss.com.py\/index\/wp-json\/wp\/v2\/product_cat?post=63073"},{"taxonomy":"product_tag","embeddable":true,"href":"https:\/\/brandss.com.py\/index\/wp-json\/wp\/v2\/product_tag?post=63073"}],"curies":[{"name":"wp","href":"https:\/\/api.w.org\/{rel}","templated":true}]}}