{"id":63083,"date":"2024-12-06T12:11:10","date_gmt":"2024-12-06T12:11:10","guid":{"rendered":"https:\/\/brandss.com.py\/index\/?post_type=product&#038;p=63083"},"modified":"2026-03-16T17:33:30","modified_gmt":"2026-03-16T17:33:30","slug":"perfume-femenino-al-wataniah-sabah-al-ward-edp-100ml","status":"publish","type":"product","link":"https:\/\/brandss.com.py\/index\/producto\/perfume-femenino-al-wataniah-sabah-al-ward-edp-100ml\/","title":{"rendered":"PERFUME FEMENINO AL WATANIAH SABAH AL WARD EDP 100ML"},"content":{"rendered":"<p><img loading=\"lazy\" decoding=\"async\" class=\"\" src=\"https:\/\/www.shoppingchina.com.py\/rails\/active_storage\/blobs\/redirect\/eyJfcmFpbHMiOnsibWVzc2FnZSI6IkJBaHBBLzdoQ0E9PSIsImV4cCI6bnVsbCwicHVyIjoiYmxvYl9pZCJ9fQ==--1b945dbbe78e43af5449364aa01e10ce1fdc4fe4\/al%20wataniah.webp\" alt=\"PERFUME AL WATANIAH HAYAT EDP 100ML\" width=\"102\" height=\"102\" \/><\/p>\n<h1>SABAH AL WARD<\/h1>\n<p>Un aroma oriental con una fuerte influencia floral le da la profundidad perfecta al misterio y al deseo de este perfume verdaderamente femenino. Brilla como el frescor de una rosa cubierta por el roc\u00edo de la ma\u00f1ana. Redescubre el arte de las fragancias, pero esta vez con un toque oriental m\u00edstico y ex\u00f3tico.<img loading=\"lazy\" decoding=\"async\" class=\"alignright\" src=\"https:\/\/zaoud.it\/cdn\/shop\/files\/sabah-al-ward-perfume-bottle-surrounded-with-orange-and-saffron-shows-against-white-background.jpg?v=1716425079&amp;width=823\" width=\"235\" height=\"294\" \/><\/p>\n<p>Originario de los Emiratos \u00c1rabes Unidos, la tierra del lujo y la indulgencia; Estos perfumes exudan la riqueza y el misterio de la cultura \u00e1rabe. Los magn\u00edficos aromas se crean combinando las m\u00e1s finas notas francesas con notas orientales de renombrados perfumistas de todo el mundo, para brindar al consumidor la experiencia m\u00e1s lujosa. Las combinaciones exclusivas son intensas y adictivas, cautivando a quienes se atrevan a dejarse seducir por su magia.<\/p>\n<p>Al Wataniah dejar\u00e1 una impresi\u00f3n inolvidable; entrar en este mundo te har\u00e1 sentir como un miembro de la realeza digno de tu propio palacio. El perfume es una celebraci\u00f3n de la feminidad, elaborado para complementar la elegancia innata y el encanto de quien lo usa.<\/p>\n<p>&nbsp;<\/p>\n<h3>Notas Olfativas<\/h3>\n<p>&nbsp;<\/p>\n<p><img loading=\"lazy\" decoding=\"async\" class=\"alignleft\" src=\"https:\/\/acdn.mitiendanube.com\/stores\/003\/335\/419\/products\/img_3817-b4fda4929782ed497b17130979171263-640-0.webp\" width=\"443\" height=\"402\" \/><\/p>\n<p>Al explorar el vasto y vibrante mundo de la perfumer\u00eda, ciertas fragancias se destacan por su composici\u00f3n \u00fanica y su encanto cautivador.<\/p>\n<p>Sabah Al Ward Edp de Al Wataniah es uno de esos perfumes, que ofrece una sofisticada combinaci\u00f3n de notas orientales y florales que satisfacen a la mujer moderna que busca elegancia y misterio en su aroma.<\/p>\n<p>Este art\u00edculo profundiza en el coraz\u00f3n de Sabah Al Ward, explorando su perfil olfativo, sus ingredientes y el arte detr\u00e1s de su creaci\u00f3n, posicion\u00e1ndolo como una opci\u00f3n obligada para los entusiastas de los perfumes de todo el mundo.<\/p>\n<p>Con una fragancia verdaderamente femenina, Sabah Al Ward Eau de Parfum es el perfume de una mujer que domina y fascina.<\/p>\n<h3><\/h3>\n<p>&nbsp;<\/p>\n<ul>\n<li><strong>Notas de salida:<\/strong>\u00a0pimienta rosa, mandarina, flor de naranja.<\/li>\n<li><strong>Notas de coraz\u00f3n:<\/strong>\u00a0vaina de cacao, jazm\u00edn, naranja sambac.<\/li>\n<li><strong>Notas de fondo:<\/strong>\u00a0vainilla, haba tonka, pachul\u00ed.<\/li>\n<\/ul>\n","protected":false},"excerpt":{"rendered":"<p>SABAH AL WARD Un aroma oriental con una fuerte influencia floral le da la profundidad perfecta al misterio y al<\/p>\n","protected":false},"featured_media":87267,"comment_status":"open","ping_status":"closed","template":"","meta":{"nf_dc_page":""},"product_brand":[105],"product_cat":[84],"product_tag":[569],"class_list":{"0":"post-63083","1":"product","2":"type-product","3":"status-publish","4":"has-post-thumbnail","6":"product_brand-al-wataniah","7":"product_cat-perfumeria","8":"product_tag-569","10":"first","11":"instock","12":"sale","13":"shipping-taxable","14":"purchasable","15":"product-type-simple"},"_links":{"self":[{"href":"https:\/\/brandss.com.py\/index\/wp-json\/wp\/v2\/product\/63083","targetHints":{"allow":["GET"]}}],"collection":[{"href":"https:\/\/brandss.com.py\/index\/wp-json\/wp\/v2\/product"}],"about":[{"href":"https:\/\/brandss.com.py\/index\/wp-json\/wp\/v2\/types\/product"}],"replies":[{"embeddable":true,"href":"https:\/\/brandss.com.py\/index\/wp-json\/wp\/v2\/comments?post=63083"}],"version-history":[{"count":2,"href":"https:\/\/brandss.com.py\/index\/wp-json\/wp\/v2\/product\/63083\/revisions"}],"predecessor-version":[{"id":63096,"href":"https:\/\/brandss.com.py\/index\/wp-json\/wp\/v2\/product\/63083\/revisions\/63096"}],"wp:featuredmedia":[{"embeddable":true,"href":"https:\/\/brandss.com.py\/index\/wp-json\/wp\/v2\/media\/87267"}],"wp:attachment":[{"href":"https:\/\/brandss.com.py\/index\/wp-json\/wp\/v2\/media?parent=63083"}],"wp:term":[{"taxonomy":"product_brand","embeddable":true,"href":"https:\/\/brandss.com.py\/index\/wp-json\/wp\/v2\/product_brand?post=63083"},{"taxonomy":"product_cat","embeddable":true,"href":"https:\/\/brandss.com.py\/index\/wp-json\/wp\/v2\/product_cat?post=63083"},{"taxonomy":"product_tag","embeddable":true,"href":"https:\/\/brandss.com.py\/index\/wp-json\/wp\/v2\/product_tag?post=63083"}],"curies":[{"name":"wp","href":"https:\/\/api.w.org\/{rel}","templated":true}]}}