{"id":63207,"date":"2024-12-07T14:27:54","date_gmt":"2024-12-07T14:27:54","guid":{"rendered":"https:\/\/brandss.com.py\/index\/?post_type=product&#038;p=63207"},"modified":"2025-09-24T18:25:35","modified_gmt":"2025-09-24T18:25:35","slug":"gel-limpiador-corporal-miss-rose-miss-care-rosa-mosqueta-200ml","status":"publish","type":"product","link":"https:\/\/brandss.com.py\/index\/producto\/gel-limpiador-corporal-miss-rose-miss-care-rosa-mosqueta-200ml\/","title":{"rendered":"GEL LIMPIADOR CORPORAL MISS ROSE MISS CARE ROSA MOSQUETA 200ML"},"content":{"rendered":"<p><img loading=\"lazy\" decoding=\"async\" class=\"\" src=\"https:\/\/missroseofficial.com.pk\/cdn\/shop\/files\/download.png?v=1701971620\" alt=\"Miss Rose Official Website \u2013 Miss Rose\u00ae Official Store\" width=\"130\" height=\"68\" \/><\/p>\n<h1>MISS CARE ROSA MOSQUETA<\/h1>\n<p>El Gel Limpiador Corporal de Rosa Mosqueta de Miss R\u00f4se\u00a0<span>\u00a0es\u00a0un producto dise\u00f1ado para promover una limpieza suave y eficaz, al mismo tiempo que hidrata y nutre la piel. Su f\u00f3rmula combina dos potentes ingredientes que ofrecen beneficios regeneradores y calmantes.<\/span><\/p>\n<ul>\n<li><strong><span>Rosa mosqueta<\/span><\/strong><span>\u00a0: Conocida por sus propiedades regeneradoras, la rosa mosqueta es rica en \u00e1cidos grasos esenciales y vitamina C, ayudando a reparar la piel, reducir las imperfecciones y mejorar su aspecto general, dej\u00e1ndola m\u00e1s firme y revitalizada.<\/span><\/li>\n<li><strong><span>Aloe Vera<\/span><\/strong><span>\u00a0: Con propiedades hidratantes y calmantes, el aloe vera ayuda a la piel a recuperarse, aliviando la irritaci\u00f3n y aportando una sensaci\u00f3n de frescor y suavidad.<\/span><\/li>\n<\/ul>\n<p><span>Este gel limpiador es ideal para todo tipo de pieles, especialmente las m\u00e1s sensibles o secas, proporcionando una limpieza profunda sin da\u00f1ar la piel, dej\u00e1ndola suave, hidratada y con un aspecto saludable.<\/span><\/p>\n","protected":false},"excerpt":{"rendered":"<p>MISS CARE ROSA MOSQUETA El Gel Limpiador Corporal de Rosa Mosqueta de Miss R\u00f4se\u00a0\u00a0es\u00a0un producto dise\u00f1ado para promover una limpieza<\/p>\n","protected":false},"featured_media":63208,"comment_status":"open","ping_status":"closed","template":"","meta":{"nf_dc_page":""},"product_brand":[221],"product_cat":[94],"product_tag":[],"class_list":{"0":"post-63207","1":"product","2":"type-product","3":"status-publish","4":"has-post-thumbnail","6":"product_brand-miss-rose","7":"product_cat-higiene-personal","9":"first","10":"instock","11":"shipping-taxable","12":"purchasable","13":"product-type-simple"},"_links":{"self":[{"href":"https:\/\/brandss.com.py\/index\/wp-json\/wp\/v2\/product\/63207","targetHints":{"allow":["GET"]}}],"collection":[{"href":"https:\/\/brandss.com.py\/index\/wp-json\/wp\/v2\/product"}],"about":[{"href":"https:\/\/brandss.com.py\/index\/wp-json\/wp\/v2\/types\/product"}],"replies":[{"embeddable":true,"href":"https:\/\/brandss.com.py\/index\/wp-json\/wp\/v2\/comments?post=63207"}],"version-history":[{"count":1,"href":"https:\/\/brandss.com.py\/index\/wp-json\/wp\/v2\/product\/63207\/revisions"}],"predecessor-version":[{"id":63210,"href":"https:\/\/brandss.com.py\/index\/wp-json\/wp\/v2\/product\/63207\/revisions\/63210"}],"wp:featuredmedia":[{"embeddable":true,"href":"https:\/\/brandss.com.py\/index\/wp-json\/wp\/v2\/media\/63208"}],"wp:attachment":[{"href":"https:\/\/brandss.com.py\/index\/wp-json\/wp\/v2\/media?parent=63207"}],"wp:term":[{"taxonomy":"product_brand","embeddable":true,"href":"https:\/\/brandss.com.py\/index\/wp-json\/wp\/v2\/product_brand?post=63207"},{"taxonomy":"product_cat","embeddable":true,"href":"https:\/\/brandss.com.py\/index\/wp-json\/wp\/v2\/product_cat?post=63207"},{"taxonomy":"product_tag","embeddable":true,"href":"https:\/\/brandss.com.py\/index\/wp-json\/wp\/v2\/product_tag?post=63207"}],"curies":[{"name":"wp","href":"https:\/\/api.w.org\/{rel}","templated":true}]}}