{"id":63211,"date":"2024-12-07T14:38:54","date_gmt":"2024-12-07T14:38:54","guid":{"rendered":"https:\/\/brandss.com.py\/index\/?post_type=product&#038;p=63211"},"modified":"2025-09-24T18:25:58","modified_gmt":"2025-09-24T18:25:58","slug":"gel-limpiador-corporal-miss-rose-miss-care-maracuya-200ml","status":"publish","type":"product","link":"https:\/\/brandss.com.py\/index\/producto\/gel-limpiador-corporal-miss-rose-miss-care-maracuya-200ml\/","title":{"rendered":"GEL LIMPIADOR CORPORAL MISS ROSE MISS CARE MARACUY\u00c1 200ML"},"content":{"rendered":"<p><img loading=\"lazy\" decoding=\"async\" class=\"\" src=\"https:\/\/missroseofficial.com.pk\/cdn\/shop\/files\/download.png?v=1701971620\" alt=\"Miss Rose Official Website \u2013 Miss Rose\u00ae Official Store\" width=\"137\" height=\"71\" \/><\/p>\n<h1>MISS CARE MARACUY\u00c1<\/h1>\n<p>El Gel Limpiador Corporal Maracuy\u00e1 de Miss R\u00f4se\u00a0<span>\u00a0es un producto formulado para proporcionar una limpieza suave y refrescante, a la vez que hidrata y calma la piel. Su combinaci\u00f3n de maracuy\u00e1 y aloe vera ofrece beneficios nutritivos y regeneradores, haciendo la hora del ba\u00f1o m\u00e1s placentera y tonificante.<\/span><\/p>\n<ul>\n<li><strong><span>Maracuy\u00e1<\/span><\/strong><span>\u00a0: Rica en vitaminas A y C, la maracuy\u00e1 tiene propiedades antioxidantes que ayudan a revitalizar la piel, adem\u00e1s de promover una sensaci\u00f3n de frescura y tersura.<\/span><\/li>\n<li><strong><span>Aloe Vera<\/span><\/strong><span>\u00a0: Conocido por sus cualidades calmantes e hidratantes, el aloe vera ayuda a regenerar la piel, aliviando la irritaci\u00f3n y manteni\u00e9ndola suave y bien hidratada.<\/span><\/li>\n<\/ul>\n<p><span>Este gel limpiador es ideal para todo tipo de pieles, especialmente las m\u00e1s sensibles, dejando la piel limpia, fresca, hidratada y con un tacto suave tras su uso.<\/span><\/p>\n","protected":false},"excerpt":{"rendered":"<p>MISS CARE MARACUY\u00c1 El Gel Limpiador Corporal Maracuy\u00e1 de Miss R\u00f4se\u00a0\u00a0es un producto formulado para proporcionar una limpieza suave y<\/p>\n","protected":false},"featured_media":63212,"comment_status":"open","ping_status":"closed","template":"","meta":{"nf_dc_page":""},"product_brand":[221],"product_cat":[94],"product_tag":[],"class_list":{"0":"post-63211","1":"product","2":"type-product","3":"status-publish","4":"has-post-thumbnail","6":"product_brand-miss-rose","7":"product_cat-higiene-personal","9":"first","10":"instock","11":"shipping-taxable","12":"purchasable","13":"product-type-simple"},"_links":{"self":[{"href":"https:\/\/brandss.com.py\/index\/wp-json\/wp\/v2\/product\/63211","targetHints":{"allow":["GET"]}}],"collection":[{"href":"https:\/\/brandss.com.py\/index\/wp-json\/wp\/v2\/product"}],"about":[{"href":"https:\/\/brandss.com.py\/index\/wp-json\/wp\/v2\/types\/product"}],"replies":[{"embeddable":true,"href":"https:\/\/brandss.com.py\/index\/wp-json\/wp\/v2\/comments?post=63211"}],"version-history":[{"count":1,"href":"https:\/\/brandss.com.py\/index\/wp-json\/wp\/v2\/product\/63211\/revisions"}],"predecessor-version":[{"id":63214,"href":"https:\/\/brandss.com.py\/index\/wp-json\/wp\/v2\/product\/63211\/revisions\/63214"}],"wp:featuredmedia":[{"embeddable":true,"href":"https:\/\/brandss.com.py\/index\/wp-json\/wp\/v2\/media\/63212"}],"wp:attachment":[{"href":"https:\/\/brandss.com.py\/index\/wp-json\/wp\/v2\/media?parent=63211"}],"wp:term":[{"taxonomy":"product_brand","embeddable":true,"href":"https:\/\/brandss.com.py\/index\/wp-json\/wp\/v2\/product_brand?post=63211"},{"taxonomy":"product_cat","embeddable":true,"href":"https:\/\/brandss.com.py\/index\/wp-json\/wp\/v2\/product_cat?post=63211"},{"taxonomy":"product_tag","embeddable":true,"href":"https:\/\/brandss.com.py\/index\/wp-json\/wp\/v2\/product_tag?post=63211"}],"curies":[{"name":"wp","href":"https:\/\/api.w.org\/{rel}","templated":true}]}}