{"id":63215,"date":"2024-12-07T14:46:35","date_gmt":"2024-12-07T14:46:35","guid":{"rendered":"https:\/\/brandss.com.py\/index\/?post_type=product&#038;p=63215"},"modified":"2025-09-24T18:26:31","modified_gmt":"2025-09-24T18:26:31","slug":"gel-limpiador-corporal-miss-rose-miss-care-fresa-200ml","status":"publish","type":"product","link":"https:\/\/brandss.com.py\/index\/producto\/gel-limpiador-corporal-miss-rose-miss-care-fresa-200ml\/","title":{"rendered":"GEL LIMPIADOR CORPORAL MISS ROSE MISS CARE FRESA 200ML"},"content":{"rendered":"<p><img loading=\"lazy\" decoding=\"async\" class=\"\" src=\"https:\/\/missroseofficial.com.pk\/cdn\/shop\/files\/download.png?v=1701971620\" alt=\"Miss Rose Official Website \u2013 Miss Rose\u00ae Official Store\" width=\"173\" height=\"90\" \/><\/p>\n<h1>MISS CARE FRESA<\/h1>\n<p><strong><span>El Gel Limpiador Corporal Fresa de Miss R\u00f4se<\/span><\/strong><span>\u00a0\u00a0es un producto formulado para limpiar la piel de forma suave y eficaz, aportando una sensaci\u00f3n de frescor e hidrataci\u00f3n. Su combinaci\u00f3n de ingredientes ofrece beneficios a la piel, haciendo la experiencia del ba\u00f1o m\u00e1s placentera y tonificante.<\/span><\/p>\n<ul>\n<li><strong><span>Fresa<\/span><\/strong><span>\u00a0: Ricas en antioxidantes, vitaminas y minerales, las fresas tienen propiedades que ayudan a nutrir y suavizar la piel, adem\u00e1s de aportar una fragancia dulce y refrescante.<\/span><\/li>\n<li><strong><span>Aloe Vera<\/span><\/strong><span>\u00a0: Conocido por sus propiedades calmantes e hidratantes, el aloe vera ayuda en la regeneraci\u00f3n de la piel, aliviando posibles irritaciones y manteniendo la piel suave e hidratada.<\/span><\/li>\n<\/ul>\n<p><span>Este gel limpiador es ideal para todo tipo de piel, proporcionando una limpieza profunda sin resecar, dejando la piel suave, hidratada y con un delicado aroma.<\/span><\/p>\n","protected":false},"excerpt":{"rendered":"<p>MISS CARE FRESA El Gel Limpiador Corporal Fresa de Miss R\u00f4se\u00a0\u00a0es un producto formulado para limpiar la piel de forma<\/p>\n","protected":false},"featured_media":63216,"comment_status":"open","ping_status":"closed","template":"","meta":{"nf_dc_page":""},"product_brand":[221],"product_cat":[94],"product_tag":[],"class_list":{"0":"post-63215","1":"product","2":"type-product","3":"status-publish","4":"has-post-thumbnail","6":"product_brand-miss-rose","7":"product_cat-higiene-personal","9":"first","10":"instock","11":"shipping-taxable","12":"purchasable","13":"product-type-simple"},"_links":{"self":[{"href":"https:\/\/brandss.com.py\/index\/wp-json\/wp\/v2\/product\/63215","targetHints":{"allow":["GET"]}}],"collection":[{"href":"https:\/\/brandss.com.py\/index\/wp-json\/wp\/v2\/product"}],"about":[{"href":"https:\/\/brandss.com.py\/index\/wp-json\/wp\/v2\/types\/product"}],"replies":[{"embeddable":true,"href":"https:\/\/brandss.com.py\/index\/wp-json\/wp\/v2\/comments?post=63215"}],"version-history":[{"count":1,"href":"https:\/\/brandss.com.py\/index\/wp-json\/wp\/v2\/product\/63215\/revisions"}],"predecessor-version":[{"id":63218,"href":"https:\/\/brandss.com.py\/index\/wp-json\/wp\/v2\/product\/63215\/revisions\/63218"}],"wp:featuredmedia":[{"embeddable":true,"href":"https:\/\/brandss.com.py\/index\/wp-json\/wp\/v2\/media\/63216"}],"wp:attachment":[{"href":"https:\/\/brandss.com.py\/index\/wp-json\/wp\/v2\/media?parent=63215"}],"wp:term":[{"taxonomy":"product_brand","embeddable":true,"href":"https:\/\/brandss.com.py\/index\/wp-json\/wp\/v2\/product_brand?post=63215"},{"taxonomy":"product_cat","embeddable":true,"href":"https:\/\/brandss.com.py\/index\/wp-json\/wp\/v2\/product_cat?post=63215"},{"taxonomy":"product_tag","embeddable":true,"href":"https:\/\/brandss.com.py\/index\/wp-json\/wp\/v2\/product_tag?post=63215"}],"curies":[{"name":"wp","href":"https:\/\/api.w.org\/{rel}","templated":true}]}}