{"id":63240,"date":"2024-12-07T18:09:51","date_gmt":"2024-12-07T18:09:51","guid":{"rendered":"https:\/\/brandss.com.py\/index\/?post_type=product&#038;p=63240"},"modified":"2025-09-25T11:21:13","modified_gmt":"2025-09-25T11:21:13","slug":"exfoliante-corporal-facial-miss-rose-miss-care-maracuya-280g","status":"publish","type":"product","link":"https:\/\/brandss.com.py\/index\/producto\/exfoliante-corporal-facial-miss-rose-miss-care-maracuya-280g\/","title":{"rendered":"EXFOLIANTE CORPORAL &amp; FACIAL MISS ROSE MISS CARE MARACUY\u00c1 280G"},"content":{"rendered":"<p><img loading=\"lazy\" decoding=\"async\" class=\"\" src=\"https:\/\/missroseofficial.com.pk\/cdn\/shop\/files\/download.png?v=1701971620\" alt=\"Miss Rose Official Website \u2013 Miss Rose\u00ae Official Store\" width=\"142\" height=\"74\" \/><\/p>\n<h1>MISS CARE MARACUY\u00c1<\/h1>\n<p><span>La\u00a0<\/span>Crema Exfoliante Corporal y Facial Miss Care by Miss R\u00f4se<span>\u00a0con fragancia de maracuy\u00e1\u00a0<\/span>ofrece<span>\u00a0una exfoliaci\u00f3n profunda, eliminando impurezas y c\u00e9lulas muertas, dejando la piel renovada y radiante. Ideal para un ba\u00f1o tonificante, su f\u00f3rmula est\u00e1 elaborada para cuidar tanto el cuerpo como el rostro.<\/span><\/p>\n<p><strong><span>Reflejos:<\/span><\/strong><\/p>\n<ul>\n<li><span>Con\u00a0<\/span><strong><span>Vitamina E<\/span><\/strong><span>,\u00a0<\/span><strong><span>Manteca de Karit\u00e9<\/span><\/strong><span>\u00a0y\u00a0<\/span><strong><span>Col\u00e1geno<\/span><\/strong><span>, favorece una potente exfoliaci\u00f3n (nivel 2), a la vez que hidrata delicadamente la piel.<\/span><\/li>\n<li><span>Sin parabenos, vegano y\u00a0<\/span>libre de crueldad.<\/li>\n<li><span>La textura vigorizante de la maracuy\u00e1 deja la piel suave y fragante.<\/span><\/li>\n<\/ul>\n<p><strong><span>Modo de uso:<\/span><\/strong><span>\u00a0Aplicar sobre la piel h\u00fameda, masajear suavemente, aclarar y finalizar con una crema hidratante. Para obtener mejores resultados, utilice de 1 a 2 veces por semana.<\/span><\/p>\n","protected":false},"excerpt":{"rendered":"<p>MISS CARE MARACUY\u00c1 La\u00a0Crema Exfoliante Corporal y Facial Miss Care by Miss R\u00f4se\u00a0con fragancia de maracuy\u00e1\u00a0ofrece\u00a0una exfoliaci\u00f3n profunda, eliminando impurezas<\/p>\n","protected":false},"featured_media":63241,"comment_status":"open","ping_status":"closed","template":"","meta":{"nf_dc_page":""},"product_brand":[221],"product_cat":[94],"product_tag":[],"class_list":{"0":"post-63240","1":"product","2":"type-product","3":"status-publish","4":"has-post-thumbnail","6":"product_brand-miss-rose","7":"product_cat-higiene-personal","9":"first","10":"instock","11":"shipping-taxable","12":"purchasable","13":"product-type-simple"},"_links":{"self":[{"href":"https:\/\/brandss.com.py\/index\/wp-json\/wp\/v2\/product\/63240","targetHints":{"allow":["GET"]}}],"collection":[{"href":"https:\/\/brandss.com.py\/index\/wp-json\/wp\/v2\/product"}],"about":[{"href":"https:\/\/brandss.com.py\/index\/wp-json\/wp\/v2\/types\/product"}],"replies":[{"embeddable":true,"href":"https:\/\/brandss.com.py\/index\/wp-json\/wp\/v2\/comments?post=63240"}],"version-history":[{"count":1,"href":"https:\/\/brandss.com.py\/index\/wp-json\/wp\/v2\/product\/63240\/revisions"}],"predecessor-version":[{"id":63245,"href":"https:\/\/brandss.com.py\/index\/wp-json\/wp\/v2\/product\/63240\/revisions\/63245"}],"wp:featuredmedia":[{"embeddable":true,"href":"https:\/\/brandss.com.py\/index\/wp-json\/wp\/v2\/media\/63241"}],"wp:attachment":[{"href":"https:\/\/brandss.com.py\/index\/wp-json\/wp\/v2\/media?parent=63240"}],"wp:term":[{"taxonomy":"product_brand","embeddable":true,"href":"https:\/\/brandss.com.py\/index\/wp-json\/wp\/v2\/product_brand?post=63240"},{"taxonomy":"product_cat","embeddable":true,"href":"https:\/\/brandss.com.py\/index\/wp-json\/wp\/v2\/product_cat?post=63240"},{"taxonomy":"product_tag","embeddable":true,"href":"https:\/\/brandss.com.py\/index\/wp-json\/wp\/v2\/product_tag?post=63240"}],"curies":[{"name":"wp","href":"https:\/\/api.w.org\/{rel}","templated":true}]}}