{"id":63268,"date":"2024-12-07T18:58:24","date_gmt":"2024-12-07T18:58:24","guid":{"rendered":"https:\/\/brandss.com.py\/index\/?post_type=product&#038;p=63268"},"modified":"2025-09-25T11:46:12","modified_gmt":"2025-09-25T11:46:12","slug":"exfoliante-corporal-miss-rose-miss-care-aurora-imperial-250g","status":"publish","type":"product","link":"https:\/\/brandss.com.py\/index\/producto\/exfoliante-corporal-miss-rose-miss-care-aurora-imperial-250g\/","title":{"rendered":"EXFOLIANTE CORPORAL MISS ROSE MISS CARE AURORA IMPERIAL 250G"},"content":{"rendered":"<p><img loading=\"lazy\" decoding=\"async\" class=\"\" src=\"https:\/\/missroseofficial.com.pk\/cdn\/shop\/files\/download.png?v=1701971620\" alt=\"Miss Rose Official Website \u2013 Miss Rose\u00ae Official Store\" width=\"177\" height=\"92\" \/><\/p>\n<h1>MISS CARE AURORA IMPERIAL<\/h1>\n<div class=\"ui-pdp-container__row\">\n<div class=\"ui-pdp-container__col col-1\">\n<div class=\"ui-pdp-collapsable ui-pdp-description-collapse\">\n<div class=\"ui-pdp-collapsable__container\">\n<div class=\"ui-pdp-description pl-24 pr-24 ui-pdp-collapsable--is-collapsed\">\n<p class=\"ui-pdp-description__content\"><span>El exfoliante corporal Aurora Imperial Miss Ros\u00ea es un producto eficaz, dise\u00f1ado para exfoliar la piel a la vez que proporciona una experiencia sensorial de lujo. Su f\u00f3rmula contiene suaves part\u00edculas exfoliantes, que eliminan las c\u00e9lulas muertas de la piel, promoviendo la delicada renovaci\u00f3n celular y dejando la piel m\u00e1s suave y revitalizada.<\/span><\/p>\n<p><span>Lo m\u00e1s destacado de este exfoliante es su envolvente aroma Floral de Chipre, que transforma la hora del ba\u00f1o en un ritual placentero, con una fragancia lujosa y reconfortante que recuerda los irresistibles aromas de Oriente. Adem\u00e1s del atractivo sensorial, el exfoliante de Miss Ros\u00ea tambi\u00e9n est\u00e1 enriquecido con ingredientes humectantes que ayudan a nutrir la piel, previniendo la sensaci\u00f3n de sequedad despu\u00e9s de su uso.<\/span><\/p>\n<p><span>Su textura cremosa facilita la aplicaci\u00f3n y garantiza una exfoliaci\u00f3n eficaz, sin da\u00f1ar la piel. Es ideal para todo tipo de piel, ofreciendo resultados visibles desde las primeras aplicaciones, como una piel m\u00e1s tersa, suave y con un brillo natural.<\/span><\/p>\n<p><span>El uso recomendado es aplicar sobre la piel h\u00fameda, masajeando suavemente con movimientos circulares, especialmente en las zonas secas, como codos, rodillas y talones. Despu\u00e9s del enjuague, la piel no s\u00f3lo queda suave, sino tambi\u00e9n deliciosamente perfumada con un aroma seductor.<\/span><\/p>\n<p><span>El exfoliante Aurora Imperial de Miss Ros\u00ea es perfecto para quienes buscan una combinaci\u00f3n de cuidado corporal con una experiencia sensorial indulgente y sensual.<\/span><\/p>\n<\/div>\n<\/div>\n<\/div>\n<\/div>\n<\/div>\n<div class=\"ui-pdp-container__row\">\n<div class=\"ui-pdp-container__col col-1\"><\/div>\n<\/div>\n<div class=\"ui-pdp-container__row ui-pdp-recommendations-row\">\n<div class=\"ui-pdp-container__col col-1\">\n<div class=\"ui-pdp-spot-middle\">\n<section class=\"ui-recommendations-carousel-wrapper-ref\">\n<div class=\"ui-recommendations-carousel-snapped mt-40 mb-40 ui-pdp-spot-middle__separator recos-override__card-vertical\">\n<div class=\"ui-recommendations-carousel-snapped__header\">\n<div class=\"ui-recommendations-carousel-snapped__header-titles\"><\/div>\n<\/div>\n<\/div>\n<\/section>\n<\/div>\n<\/div>\n<\/div>\n","protected":false},"excerpt":{"rendered":"<p>MISS CARE AURORA IMPERIAL El exfoliante corporal Aurora Imperial Miss Ros\u00ea es un producto eficaz, dise\u00f1ado para exfoliar la piel<\/p>\n","protected":false},"featured_media":63269,"comment_status":"open","ping_status":"closed","template":"","meta":{"nf_dc_page":""},"product_brand":[221],"product_cat":[94],"product_tag":[],"class_list":{"0":"post-63268","1":"product","2":"type-product","3":"status-publish","4":"has-post-thumbnail","6":"product_brand-miss-rose","7":"product_cat-higiene-personal","9":"first","10":"instock","11":"shipping-taxable","12":"purchasable","13":"product-type-simple"},"_links":{"self":[{"href":"https:\/\/brandss.com.py\/index\/wp-json\/wp\/v2\/product\/63268","targetHints":{"allow":["GET"]}}],"collection":[{"href":"https:\/\/brandss.com.py\/index\/wp-json\/wp\/v2\/product"}],"about":[{"href":"https:\/\/brandss.com.py\/index\/wp-json\/wp\/v2\/types\/product"}],"replies":[{"embeddable":true,"href":"https:\/\/brandss.com.py\/index\/wp-json\/wp\/v2\/comments?post=63268"}],"version-history":[{"count":1,"href":"https:\/\/brandss.com.py\/index\/wp-json\/wp\/v2\/product\/63268\/revisions"}],"predecessor-version":[{"id":63274,"href":"https:\/\/brandss.com.py\/index\/wp-json\/wp\/v2\/product\/63268\/revisions\/63274"}],"wp:featuredmedia":[{"embeddable":true,"href":"https:\/\/brandss.com.py\/index\/wp-json\/wp\/v2\/media\/63269"}],"wp:attachment":[{"href":"https:\/\/brandss.com.py\/index\/wp-json\/wp\/v2\/media?parent=63268"}],"wp:term":[{"taxonomy":"product_brand","embeddable":true,"href":"https:\/\/brandss.com.py\/index\/wp-json\/wp\/v2\/product_brand?post=63268"},{"taxonomy":"product_cat","embeddable":true,"href":"https:\/\/brandss.com.py\/index\/wp-json\/wp\/v2\/product_cat?post=63268"},{"taxonomy":"product_tag","embeddable":true,"href":"https:\/\/brandss.com.py\/index\/wp-json\/wp\/v2\/product_tag?post=63268"}],"curies":[{"name":"wp","href":"https:\/\/api.w.org\/{rel}","templated":true}]}}