{"id":63289,"date":"2024-12-09T11:40:27","date_gmt":"2024-12-09T11:40:27","guid":{"rendered":"https:\/\/brandss.com.py\/index\/?post_type=product&#038;p=63289"},"modified":"2025-09-25T11:52:11","modified_gmt":"2025-09-25T11:52:11","slug":"gel-exfoliante-corporal-miss-rose-pink-mango-180ml","status":"publish","type":"product","link":"https:\/\/brandss.com.py\/index\/producto\/gel-exfoliante-corporal-miss-rose-pink-mango-180ml\/","title":{"rendered":"GEL EXFOLIANTE CORPORAL MISS ROSE PINK MANGO 180ML"},"content":{"rendered":"<p><img loading=\"lazy\" decoding=\"async\" class=\"\" src=\"https:\/\/missroseofficial.com.pk\/cdn\/shop\/files\/download.png?v=1701971620\" alt=\"Miss Rose Official Website \u2013 Miss Rose\u00ae Official Store\" width=\"115\" height=\"60\" \/><\/p>\n<h1>PINK ROSA<\/h1>\n<p>Revitaliza tu piel con Miss R\u00f4se Body Scrub: \u00a1el toque de suavidad que tu piel merece!<\/p>\n<p>Miss R\u00f4se Body Scrub es la soluci\u00f3n ideal para quienes buscan una exfoliaci\u00f3n eficaz y delicada. Con \u00e9l, tu piel quedar\u00e1 m\u00e1s suave, renovada y libre de impurezas, promoviendo una refrescante sensaci\u00f3n de frescor. <span>El\u00a0<\/span><strong><span>Exfoliante Pink Mango<\/span><\/strong><span> es una deliciosa combinaci\u00f3n de ingredientes que promueve la renovaci\u00f3n celular y deja la piel suave y radiante.\u00a0<\/span><span>Con part\u00edculas exfoliantes naturales y el dulce aroma tropical del mango rosa, proporciona una experiencia sensorial incre\u00edble. <\/span><span>Adem\u00e1s de exfoliar, el mango es rico en vitaminas y antioxidantes, ayudando a hidratar y revitalizar la piel.<\/span><\/p>\n<p><span>Ideal para usar en la ducha, este exfoliante deja una sensaci\u00f3n de frescor y suavidad, \u00a1haciendo tu rutina de cuidado de la piel a\u00fan m\u00e1s placentera!<\/span><\/p>\n<h4><strong>Principales beneficios:<\/strong><\/h4>\n<p><strong>Exfoliaci\u00f3n suave:<\/strong> Elimina c\u00e9lulas muertas e impurezas, dejando la piel m\u00e1s tersa y suave al tacto.<br \/>\n<strong>F\u00f3rmula Enriquecida:<\/strong> Con ingredientes que hidratan y nutren, promoviendo suavidad y tersura duradera.<br \/>\n<strong>Uso Diario:<\/strong> Puede usarse en el ba\u00f1o, haciendo a\u00fan m\u00e1s pr\u00e1ctica y placentera tu rutina de cuidado de la piel.<\/p>\n<h4>C\u00f3mo utilizar:<\/h4>\n<p>Aplicar una cantidad generosa del exfoliante en las zonas deseadas, masajeando suavemente con movimientos circulares. \u00a1Aclara bien y siente tu piel instant\u00e1neamente m\u00e1s renovada!<\/p>\n","protected":false},"excerpt":{"rendered":"<p>PINK ROSA Revitaliza tu piel con Miss R\u00f4se Body Scrub: \u00a1el toque de suavidad que tu piel merece! Miss R\u00f4se<\/p>\n","protected":false},"featured_media":63290,"comment_status":"open","ping_status":"closed","template":"","meta":{"nf_dc_page":""},"product_brand":[221],"product_cat":[94],"product_tag":[],"class_list":{"0":"post-63289","1":"product","2":"type-product","3":"status-publish","4":"has-post-thumbnail","6":"product_brand-miss-rose","7":"product_cat-higiene-personal","9":"first","10":"instock","11":"shipping-taxable","12":"purchasable","13":"product-type-simple"},"_links":{"self":[{"href":"https:\/\/brandss.com.py\/index\/wp-json\/wp\/v2\/product\/63289","targetHints":{"allow":["GET"]}}],"collection":[{"href":"https:\/\/brandss.com.py\/index\/wp-json\/wp\/v2\/product"}],"about":[{"href":"https:\/\/brandss.com.py\/index\/wp-json\/wp\/v2\/types\/product"}],"replies":[{"embeddable":true,"href":"https:\/\/brandss.com.py\/index\/wp-json\/wp\/v2\/comments?post=63289"}],"version-history":[{"count":1,"href":"https:\/\/brandss.com.py\/index\/wp-json\/wp\/v2\/product\/63289\/revisions"}],"predecessor-version":[{"id":63294,"href":"https:\/\/brandss.com.py\/index\/wp-json\/wp\/v2\/product\/63289\/revisions\/63294"}],"wp:featuredmedia":[{"embeddable":true,"href":"https:\/\/brandss.com.py\/index\/wp-json\/wp\/v2\/media\/63290"}],"wp:attachment":[{"href":"https:\/\/brandss.com.py\/index\/wp-json\/wp\/v2\/media?parent=63289"}],"wp:term":[{"taxonomy":"product_brand","embeddable":true,"href":"https:\/\/brandss.com.py\/index\/wp-json\/wp\/v2\/product_brand?post=63289"},{"taxonomy":"product_cat","embeddable":true,"href":"https:\/\/brandss.com.py\/index\/wp-json\/wp\/v2\/product_cat?post=63289"},{"taxonomy":"product_tag","embeddable":true,"href":"https:\/\/brandss.com.py\/index\/wp-json\/wp\/v2\/product_tag?post=63289"}],"curies":[{"name":"wp","href":"https:\/\/api.w.org\/{rel}","templated":true}]}}