{"id":63295,"date":"2024-12-09T12:13:53","date_gmt":"2024-12-09T12:13:53","guid":{"rendered":"https:\/\/brandss.com.py\/index\/?post_type=product&#038;p=63295"},"modified":"2025-09-24T18:43:25","modified_gmt":"2025-09-24T18:43:25","slug":"mascarilla-capilar-loreal-serie-expert-shine-blonde-tonificante-viole-500ml","status":"publish","type":"product","link":"https:\/\/brandss.com.py\/index\/producto\/mascarilla-capilar-loreal-serie-expert-shine-blonde-tonificante-viole-500ml\/","title":{"rendered":"MASCARILLA CAPILAR L&#8217;OR\u00c9AL SERIE EXPERT SHINE BLONDE TONIFICANTE VIOLE 500ML"},"content":{"rendered":"<p><img loading=\"lazy\" decoding=\"async\" class=\"\" src=\"https:\/\/magees.ie\/blog\/wp-content\/uploads\/2018\/07\/loreal-logo.png\" alt=\"loreal logo |\" width=\"148\" height=\"43\" \/><\/p>\n<h1>SHINE BLONDE<\/h1>\n<p>La m\u00e1scara con color LOr\u00e9al Professionnel Shine Blonde nutre, alinea las hebras, recupera, restaura la salud de tu cabello, ilumina las hebras y elimina el tono amarillo. Adem\u00e1s, es perfecto para cabellos rubios o con mechas.<\/p>\n<p>L\u2019Or\u00e9al Professionnel Shine Blonde, Mascarilla Matizadora\u00a0tiene una f\u00f3rmula poderosa y tiene la acci\u00f3n de\u00a0C\u00e9raviolet\u00a0que tiene una alta concentraci\u00f3n de Pigmentos Violetas que promueven la neutralizaci\u00f3n inmediata para eliminar los tonos amarillentos no deseados.<\/p>\n<p>Aceite de Babas\u00fa Org\u00e1nic<b>o\u00a0<\/b>que promueve una nutrici\u00f3n profunda que deja el cabello s\u00faper suave. Adem\u00e1s de alinear las cut\u00edculas.<\/p>\n<p>L\u2019Or\u00e9al Professionnel Shine Blonde Tinting Mask\u00a0deja tu cabello con un rubio m\u00e1s puro, recuperado, suave, con un brillo luminoso, nutrido y saludable.<\/p>\n<h4>Consejo de Aplicaci\u00f3n:<\/h4>\n<ul>\n<li>Aplicar sobre el cabello lavado y h\u00famedo.<\/li>\n<li>Dejar en el tiempo de descanso de 3 a 5 minutos.<\/li>\n<li>Para un resultado a\u00fan m\u00e1s neutralizado, haga una pausa de hasta 10 minutos, pero est\u00e9 atento para no excederse y fallar los hilos (perder el tono deseado).<\/li>\n<li>Enjuagar.<\/li>\n<li>Se recomienda usarlo solo una vez por semana o seg\u00fan sea necesario.<\/li>\n<\/ul>\n<p>Contiene:\u00a0LOr\u00e9al Professionnel Shine Blonde, Mascarilla con tinte.<\/p>\n","protected":false},"excerpt":{"rendered":"<p>SHINE BLONDE La m\u00e1scara con color LOr\u00e9al Professionnel Shine Blonde nutre, alinea las hebras, recupera, restaura la salud de tu<\/p>\n","protected":false},"featured_media":63296,"comment_status":"open","ping_status":"closed","template":"","meta":{"nf_dc_page":""},"product_brand":[349],"product_cat":[85],"product_tag":[],"class_list":{"0":"post-63295","1":"product","2":"type-product","3":"status-publish","4":"has-post-thumbnail","6":"product_brand-loreal","7":"product_cat-cosmeticos","9":"first","10":"instock","11":"shipping-taxable","12":"purchasable","13":"product-type-simple"},"_links":{"self":[{"href":"https:\/\/brandss.com.py\/index\/wp-json\/wp\/v2\/product\/63295","targetHints":{"allow":["GET"]}}],"collection":[{"href":"https:\/\/brandss.com.py\/index\/wp-json\/wp\/v2\/product"}],"about":[{"href":"https:\/\/brandss.com.py\/index\/wp-json\/wp\/v2\/types\/product"}],"replies":[{"embeddable":true,"href":"https:\/\/brandss.com.py\/index\/wp-json\/wp\/v2\/comments?post=63295"}],"version-history":[{"count":1,"href":"https:\/\/brandss.com.py\/index\/wp-json\/wp\/v2\/product\/63295\/revisions"}],"predecessor-version":[{"id":63299,"href":"https:\/\/brandss.com.py\/index\/wp-json\/wp\/v2\/product\/63295\/revisions\/63299"}],"wp:featuredmedia":[{"embeddable":true,"href":"https:\/\/brandss.com.py\/index\/wp-json\/wp\/v2\/media\/63296"}],"wp:attachment":[{"href":"https:\/\/brandss.com.py\/index\/wp-json\/wp\/v2\/media?parent=63295"}],"wp:term":[{"taxonomy":"product_brand","embeddable":true,"href":"https:\/\/brandss.com.py\/index\/wp-json\/wp\/v2\/product_brand?post=63295"},{"taxonomy":"product_cat","embeddable":true,"href":"https:\/\/brandss.com.py\/index\/wp-json\/wp\/v2\/product_cat?post=63295"},{"taxonomy":"product_tag","embeddable":true,"href":"https:\/\/brandss.com.py\/index\/wp-json\/wp\/v2\/product_tag?post=63295"}],"curies":[{"name":"wp","href":"https:\/\/api.w.org\/{rel}","templated":true}]}}