{"id":63300,"date":"2024-12-09T12:28:36","date_gmt":"2024-12-09T12:28:36","guid":{"rendered":"https:\/\/brandss.com.py\/index\/?post_type=product&#038;p=63300"},"modified":"2024-12-09T12:29:43","modified_gmt":"2024-12-09T12:29:43","slug":"camiseta-deportivo-femenino-fila-tennis-graphics-iii","status":"publish","type":"product","link":"https:\/\/brandss.com.py\/index\/producto\/camiseta-deportivo-femenino-fila-tennis-graphics-iii\/","title":{"rendered":"CAMISETA DEPORTIVO FEMENINO FILA TENNIS GRAPHICS III"},"content":{"rendered":"<p><img loading=\"lazy\" decoding=\"async\" class=\"\" src=\"https:\/\/1000marcas.net\/wp-content\/uploads\/2019\/12\/logo-Fila.png\" alt=\"Logo de Fila: la historia y el significado del logotipo, la marca y el  s\u00edmbolo. | png, vector\" width=\"178\" height=\"100\" \/><\/p>\n<h1>TENNIS GRAPHICS III<\/h1>\n<div class=\"flex flex-col gap-1\"><span class=\"text-[#19191a] text-xs\"><span>\u00a1La camiseta corta para mujer FILA Tennis Graphics III es una pieza que destaca en cualquier look! El modelado es regular y c\u00f3modo en forma de caja y de longitud corta. El producto est\u00e1 confeccionado con tejido de algod\u00f3n sostenible con el sello BCI (Better Cotton Initiative).<\/span><\/span><\/div>\n<div><\/div>\n<h3>Detalles:<\/h3>\n<div class=\"flex flex-col gap-1\"><strong><span class=\"text-[#19191a] text-xs font-bold\">Disciplina: <\/span><\/strong><span class=\"text-[#19191a] text-xs\"><span>Tenis<\/span><\/span><\/div>\n<div class=\"flex flex-col gap-1\"><strong><span class=\"text-[#19191a] text-xs font-bold\">Color: <\/span><\/strong><span class=\"text-[#19191a] text-xs\"><span>Naranja coral<\/span><\/span><\/div>\n<div class=\"flex flex-col gap-1\"><strong><span class=\"text-[#19191a] text-xs font-bold\">G\u00e9nero: <\/span><\/strong><span class=\"text-[#19191a] text-xs\"><span>Femenino<\/span><\/span><\/div>\n<div class=\"flex flex-col gap-1\"><strong><span class=\"text-[#19191a] text-xs font-bold\">Composici\u00f3n: <\/span><\/strong><span class=\"text-[#19191a] text-xs\"><span>CUERPO: 100% &#8211; ALGOD\u00d3N<\/span><\/span><\/div>\n<div class=\"flex flex-col gap-1\"><span class=\"text-[#aaa] text-sm\"><span><strong>Modelo:<\/strong> F12TN00563_3575_3289472<\/span><\/span><\/div>\n","protected":false},"excerpt":{"rendered":"<p>TENNIS GRAPHICS III \u00a1La camiseta corta para mujer FILA Tennis Graphics III es una pieza que destaca en cualquier look!<\/p>\n","protected":false},"featured_media":63301,"comment_status":"open","ping_status":"closed","template":"","meta":{"nf_dc_page":""},"product_brand":[],"product_cat":[73],"product_tag":[],"class_list":{"0":"post-63300","1":"product","2":"type-product","3":"status-publish","4":"has-post-thumbnail","6":"product_cat-femenino","8":"first","9":"instock","10":"shipping-taxable","11":"purchasable","12":"product-type-simple"},"_links":{"self":[{"href":"https:\/\/brandss.com.py\/index\/wp-json\/wp\/v2\/product\/63300","targetHints":{"allow":["GET"]}}],"collection":[{"href":"https:\/\/brandss.com.py\/index\/wp-json\/wp\/v2\/product"}],"about":[{"href":"https:\/\/brandss.com.py\/index\/wp-json\/wp\/v2\/types\/product"}],"replies":[{"embeddable":true,"href":"https:\/\/brandss.com.py\/index\/wp-json\/wp\/v2\/comments?post=63300"}],"version-history":[{"count":1,"href":"https:\/\/brandss.com.py\/index\/wp-json\/wp\/v2\/product\/63300\/revisions"}],"predecessor-version":[{"id":63306,"href":"https:\/\/brandss.com.py\/index\/wp-json\/wp\/v2\/product\/63300\/revisions\/63306"}],"wp:featuredmedia":[{"embeddable":true,"href":"https:\/\/brandss.com.py\/index\/wp-json\/wp\/v2\/media\/63301"}],"wp:attachment":[{"href":"https:\/\/brandss.com.py\/index\/wp-json\/wp\/v2\/media?parent=63300"}],"wp:term":[{"taxonomy":"product_brand","embeddable":true,"href":"https:\/\/brandss.com.py\/index\/wp-json\/wp\/v2\/product_brand?post=63300"},{"taxonomy":"product_cat","embeddable":true,"href":"https:\/\/brandss.com.py\/index\/wp-json\/wp\/v2\/product_cat?post=63300"},{"taxonomy":"product_tag","embeddable":true,"href":"https:\/\/brandss.com.py\/index\/wp-json\/wp\/v2\/product_tag?post=63300"}],"curies":[{"name":"wp","href":"https:\/\/api.w.org\/{rel}","templated":true}]}}