{"id":63429,"date":"2024-12-10T12:48:24","date_gmt":"2024-12-10T12:48:24","guid":{"rendered":"https:\/\/brandss.com.py\/index\/?post_type=product&#038;p=63429"},"modified":"2026-04-11T13:25:41","modified_gmt":"2026-04-11T13:25:41","slug":"leggings-deportivo-femenino-lets-gym-strip","status":"publish","type":"product","link":"https:\/\/brandss.com.py\/index\/producto\/leggings-deportivo-femenino-lets-gym-strip\/","title":{"rendered":"LEGGINGS DEPORTIVO FEMENINO LET\u00b4S GYM STRIP"},"content":{"rendered":"<p><img loading=\"lazy\" decoding=\"async\" class=\"\" src=\"https:\/\/images.jumpseller.com\/store\/letsgym\/store\/cover\/logo_letsgym_horizontal_fundobranco.png?1700228629\" alt=\"Contacto | Let's Gym\" width=\"54\" height=\"54\" \/><\/p>\n<h1>STRIP<\/h1>\n<p><span>Modelo diferenciado que le da un aire moderno y estilizado a la pieza. Modelados y<\/span><br \/>\n<span>cortes que realzan las siluetas. Cuenta con una combinaci\u00f3n de tejidos de compresi\u00f3n media y alta con una textura que recuerda al tejido acanalado y liso. Presenta una cinturilla m\u00e1s delgada que es el encanto de este modelo. Como firma de la marca, viene con una moderna etiqueta termoadhesiva y clip elaborada a partir de bordado.<\/span><\/p>\n<h4>Caracter\u00edsticas<\/h4>\n<p><strong>Nuevo lanzamiento:<\/strong> Very Hot Very Sexy<\/p>\n<p><strong>Grado de alto rendimiento:<\/strong> dise\u00f1ado para entrenamientos de fuerza y \u200b\u200bcardio de alta intensidad<\/p>\n<p><strong>ActiFresh Anti Bacterial:<\/strong> capacidad de absorci\u00f3n de humedad; te mantiene seco<\/p>\n<p><strong>Altamente flexible y c\u00f3modo:<\/strong> la tela de lycra Supplex es el\u00e1stica, suave y c\u00f3moda; se mueve con tu cuerpo<\/p>\n<p><strong>Protecci\u00f3n UV:<\/strong> brinda protecci\u00f3n para hacer ejercicio al aire libre<\/p>\n<p><strong>Duradero:<\/strong> la tela resiste desgarros y perforaciones<\/p>\n<p><strong>Color vibrante:<\/strong> esta combinaci\u00f3n de colores te distingue de la multitud<\/p>\n<p><span><strong>Estilo:<\/strong> Entallado y con compresi\u00f3n<\/span><\/p>\n<p><span><strong>Tela:<\/strong> Wonder, Maxxi y Microfibra<\/span><\/p>\n<p><span><strong>Ccomposici\u00f3n:<\/strong> 77% poliamida, 23% elastano \/ 84% poliamida, 16% elastano<\/span><\/p>\n<p><span><strong>Color:<\/strong> Rosa\/ Rojo.<\/span><\/p>\n","protected":false},"excerpt":{"rendered":"<p>STRIP Modelo diferenciado que le da un aire moderno y estilizado a la pieza. Modelados y cortes que realzan las<\/p>\n","protected":false},"featured_media":63430,"comment_status":"open","ping_status":"closed","template":"","meta":{"nf_dc_page":""},"product_brand":[],"product_cat":[73],"product_tag":[],"class_list":{"0":"post-63429","1":"product","2":"type-product","3":"status-publish","4":"has-post-thumbnail","6":"product_cat-femenino","8":"first","9":"outofstock","10":"shipping-taxable","11":"purchasable","12":"product-type-simple"},"_links":{"self":[{"href":"https:\/\/brandss.com.py\/index\/wp-json\/wp\/v2\/product\/63429","targetHints":{"allow":["GET"]}}],"collection":[{"href":"https:\/\/brandss.com.py\/index\/wp-json\/wp\/v2\/product"}],"about":[{"href":"https:\/\/brandss.com.py\/index\/wp-json\/wp\/v2\/types\/product"}],"replies":[{"embeddable":true,"href":"https:\/\/brandss.com.py\/index\/wp-json\/wp\/v2\/comments?post=63429"}],"version-history":[{"count":1,"href":"https:\/\/brandss.com.py\/index\/wp-json\/wp\/v2\/product\/63429\/revisions"}],"predecessor-version":[{"id":63437,"href":"https:\/\/brandss.com.py\/index\/wp-json\/wp\/v2\/product\/63429\/revisions\/63437"}],"wp:featuredmedia":[{"embeddable":true,"href":"https:\/\/brandss.com.py\/index\/wp-json\/wp\/v2\/media\/63430"}],"wp:attachment":[{"href":"https:\/\/brandss.com.py\/index\/wp-json\/wp\/v2\/media?parent=63429"}],"wp:term":[{"taxonomy":"product_brand","embeddable":true,"href":"https:\/\/brandss.com.py\/index\/wp-json\/wp\/v2\/product_brand?post=63429"},{"taxonomy":"product_cat","embeddable":true,"href":"https:\/\/brandss.com.py\/index\/wp-json\/wp\/v2\/product_cat?post=63429"},{"taxonomy":"product_tag","embeddable":true,"href":"https:\/\/brandss.com.py\/index\/wp-json\/wp\/v2\/product_tag?post=63429"}],"curies":[{"name":"wp","href":"https:\/\/api.w.org\/{rel}","templated":true}]}}