{"id":63438,"date":"2024-12-10T13:08:36","date_gmt":"2024-12-10T13:08:36","guid":{"rendered":"https:\/\/brandss.com.py\/index\/?post_type=product&#038;p=63438"},"modified":"2026-04-11T13:25:41","modified_gmt":"2026-04-11T13:25:41","slug":"leggings-deportivo-femenino-lets-gym-arnold","status":"publish","type":"product","link":"https:\/\/brandss.com.py\/index\/producto\/leggings-deportivo-femenino-lets-gym-arnold\/","title":{"rendered":"LEGGINGS DEPORTIVO FEMENINO LET\u00b4S GYM ARNOLD"},"content":{"rendered":"<p><img loading=\"lazy\" decoding=\"async\" class=\"\" src=\"https:\/\/images.jumpseller.com\/store\/letsgym\/store\/cover\/logo_letsgym_horizontal_fundobranco.png?1700228629\" alt=\"Contacto | Let's Gym\" width=\"94\" height=\"94\" \/><\/p>\n<h1>ARNOLD<\/h1>\n<p>Con diferentes modelados, estrat\u00e9gicamente dise\u00f1ados para resaltar la silueta, cuenta con nuestro exclusivo push up &#8221;butt lift&#8221;. Lo m\u00e1s destacado es el estampado en todo el lateral de la prenda.<\/p>\n<p>&nbsp;<\/p>\n<p><strong>Beneficios:<\/strong><\/p>\n<p>Protecci\u00f3n UV50+ | Alta elasticidad.<\/p>\n<p><strong>Tela:<\/strong> Wonder + Maxxi (tejido de alta compresi\u00f3n).<\/p>\n<p><strong>Composici\u00f3n:<\/strong> 77% poliamida 23% elastano.<\/p>\n<p><strong>Composici\u00f3n:<\/strong> 85% poliamida 15% elastano<\/p>\n<p><strong>Color:<\/strong> rojo rub\u00ed.<\/p>\n<p><strong>Marca:<\/strong> Let&#8217;s Gym.<\/p>\n<p><strong>Colecci\u00f3n:<\/strong> Poderosa.<\/p>\n","protected":false},"excerpt":{"rendered":"<p>ARNOLD Con diferentes modelados, estrat\u00e9gicamente dise\u00f1ados para resaltar la silueta, cuenta con nuestro exclusivo push up &#8221;butt lift&#8221;. Lo m\u00e1s<\/p>\n","protected":false},"featured_media":63439,"comment_status":"open","ping_status":"closed","template":"","meta":{"nf_dc_page":""},"product_brand":[],"product_cat":[73],"product_tag":[],"class_list":{"0":"post-63438","1":"product","2":"type-product","3":"status-publish","4":"has-post-thumbnail","6":"product_cat-femenino","8":"first","9":"outofstock","10":"shipping-taxable","11":"purchasable","12":"product-type-simple"},"_links":{"self":[{"href":"https:\/\/brandss.com.py\/index\/wp-json\/wp\/v2\/product\/63438","targetHints":{"allow":["GET"]}}],"collection":[{"href":"https:\/\/brandss.com.py\/index\/wp-json\/wp\/v2\/product"}],"about":[{"href":"https:\/\/brandss.com.py\/index\/wp-json\/wp\/v2\/types\/product"}],"replies":[{"embeddable":true,"href":"https:\/\/brandss.com.py\/index\/wp-json\/wp\/v2\/comments?post=63438"}],"version-history":[{"count":2,"href":"https:\/\/brandss.com.py\/index\/wp-json\/wp\/v2\/product\/63438\/revisions"}],"predecessor-version":[{"id":63446,"href":"https:\/\/brandss.com.py\/index\/wp-json\/wp\/v2\/product\/63438\/revisions\/63446"}],"wp:featuredmedia":[{"embeddable":true,"href":"https:\/\/brandss.com.py\/index\/wp-json\/wp\/v2\/media\/63439"}],"wp:attachment":[{"href":"https:\/\/brandss.com.py\/index\/wp-json\/wp\/v2\/media?parent=63438"}],"wp:term":[{"taxonomy":"product_brand","embeddable":true,"href":"https:\/\/brandss.com.py\/index\/wp-json\/wp\/v2\/product_brand?post=63438"},{"taxonomy":"product_cat","embeddable":true,"href":"https:\/\/brandss.com.py\/index\/wp-json\/wp\/v2\/product_cat?post=63438"},{"taxonomy":"product_tag","embeddable":true,"href":"https:\/\/brandss.com.py\/index\/wp-json\/wp\/v2\/product_tag?post=63438"}],"curies":[{"name":"wp","href":"https:\/\/api.w.org\/{rel}","templated":true}]}}