{"id":63462,"date":"2024-12-10T14:32:14","date_gmt":"2024-12-10T14:32:14","guid":{"rendered":"https:\/\/brandss.com.py\/index\/?post_type=product&#038;p=63462"},"modified":"2026-01-12T13:20:55","modified_gmt":"2026-01-12T13:20:55","slug":"leggings-deportivo-femenino-nike-sportswear-essential-graphics","status":"publish","type":"product","link":"https:\/\/brandss.com.py\/index\/producto\/leggings-deportivo-femenino-nike-sportswear-essential-graphics\/","title":{"rendered":"LEGGINGS DEPORTIVO FEMENINO NIKE SPORTSWEAR ESSENTIAL GRAPHICS"},"content":{"rendered":"<p><img loading=\"lazy\" decoding=\"async\" class=\"\" src=\"https:\/\/1000marcas.net\/wp-content\/uploads\/2019\/11\/Logo-Nike-.png\" alt=\"Logo de Nike: la historia y el significado del logotipo, la marca y el  s\u00edmbolo. | png, vector\" width=\"112\" height=\"63\" \/><\/p>\n<h1>SPORTSWEAR ESSENTIAL GRAPHICS<\/h1>\n<p class=\"nds-text pb4-sm css-1gn9yhm e1yhcai00 appearance-body1 color-primary weight-bold\" data-testid=\"product-reason-to-buy\"><strong>UN ABSOLUTO IMPRESCINDIBLE.<\/strong><\/p>\n<p class=\"nds-text pb4-sm css-qtj9g7 e1yhcai00 appearance-body1 color-primary weight-regular\" data-testid=\"product-description\"><span>Los leggings Nike Sportswear son el complemento perfecto para tus camisetas y tops favoritos. Tienen un dise\u00f1o de tiro alto y una cintura el\u00e1stica que se ajusta por encima del ombligo. La suave mezcla de algod\u00f3n absorbe el sudor, lo que hace que estos leggings largos sean una opci\u00f3n f\u00e1cil para usar todos los d\u00edas.<\/span><\/p>\n<div data-testid=\"benefit-section\">\n<h4 class=\"nds-text pb2-sm css-1m2rxfq e1yhcai00 appearance-title4 color-primary weight-regular\" data-testid=\"benefit-header\"><span>Comodidad que absorbe el sudor<\/span><\/h4>\n<p class=\"nds-text pb4-sm css-ris3xr e1yhcai00 appearance-body2 color-primary weight-regular\" data-testid=\"single-benefit-text\"><span>Esta tela suave y el\u00e1stica ayuda a absorber el sudor del cuerpo para que te sientas fresco y seco durante todo el d\u00eda.<\/span><\/p>\n<h4 class=\"nds-text pb2-sm css-1m2rxfq e1yhcai00 appearance-title4 color-primary weight-regular\" data-testid=\"benefit-header\"><span>Dise\u00f1o de gran altura<\/span><\/h4>\n<p class=\"nds-text pb4-sm css-ris3xr e1yhcai00 appearance-body2 color-primary weight-regular\" data-testid=\"single-benefit-text\"><span>Un dise\u00f1o contorneado de tiro alto se ajusta a las caderas para brindar comodidad que se adapta al cuerpo.<\/span><\/p>\n<h4 class=\"nds-text pb2-sm css-1m2rxfq e1yhcai00 appearance-title4 color-primary weight-regular\" data-testid=\"benefit-header\"><span>Cintura el\u00e1stica<\/span><\/h4>\n<p class=\"nds-text pb4-sm css-ris3xr e1yhcai00 appearance-body2 color-primary weight-regular\" data-testid=\"single-benefit-text\"><span>Una cinturilla el\u00e1stica proporciona una sensaci\u00f3n c\u00f3moda y ce\u00f1ida.<\/span><\/p>\n<\/div>\n<div data-testid=\"benefit-section\"><\/div>\n<div data-testid=\"benefit-section\">\n<h4 class=\"nds-text pb2-sm css-1m2rxfq e1yhcai00 appearance-title4 color-primary weight-regular\" data-testid=\"benefit-header\"><span>M\u00e1s beneficios<\/span><\/h4>\n<p class=\"nds-text pb4-sm css-ris3xr e1yhcai00 appearance-body2 color-primary weight-regular\" data-testid=\"single-benefit-text\"><span>El gr\u00e1fico impreso en la pantorrilla te permite representar la marca con estilo.<\/span><\/p>\n<\/div>\n<div data-testid=\"benefit-section\">\n<h4 class=\"nds-text pb2-sm css-1m2rxfq e1yhcai00 appearance-title4 color-primary weight-regular\" data-testid=\"benefit-header\"><span>Detalles del producto<\/span><\/h4>\n<ul class=\"ncss-list-ul pb4-sm\" data-testid=\"benefit-list\">\n<li class=\"nds-text ncss-li css-xlkxpi e1yhcai00 appearance-body1 color-primary weight-regular\"><span>Ajuste ce\u00f1ido para una sensaci\u00f3n que se adapta al cuerpo.<\/span><\/li>\n<li class=\"nds-text ncss-li css-xlkxpi e1yhcai00 appearance-body1 color-primary weight-regular\"><span>61 % algod\u00f3n\/33 % poli\u00e9ster\/6 % elastano<\/span><\/li>\n<li class=\"nds-text ncss-li css-xlkxpi e1yhcai00 appearance-body1 color-primary weight-regular\"><span>Lavado a m\u00e1quina<\/span><\/li>\n<li class=\"nds-text ncss-li css-xlkxpi e1yhcai00 appearance-body1 color-primary weight-regular\"><span>Importado<\/span><\/li>\n<li class=\"nds-text ncss-li css-xlkxpi e1yhcai00 appearance-body1 color-primary weight-regular\"><span>Se muestra: Canyon Rust\/White<\/span><\/li>\n<li class=\"nds-text ncss-li css-xlkxpi e1yhcai00 appearance-body1 color-primary weight-regular\"><span>Estilo: CZ8528-691<\/span><\/li>\n<\/ul>\n<\/div>\n","protected":false},"excerpt":{"rendered":"<p>SPORTSWEAR ESSENTIAL GRAPHICS UN ABSOLUTO IMPRESCINDIBLE. Los leggings Nike Sportswear son el complemento perfecto para tus camisetas y tops favoritos.<\/p>\n","protected":false},"featured_media":63463,"comment_status":"open","ping_status":"closed","template":"","meta":{"nf_dc_page":""},"product_brand":[1333],"product_cat":[73],"product_tag":[2444],"class_list":{"0":"post-63462","1":"product","2":"type-product","3":"status-publish","4":"has-post-thumbnail","6":"product_brand-nike","7":"product_cat-femenino","8":"product_tag-cz8528-691","10":"first","11":"instock","12":"shipping-taxable","13":"purchasable","14":"product-type-simple"},"_links":{"self":[{"href":"https:\/\/brandss.com.py\/index\/wp-json\/wp\/v2\/product\/63462","targetHints":{"allow":["GET"]}}],"collection":[{"href":"https:\/\/brandss.com.py\/index\/wp-json\/wp\/v2\/product"}],"about":[{"href":"https:\/\/brandss.com.py\/index\/wp-json\/wp\/v2\/types\/product"}],"replies":[{"embeddable":true,"href":"https:\/\/brandss.com.py\/index\/wp-json\/wp\/v2\/comments?post=63462"}],"version-history":[{"count":1,"href":"https:\/\/brandss.com.py\/index\/wp-json\/wp\/v2\/product\/63462\/revisions"}],"predecessor-version":[{"id":63467,"href":"https:\/\/brandss.com.py\/index\/wp-json\/wp\/v2\/product\/63462\/revisions\/63467"}],"wp:featuredmedia":[{"embeddable":true,"href":"https:\/\/brandss.com.py\/index\/wp-json\/wp\/v2\/media\/63463"}],"wp:attachment":[{"href":"https:\/\/brandss.com.py\/index\/wp-json\/wp\/v2\/media?parent=63462"}],"wp:term":[{"taxonomy":"product_brand","embeddable":true,"href":"https:\/\/brandss.com.py\/index\/wp-json\/wp\/v2\/product_brand?post=63462"},{"taxonomy":"product_cat","embeddable":true,"href":"https:\/\/brandss.com.py\/index\/wp-json\/wp\/v2\/product_cat?post=63462"},{"taxonomy":"product_tag","embeddable":true,"href":"https:\/\/brandss.com.py\/index\/wp-json\/wp\/v2\/product_tag?post=63462"}],"curies":[{"name":"wp","href":"https:\/\/api.w.org\/{rel}","templated":true}]}}