{"id":63468,"date":"2024-12-10T14:50:05","date_gmt":"2024-12-10T14:50:05","guid":{"rendered":"https:\/\/brandss.com.py\/index\/?post_type=product&#038;p=63468"},"modified":"2024-12-10T14:50:53","modified_gmt":"2024-12-10T14:50:53","slug":"pantalon-deportivo-femenino-nike-attack","status":"publish","type":"product","link":"https:\/\/brandss.com.py\/index\/producto\/pantalon-deportivo-femenino-nike-attack\/","title":{"rendered":"PANTAL\u00d3N DEPORTIVO FEMENINO NIKE ATTACK"},"content":{"rendered":"<p><img loading=\"lazy\" decoding=\"async\" class=\"\" src=\"https:\/\/1000marcas.net\/wp-content\/uploads\/2019\/11\/Logo-Nike-.png\" alt=\"Logo de Nike: la historia y el significado del logotipo, la marca y el  s\u00edmbolo. | png, vector\" width=\"80\" height=\"45\" \/><\/p>\n<h1>ATTACK<\/h1>\n<div data-testid=\"tech-info\">\n<div class=\"TechInfo-styled__ChaosRenderContainer-sc-615b6338-0 dCPAXs\">\n<div class=\"TechInfo-styled__StyledChaos-sc-615b6338-1 eAPYcx\">\n<p><span>Los pantalones Nike Attack brindan cobertura absorbente de sudor mientras trabajas duro. Este producto est\u00e1 fabricado con al menos un 75% de fibras de poli\u00e9ster recicladas.<\/span><\/p>\n<p><b><span>Poder de absorci\u00f3n del sudor<\/span><\/b><\/p>\n<p><span>El suave tejido con tecnolog\u00eda Dri-FIT absorbe el sudor de tu piel y proporciona una evaporaci\u00f3n m\u00e1s r\u00e1pida para mantener tu cuerpo seco y c\u00f3modo.<\/span><\/p>\n<p><b><span>Cobertura segura<\/span><\/b><\/p>\n<p><span>Una cinturilla el\u00e1stica ajustable con pu\u00f1os el\u00e1sticos mantiene los pantalones en su lugar durante actividades de alto ritmo.<\/span><\/p>\n<p><b><span>Comodidad oculta<\/span><\/b><\/p>\n<p><span>Dobla la pretina hacia abajo para revelar logotipos repetidos.<\/span><\/p>\n<p><b><span>Detalles del producto<\/span><\/b><\/p>\n<ul>\n<li><span>Ajuste est\u00e1ndar para una sensaci\u00f3n relajada y c\u00f3moda<\/span><\/li>\n<li><span>Longitud 7\/8<\/span><\/li>\n<li><span>Bolsillos laterales<\/span><\/li>\n<li><span>100% poli\u00e9ster<\/span><\/li>\n<li><span>Lavable en la lavadora<\/span><\/li>\n<li><span>Importado<\/span><\/li>\n<li><span>Color:\u00a0<\/span><span>Negro<\/span><\/li>\n<li><span>Modelo: <\/span><span>DA0142-010<\/span><\/li>\n<\/ul>\n<\/div>\n<\/div>\n<\/div>\n","protected":false},"excerpt":{"rendered":"<p>ATTACK Los pantalones Nike Attack brindan cobertura absorbente de sudor mientras trabajas duro. Este producto est\u00e1 fabricado con al menos<\/p>\n","protected":false},"featured_media":63469,"comment_status":"open","ping_status":"closed","template":"","meta":{"nf_dc_page":""},"product_brand":[],"product_cat":[73],"product_tag":[],"class_list":{"0":"post-63468","1":"product","2":"type-product","3":"status-publish","4":"has-post-thumbnail","6":"product_cat-femenino","8":"first","9":"instock","10":"shipping-taxable","11":"purchasable","12":"product-type-simple"},"_links":{"self":[{"href":"https:\/\/brandss.com.py\/index\/wp-json\/wp\/v2\/product\/63468","targetHints":{"allow":["GET"]}}],"collection":[{"href":"https:\/\/brandss.com.py\/index\/wp-json\/wp\/v2\/product"}],"about":[{"href":"https:\/\/brandss.com.py\/index\/wp-json\/wp\/v2\/types\/product"}],"replies":[{"embeddable":true,"href":"https:\/\/brandss.com.py\/index\/wp-json\/wp\/v2\/comments?post=63468"}],"version-history":[{"count":1,"href":"https:\/\/brandss.com.py\/index\/wp-json\/wp\/v2\/product\/63468\/revisions"}],"predecessor-version":[{"id":63476,"href":"https:\/\/brandss.com.py\/index\/wp-json\/wp\/v2\/product\/63468\/revisions\/63476"}],"wp:featuredmedia":[{"embeddable":true,"href":"https:\/\/brandss.com.py\/index\/wp-json\/wp\/v2\/media\/63469"}],"wp:attachment":[{"href":"https:\/\/brandss.com.py\/index\/wp-json\/wp\/v2\/media?parent=63468"}],"wp:term":[{"taxonomy":"product_brand","embeddable":true,"href":"https:\/\/brandss.com.py\/index\/wp-json\/wp\/v2\/product_brand?post=63468"},{"taxonomy":"product_cat","embeddable":true,"href":"https:\/\/brandss.com.py\/index\/wp-json\/wp\/v2\/product_cat?post=63468"},{"taxonomy":"product_tag","embeddable":true,"href":"https:\/\/brandss.com.py\/index\/wp-json\/wp\/v2\/product_tag?post=63468"}],"curies":[{"name":"wp","href":"https:\/\/api.w.org\/{rel}","templated":true}]}}