{"id":63496,"date":"2024-12-10T17:29:32","date_gmt":"2024-12-10T17:29:32","guid":{"rendered":"https:\/\/brandss.com.py\/index\/?post_type=product&#038;p=63496"},"modified":"2024-12-10T17:30:17","modified_gmt":"2024-12-10T17:30:17","slug":"leggings-deportivo-femenino-fila-fila-fit","status":"publish","type":"product","link":"https:\/\/brandss.com.py\/index\/producto\/leggings-deportivo-femenino-fila-fila-fit\/","title":{"rendered":"LEGGINGS DEPORTIVO FEMENINO FILA FILA FIT"},"content":{"rendered":"<p><img loading=\"lazy\" decoding=\"async\" class=\"\" src=\"https:\/\/1000marcas.net\/wp-content\/uploads\/2019\/12\/logo-Fila.png\" alt=\"Logo de Fila: la historia y el significado del logotipo, la marca y el  s\u00edmbolo. | png, vector\" width=\"96\" height=\"54\" \/><\/p>\n<h1>FILA FIT<\/h1>\n<p class=\"features--description\" data-v-18fe53c3=\"\"><span>Confeccionados en punto de compresi\u00f3n de poliamida con elastano, adecuados para entrenamientos de alta intensidad. Ajuste de alta compresi\u00f3n con cintura alta. Su tejido contiene la tecnolog\u00eda FLOW, que mantiene el cuerpo a la temperatura ideal para la pr\u00e1ctica de deporte, y la exclusiva tecnolog\u00eda PERFORMA, que proporciona una compresi\u00f3n perfecta para libertad de movimiento y rendimiento, sin comprometer la comodidad. Tiene una cinturilla con el\u00e1stico interno y cortes en contraste, cortes laterales y un logo vertical de Fila Letter Outline aplicado en el lateral cerca del dobladillo.<\/span><\/p>\n<h4>Detalles<\/h4>\n<p class=\"features--description\" data-v-18fe53c3=\"\"><span><strong>Largo total:<\/strong> 91 cm \/ 26,5\u201d. <\/span><\/p>\n<p class=\"features--description\" data-v-18fe53c3=\"\"><span><strong>Entrepierna:<\/strong> 68 cm.<\/span><\/p>\n<p class=\"features--description\" data-v-18fe53c3=\"\"><span><strong>Categor\u00eda:<\/strong> Ropa deportiva<\/span><\/p>\n<p class=\"features--description\" data-v-18fe53c3=\"\"><span><strong>Color:<\/strong> Negro\/ Lima<\/span><\/p>\n<p class=\"features--description\" data-v-18fe53c3=\"\"><span><strong>G\u00e9nero: <\/strong>Femenino<\/span><\/p>\n<p data-v-18fe53c3=\"\"><strong>Composici\u00f3n:<\/strong><\/p>\n<h6 class=\"features--description\"><span>CUERPO: 70% &#8211; POLIAMIDA 30% &#8211; ELASTANO<\/span><\/h6>\n<h6 class=\"features--description\"><span> CORTE SUPERIOR: 86% &#8211; POLIAMIDA 14% &#8211; ELASTANO<\/span><\/h6>\n<ul class=\"features--attributes\" data-v-18fe53c3=\"\">\n<li data-v-18fe53c3=\"\"><strong data-v-18fe53c3=\"\"><span>Nombre:<\/span><\/strong><span>\u00a0FILA FIT <\/span><\/li>\n<li data-v-18fe53c3=\"\"><span><strong>Modelo:<\/strong> F12AT00308<\/span><\/li>\n<li data-v-18fe53c3=\"\"><strong data-v-18fe53c3=\"\"><span>Adecuado para:<\/span><\/strong><span>\u00a0Todos los d\u00edas<\/span><\/li>\n<\/ul>\n","protected":false},"excerpt":{"rendered":"<p>FILA FIT Confeccionados en punto de compresi\u00f3n de poliamida con elastano, adecuados para entrenamientos de alta intensidad. Ajuste de alta<\/p>\n","protected":false},"featured_media":63497,"comment_status":"open","ping_status":"closed","template":"","meta":{"nf_dc_page":""},"product_brand":[],"product_cat":[73],"product_tag":[],"class_list":{"0":"post-63496","1":"product","2":"type-product","3":"status-publish","4":"has-post-thumbnail","6":"product_cat-femenino","8":"first","9":"instock","10":"shipping-taxable","11":"purchasable","12":"product-type-simple"},"_links":{"self":[{"href":"https:\/\/brandss.com.py\/index\/wp-json\/wp\/v2\/product\/63496","targetHints":{"allow":["GET"]}}],"collection":[{"href":"https:\/\/brandss.com.py\/index\/wp-json\/wp\/v2\/product"}],"about":[{"href":"https:\/\/brandss.com.py\/index\/wp-json\/wp\/v2\/types\/product"}],"replies":[{"embeddable":true,"href":"https:\/\/brandss.com.py\/index\/wp-json\/wp\/v2\/comments?post=63496"}],"version-history":[{"count":1,"href":"https:\/\/brandss.com.py\/index\/wp-json\/wp\/v2\/product\/63496\/revisions"}],"predecessor-version":[{"id":63499,"href":"https:\/\/brandss.com.py\/index\/wp-json\/wp\/v2\/product\/63496\/revisions\/63499"}],"wp:featuredmedia":[{"embeddable":true,"href":"https:\/\/brandss.com.py\/index\/wp-json\/wp\/v2\/media\/63497"}],"wp:attachment":[{"href":"https:\/\/brandss.com.py\/index\/wp-json\/wp\/v2\/media?parent=63496"}],"wp:term":[{"taxonomy":"product_brand","embeddable":true,"href":"https:\/\/brandss.com.py\/index\/wp-json\/wp\/v2\/product_brand?post=63496"},{"taxonomy":"product_cat","embeddable":true,"href":"https:\/\/brandss.com.py\/index\/wp-json\/wp\/v2\/product_cat?post=63496"},{"taxonomy":"product_tag","embeddable":true,"href":"https:\/\/brandss.com.py\/index\/wp-json\/wp\/v2\/product_tag?post=63496"}],"curies":[{"name":"wp","href":"https:\/\/api.w.org\/{rel}","templated":true}]}}