{"id":63500,"date":"2024-12-10T17:46:44","date_gmt":"2024-12-10T17:46:44","guid":{"rendered":"https:\/\/brandss.com.py\/index\/?post_type=product&#038;p=63500"},"modified":"2024-12-10T17:47:19","modified_gmt":"2024-12-10T17:47:19","slug":"leggings-deportivo-femenino-fila-performa-skin","status":"publish","type":"product","link":"https:\/\/brandss.com.py\/index\/producto\/leggings-deportivo-femenino-fila-performa-skin\/","title":{"rendered":"LEGGINGS DEPORTIVO FEMENINO FILA PERFORMA SKIN"},"content":{"rendered":"<p><img loading=\"lazy\" decoding=\"async\" class=\"\" src=\"https:\/\/1000marcas.net\/wp-content\/uploads\/2019\/12\/logo-Fila.png\" alt=\"Logo de Fila: la historia y el significado del logotipo, la marca y el  s\u00edmbolo. | png, vector\" width=\"121\" height=\"68\" \/><\/p>\n<h1>PERFORMA SKIN<\/h1>\n<div class=\"flex flex-col gap-1\"><span class=\"text-[#19191a] text-xs\"><span>Legging de mujer confeccionado en malla de poliamida y elastano de tacto suave. Modelador de piel de compresi\u00f3n media y cintura alta, ideal para utilizar como segunda piel durante ejercicios de alto rendimiento. Su tejido contiene tecnolog\u00edas UV PROTECTION, que ofrece protecci\u00f3n solar SPF 50+ contra los rayos UVA y UVB; PERFORMA, que ofrece la compresi\u00f3n perfecta para libertad de movimiento y rendimiento, sin comprometer la comodidad; y FLOW, que proporciona un secado r\u00e1pido, manteniendo el cuerpo a la temperatura ideal. Tiene visera de doble malla transpirable aplicada debajo de la cintura, corte estilo Hot Pants con costuras sin fricci\u00f3n, cintura de 8 cm con logo Fila Letter de silicona centrado en el frente y refuerzo en la entrepierna para mayor comodidad y movilidad.<\/span><\/span><\/div>\n<div><\/div>\n<h4>Detalles:<\/h4>\n<div><\/div>\n<div class=\"flex flex-col gap-1\"><span class=\"text-[#19191a] text-xs\"><span><strong>Longitud total:<\/strong> 88 cm.<\/span><\/span><\/div>\n<div class=\"flex flex-col gap-1\"><strong><span class=\"text-[#19191a] text-xs font-bold\">Categor\u00eda: <\/span><\/strong><span class=\"text-[#19191a] text-xs\"><span>ropa deportiva<\/span><\/span><\/div>\n<div class=\"flex flex-col gap-1\"><strong><span class=\"text-[#19191a] text-xs font-bold\">Col<\/span>or:<\/strong> Rosa Cereza<\/div>\n<div class=\"flex flex-col gap-1\"><span class=\"text-[#19191a] text-xs font-bold\"><span><strong>G\u00e9nero:<\/strong> <\/span><\/span><span class=\"text-[#19191a] text-xs\"><span>Femenino<\/span><\/span><\/div>\n<div class=\"flex flex-col gap-1\"><strong><span class=\"text-[#19191a] text-xs font-bold\">Composici\u00f3n: <\/span><\/strong><span class=\"text-[#19191a] text-xs\"><span>CUERPO: 74% &#8211; POLIAMIDA 26% &#8211; ELASTANO<\/span><\/span><\/div>\n<div class=\"flex flex-col gap-1\"><span class=\"text-[#aaa] text-sm\"><span><strong>Modelo:<\/strong> F12AT00646<\/span><\/span><\/div>\n","protected":false},"excerpt":{"rendered":"<p>PERFORMA SKIN Legging de mujer confeccionado en malla de poliamida y elastano de tacto suave. Modelador de piel de compresi\u00f3n<\/p>\n","protected":false},"featured_media":63501,"comment_status":"open","ping_status":"closed","template":"","meta":{"nf_dc_page":""},"product_brand":[],"product_cat":[73],"product_tag":[],"class_list":{"0":"post-63500","1":"product","2":"type-product","3":"status-publish","4":"has-post-thumbnail","6":"product_cat-femenino","8":"first","9":"instock","10":"shipping-taxable","11":"purchasable","12":"product-type-simple"},"_links":{"self":[{"href":"https:\/\/brandss.com.py\/index\/wp-json\/wp\/v2\/product\/63500","targetHints":{"allow":["GET"]}}],"collection":[{"href":"https:\/\/brandss.com.py\/index\/wp-json\/wp\/v2\/product"}],"about":[{"href":"https:\/\/brandss.com.py\/index\/wp-json\/wp\/v2\/types\/product"}],"replies":[{"embeddable":true,"href":"https:\/\/brandss.com.py\/index\/wp-json\/wp\/v2\/comments?post=63500"}],"version-history":[{"count":1,"href":"https:\/\/brandss.com.py\/index\/wp-json\/wp\/v2\/product\/63500\/revisions"}],"predecessor-version":[{"id":63505,"href":"https:\/\/brandss.com.py\/index\/wp-json\/wp\/v2\/product\/63500\/revisions\/63505"}],"wp:featuredmedia":[{"embeddable":true,"href":"https:\/\/brandss.com.py\/index\/wp-json\/wp\/v2\/media\/63501"}],"wp:attachment":[{"href":"https:\/\/brandss.com.py\/index\/wp-json\/wp\/v2\/media?parent=63500"}],"wp:term":[{"taxonomy":"product_brand","embeddable":true,"href":"https:\/\/brandss.com.py\/index\/wp-json\/wp\/v2\/product_brand?post=63500"},{"taxonomy":"product_cat","embeddable":true,"href":"https:\/\/brandss.com.py\/index\/wp-json\/wp\/v2\/product_cat?post=63500"},{"taxonomy":"product_tag","embeddable":true,"href":"https:\/\/brandss.com.py\/index\/wp-json\/wp\/v2\/product_tag?post=63500"}],"curies":[{"name":"wp","href":"https:\/\/api.w.org\/{rel}","templated":true}]}}