{"id":63506,"date":"2024-12-10T18:11:18","date_gmt":"2024-12-10T18:11:18","guid":{"rendered":"https:\/\/brandss.com.py\/index\/?post_type=product&#038;p=63506"},"modified":"2024-12-10T18:11:49","modified_gmt":"2024-12-10T18:11:49","slug":"leggings-deportivo-femenino-fila-racer-run","status":"publish","type":"product","link":"https:\/\/brandss.com.py\/index\/producto\/leggings-deportivo-femenino-fila-racer-run\/","title":{"rendered":"LEGGINGS DEPORTIVO FEMENINO FILA RACER RUN"},"content":{"rendered":"<p><img loading=\"lazy\" decoding=\"async\" class=\"\" src=\"https:\/\/1000marcas.net\/wp-content\/uploads\/2019\/12\/logo-Fila.png\" alt=\"Logo de Fila: la historia y el significado del logotipo, la marca y el  s\u00edmbolo. | png, vector\" width=\"124\" height=\"70\" \/><\/p>\n<h1>RACER RUN<\/h1>\n<div class=\"description\">Confeccionada en tejido de punto de poliamida con elastano, con recortes traseros en en mesh respirable. Este modelo ofrece mayor compresi\u00f3n, permitiendo mayor libertad de movimiento, ideal para entrenamientos intensos. Su tejido contiene tecnolog\u00eda UV PROTECTION, que ofrece protecci\u00f3n solar +50 de los rayos UVA y UVB. Tambien cuenta con tecnolog\u00eda PERFORMA, que ofrece la compresi\u00f3n perfecta sin perder confort. Y por ultimo cuenta con FLOW, que proporciona un secado rapido, manteniendo el cuerpo a la temperatura ideal. Posee el\u00e1stico de 4 cm y logo fila letter reflectivo sobre la cintura delantera. Tiene costuras planas para no generar roces con la piel, recorte en la parte trasera en malla respirable y recortes anatomicos haciendo que se adapte mejor al cuerpo.<\/div>\n<div><\/div>\n<h3>Detalles:<\/h3>\n<div><\/div>\n<div class=\"description\"><strong>Largo total:<\/strong> 92 cm<br \/>\n<strong>Composici\u00f3n:<\/strong> 70% Poliamida 30% Elastano<br \/>\n<strong>Ajuste:<\/strong> Ce\u00f1ido<\/div>\n<div class=\"description\"><strong>Tecnolog\u00eda Performa:<\/strong> Ofrece La Compresi\u00f3n Perfecta Sin Perder Confort<br \/>\n<strong>Tecnolog\u00eda Flow:<\/strong> Que Proporciona Un Secado Rapido, Manteniendo El Cuerpo A La Temperatura Idea<br \/>\n<strong>Costuras:<\/strong> Planas<br \/>\n<strong>Protecci\u00f3n Solar:<\/strong> +50 De Los Rayos Uva Y Uvb<\/div>\n<div><strong>Color:<\/strong> Lila\/ Gris\/ Azul\/ Amarillo<\/div>\n<div><strong>Modelo:<\/strong> F12R00154<\/div>\n","protected":false},"excerpt":{"rendered":"<p>RACER RUN Confeccionada en tejido de punto de poliamida con elastano, con recortes traseros en en mesh respirable. Este modelo<\/p>\n","protected":false},"featured_media":63507,"comment_status":"open","ping_status":"closed","template":"","meta":{"nf_dc_page":""},"product_brand":[],"product_cat":[73],"product_tag":[],"class_list":{"0":"post-63506","1":"product","2":"type-product","3":"status-publish","4":"has-post-thumbnail","6":"product_cat-femenino","8":"first","9":"instock","10":"shipping-taxable","11":"purchasable","12":"product-type-simple"},"_links":{"self":[{"href":"https:\/\/brandss.com.py\/index\/wp-json\/wp\/v2\/product\/63506","targetHints":{"allow":["GET"]}}],"collection":[{"href":"https:\/\/brandss.com.py\/index\/wp-json\/wp\/v2\/product"}],"about":[{"href":"https:\/\/brandss.com.py\/index\/wp-json\/wp\/v2\/types\/product"}],"replies":[{"embeddable":true,"href":"https:\/\/brandss.com.py\/index\/wp-json\/wp\/v2\/comments?post=63506"}],"version-history":[{"count":1,"href":"https:\/\/brandss.com.py\/index\/wp-json\/wp\/v2\/product\/63506\/revisions"}],"predecessor-version":[{"id":63512,"href":"https:\/\/brandss.com.py\/index\/wp-json\/wp\/v2\/product\/63506\/revisions\/63512"}],"wp:featuredmedia":[{"embeddable":true,"href":"https:\/\/brandss.com.py\/index\/wp-json\/wp\/v2\/media\/63507"}],"wp:attachment":[{"href":"https:\/\/brandss.com.py\/index\/wp-json\/wp\/v2\/media?parent=63506"}],"wp:term":[{"taxonomy":"product_brand","embeddable":true,"href":"https:\/\/brandss.com.py\/index\/wp-json\/wp\/v2\/product_brand?post=63506"},{"taxonomy":"product_cat","embeddable":true,"href":"https:\/\/brandss.com.py\/index\/wp-json\/wp\/v2\/product_cat?post=63506"},{"taxonomy":"product_tag","embeddable":true,"href":"https:\/\/brandss.com.py\/index\/wp-json\/wp\/v2\/product_tag?post=63506"}],"curies":[{"name":"wp","href":"https:\/\/api.w.org\/{rel}","templated":true}]}}