{"id":63513,"date":"2024-12-10T18:58:49","date_gmt":"2024-12-10T18:58:49","guid":{"rendered":"https:\/\/brandss.com.py\/index\/?post_type=product&#038;p=63513"},"modified":"2024-12-10T18:59:27","modified_gmt":"2024-12-10T18:59:27","slug":"leggings-deportivo-femenino-fila-train-elastic-ii","status":"publish","type":"product","link":"https:\/\/brandss.com.py\/index\/producto\/leggings-deportivo-femenino-fila-train-elastic-ii\/","title":{"rendered":"LEGGINGS DEPORTIVO FEMENINO FILA TRAIN ELASTIC II"},"content":{"rendered":"<p><img loading=\"lazy\" decoding=\"async\" class=\"\" src=\"https:\/\/1000marcas.net\/wp-content\/uploads\/2019\/12\/logo-Fila.png\" alt=\"Logo de Fila: la historia y el significado del logotipo, la marca y el  s\u00edmbolo. | png, vector\" width=\"110\" height=\"62\" \/><\/p>\n<h1>TRAIN ELASTIC II<\/h1>\n<p>La calza de mujer Fila Train Elastic II son perfectas para quienes aman entrenar y no renuncia al estilo. Fabricado en poli\u00e9ster, es extremadamente c\u00f3modo. El tejido tiene tecnolog\u00eda FLOW, que elimina r\u00e1pidamente el sudor, mediante su evaporaci\u00f3n. Mantiene el cuerpo en la temperatura ideal para el deporte y proporciona mayor comodidad y secado r\u00e1pido. Su el\u00e1stico personalizado garantiza un ajuste perfecto y tambi\u00e9n seguridad para los movimientos.<\/p>\n<p><strong>Tecnolog\u00edas Flow\u00ae:<\/strong> Sistema que elimina r\u00e1pidamente el sudor, facilitando su evaporaci\u00f3n y manteniendo el cuerpo a la temperatura ideal.<\/p>\n<p><strong>PERFORMA\u00ae:<\/strong> Tecnolog\u00eda que proporciona una compresi\u00f3n perfecta para libertad de movimiento y rendimiento con total comodidad.<\/p>\n<p><strong> Longitud:<\/strong> 90 cm.<\/p>\n<p><strong>Color:<\/strong> Blue \/ Lavender<\/p>\n<p><strong>Modelo:<\/strong> TR280152-2923<\/p>\n","protected":false},"excerpt":{"rendered":"<p>TRAIN ELASTIC II La calza de mujer Fila Train Elastic II son perfectas para quienes aman entrenar y no renuncia<\/p>\n","protected":false},"featured_media":63514,"comment_status":"open","ping_status":"closed","template":"","meta":{"nf_dc_page":""},"product_brand":[],"product_cat":[73],"product_tag":[],"class_list":{"0":"post-63513","1":"product","2":"type-product","3":"status-publish","4":"has-post-thumbnail","6":"product_cat-femenino","8":"first","9":"instock","10":"shipping-taxable","11":"purchasable","12":"product-type-simple"},"_links":{"self":[{"href":"https:\/\/brandss.com.py\/index\/wp-json\/wp\/v2\/product\/63513","targetHints":{"allow":["GET"]}}],"collection":[{"href":"https:\/\/brandss.com.py\/index\/wp-json\/wp\/v2\/product"}],"about":[{"href":"https:\/\/brandss.com.py\/index\/wp-json\/wp\/v2\/types\/product"}],"replies":[{"embeddable":true,"href":"https:\/\/brandss.com.py\/index\/wp-json\/wp\/v2\/comments?post=63513"}],"version-history":[{"count":1,"href":"https:\/\/brandss.com.py\/index\/wp-json\/wp\/v2\/product\/63513\/revisions"}],"predecessor-version":[{"id":63518,"href":"https:\/\/brandss.com.py\/index\/wp-json\/wp\/v2\/product\/63513\/revisions\/63518"}],"wp:featuredmedia":[{"embeddable":true,"href":"https:\/\/brandss.com.py\/index\/wp-json\/wp\/v2\/media\/63514"}],"wp:attachment":[{"href":"https:\/\/brandss.com.py\/index\/wp-json\/wp\/v2\/media?parent=63513"}],"wp:term":[{"taxonomy":"product_brand","embeddable":true,"href":"https:\/\/brandss.com.py\/index\/wp-json\/wp\/v2\/product_brand?post=63513"},{"taxonomy":"product_cat","embeddable":true,"href":"https:\/\/brandss.com.py\/index\/wp-json\/wp\/v2\/product_cat?post=63513"},{"taxonomy":"product_tag","embeddable":true,"href":"https:\/\/brandss.com.py\/index\/wp-json\/wp\/v2\/product_tag?post=63513"}],"curies":[{"name":"wp","href":"https:\/\/api.w.org\/{rel}","templated":true}]}}