{"id":63519,"date":"2024-12-10T19:13:14","date_gmt":"2024-12-10T19:13:14","guid":{"rendered":"https:\/\/brandss.com.py\/index\/?post_type=product&#038;p=63519"},"modified":"2024-12-10T19:13:56","modified_gmt":"2024-12-10T19:13:56","slug":"leggings-deportivo-femenino-fila-train-elastic-ii-2","status":"publish","type":"product","link":"https:\/\/brandss.com.py\/index\/producto\/leggings-deportivo-femenino-fila-train-elastic-ii-2\/","title":{"rendered":"LEGGINGS DEPORTIVO FEMENINO FILA TRAIN ELASTIC II"},"content":{"rendered":"<p><img loading=\"lazy\" decoding=\"async\" class=\"\" src=\"https:\/\/1000marcas.net\/wp-content\/uploads\/2019\/12\/logo-Fila.png\" alt=\"Logo de Fila: la historia y el significado del logotipo, la marca y el  s\u00edmbolo. | png, vector\" width=\"114\" height=\"64\" \/><\/p>\n<h1>TRAIN ELASTIC II<\/h1>\n<p><span>Los leggings son los favoritos en los guardarropas de hoy, pueden acompa\u00f1arte en los m\u00e1s diversos compromisos, \u00a1desde el gimnasio hasta el trabajo! Adem\u00e1s de pr\u00e1cticos, cuentan con modelos que aportan valor y durante el entrenamiento aumentan el rendimiento al ser sumamente c\u00f3modos, dejando tus movimientos libres y fluidos. Vaya con zapatillas y una camiseta para un look casual o con una camisa y accesorios para un look moderno.<\/span><\/p>\n<p><strong>LIGEREZA Y FLEXIBILIDAD: <\/strong><\/p>\n<p><span>La malla es un tejido ligero y flexible, resultado del tejido del tejido. Extremadamente c\u00f3modo, suave al tacto y vers\u00e1til, es el favorito para confeccionar camisetas, blusas y vestidos, adem\u00e1s de ser muy duradero, perfecto para crear un armario minimalista y duradero.<\/span><\/p>\n<p><strong>Tecnolog\u00eda I : <\/strong><\/p>\n<p>Flow &#8211; elimina r\u00e1pidamente el sudor, facilitando su evaporaci\u00f3n. Mantiene el cuerpo en su temperatura ideal para la pr\u00e1ctica de deporte y proporciona mayor comodidad y r\u00e1pido secado.<\/p>\n<p><strong>Detalles<\/strong><\/p>\n<p><strong>Modelo:<\/strong> \u00a0TR280152-2070<br \/>\n<strong>Color:<\/strong> Negro<br \/>\n<strong>Ocasi\u00f3n de uso:<\/strong> Deporte<br \/>\n<strong>Composici\u00f3n:<\/strong> 82% Poli\u00e9ster, 18% Elastano<\/p>\n","protected":false},"excerpt":{"rendered":"<p>TRAIN ELASTIC II Los leggings son los favoritos en los guardarropas de hoy, pueden acompa\u00f1arte en los m\u00e1s diversos compromisos,<\/p>\n","protected":false},"featured_media":63520,"comment_status":"open","ping_status":"closed","template":"","meta":{"nf_dc_page":""},"product_brand":[],"product_cat":[73],"product_tag":[],"class_list":{"0":"post-63519","1":"product","2":"type-product","3":"status-publish","4":"has-post-thumbnail","6":"product_cat-femenino","8":"first","9":"instock","10":"shipping-taxable","11":"purchasable","12":"product-type-simple"},"_links":{"self":[{"href":"https:\/\/brandss.com.py\/index\/wp-json\/wp\/v2\/product\/63519","targetHints":{"allow":["GET"]}}],"collection":[{"href":"https:\/\/brandss.com.py\/index\/wp-json\/wp\/v2\/product"}],"about":[{"href":"https:\/\/brandss.com.py\/index\/wp-json\/wp\/v2\/types\/product"}],"replies":[{"embeddable":true,"href":"https:\/\/brandss.com.py\/index\/wp-json\/wp\/v2\/comments?post=63519"}],"version-history":[{"count":1,"href":"https:\/\/brandss.com.py\/index\/wp-json\/wp\/v2\/product\/63519\/revisions"}],"predecessor-version":[{"id":63524,"href":"https:\/\/brandss.com.py\/index\/wp-json\/wp\/v2\/product\/63519\/revisions\/63524"}],"wp:featuredmedia":[{"embeddable":true,"href":"https:\/\/brandss.com.py\/index\/wp-json\/wp\/v2\/media\/63520"}],"wp:attachment":[{"href":"https:\/\/brandss.com.py\/index\/wp-json\/wp\/v2\/media?parent=63519"}],"wp:term":[{"taxonomy":"product_brand","embeddable":true,"href":"https:\/\/brandss.com.py\/index\/wp-json\/wp\/v2\/product_brand?post=63519"},{"taxonomy":"product_cat","embeddable":true,"href":"https:\/\/brandss.com.py\/index\/wp-json\/wp\/v2\/product_cat?post=63519"},{"taxonomy":"product_tag","embeddable":true,"href":"https:\/\/brandss.com.py\/index\/wp-json\/wp\/v2\/product_tag?post=63519"}],"curies":[{"name":"wp","href":"https:\/\/api.w.org\/{rel}","templated":true}]}}