{"id":63526,"date":"2024-12-11T10:51:31","date_gmt":"2024-12-11T10:51:31","guid":{"rendered":"https:\/\/brandss.com.py\/index\/?post_type=product&#038;p=63526"},"modified":"2024-12-11T10:52:20","modified_gmt":"2024-12-11T10:52:20","slug":"leggings-deportivo-femenino-fila-train-elastic-ii-3","status":"publish","type":"product","link":"https:\/\/brandss.com.py\/index\/producto\/leggings-deportivo-femenino-fila-train-elastic-ii-3\/","title":{"rendered":"LEGGINGS DEPORTIVO FEMENINO FILA TRAIN ELASTIC II"},"content":{"rendered":"<p><img loading=\"lazy\" decoding=\"async\" class=\"\" src=\"https:\/\/1000marcas.net\/wp-content\/uploads\/2019\/12\/logo-Fila.png\" alt=\"Logo de Fila: la historia y el significado del logotipo, la marca y el  s\u00edmbolo. | png, vector\" width=\"101\" height=\"57\" \/><\/p>\n<h1>TRAIN ELASTIC II<\/h1>\n<p>Los leggings Train Elastic II son perfectos para quienes aman entrenar y no renuncian al estilo. Fabricada en poli\u00e9ster, es sumamente c\u00f3moda. El tejido cuenta con la tecnolog\u00eda FLOW, que elimina r\u00e1pidamente el sudor, facilitando su evaporaci\u00f3n. Mantiene el cuerpo a la temperatura ideal para la pr\u00e1ctica de deporte y proporciona mayor comodidad y r\u00e1pido secado. Su cinturilla el\u00e1stica personalizada garantiza un perfecto ajuste y seguridad para el movimiento.<\/p>\n<p><strong>Modelo:<\/strong> TR280152.2620.<\/p>\n<p><strong>Color:<\/strong> Light Gray Print.<\/p>\n","protected":false},"excerpt":{"rendered":"<p>TRAIN ELASTIC II Los leggings Train Elastic II son perfectos para quienes aman entrenar y no renuncian al estilo. Fabricada<\/p>\n","protected":false},"featured_media":63527,"comment_status":"open","ping_status":"closed","template":"","meta":{"nf_dc_page":""},"product_brand":[],"product_cat":[73],"product_tag":[],"class_list":{"0":"post-63526","1":"product","2":"type-product","3":"status-publish","4":"has-post-thumbnail","6":"product_cat-femenino","8":"first","9":"instock","10":"shipping-taxable","11":"purchasable","12":"product-type-simple"},"_links":{"self":[{"href":"https:\/\/brandss.com.py\/index\/wp-json\/wp\/v2\/product\/63526","targetHints":{"allow":["GET"]}}],"collection":[{"href":"https:\/\/brandss.com.py\/index\/wp-json\/wp\/v2\/product"}],"about":[{"href":"https:\/\/brandss.com.py\/index\/wp-json\/wp\/v2\/types\/product"}],"replies":[{"embeddable":true,"href":"https:\/\/brandss.com.py\/index\/wp-json\/wp\/v2\/comments?post=63526"}],"version-history":[{"count":1,"href":"https:\/\/brandss.com.py\/index\/wp-json\/wp\/v2\/product\/63526\/revisions"}],"predecessor-version":[{"id":63532,"href":"https:\/\/brandss.com.py\/index\/wp-json\/wp\/v2\/product\/63526\/revisions\/63532"}],"wp:featuredmedia":[{"embeddable":true,"href":"https:\/\/brandss.com.py\/index\/wp-json\/wp\/v2\/media\/63527"}],"wp:attachment":[{"href":"https:\/\/brandss.com.py\/index\/wp-json\/wp\/v2\/media?parent=63526"}],"wp:term":[{"taxonomy":"product_brand","embeddable":true,"href":"https:\/\/brandss.com.py\/index\/wp-json\/wp\/v2\/product_brand?post=63526"},{"taxonomy":"product_cat","embeddable":true,"href":"https:\/\/brandss.com.py\/index\/wp-json\/wp\/v2\/product_cat?post=63526"},{"taxonomy":"product_tag","embeddable":true,"href":"https:\/\/brandss.com.py\/index\/wp-json\/wp\/v2\/product_tag?post=63526"}],"curies":[{"name":"wp","href":"https:\/\/api.w.org\/{rel}","templated":true}]}}