{"id":63543,"date":"2024-12-11T12:51:21","date_gmt":"2024-12-11T12:51:21","guid":{"rendered":"https:\/\/brandss.com.py\/index\/?post_type=product&#038;p=63543"},"modified":"2024-12-11T12:52:02","modified_gmt":"2024-12-11T12:52:02","slug":"shorts-deportivo-femenino-adidas-playa-branded","status":"publish","type":"product","link":"https:\/\/brandss.com.py\/index\/producto\/shorts-deportivo-femenino-adidas-playa-branded\/","title":{"rendered":"SHORTS DEPORTIVO FEMENINO ADIDAS PLAYA BRANDED"},"content":{"rendered":"<p><img loading=\"lazy\" decoding=\"async\" class=\"\" src=\"https:\/\/upload.wikimedia.org\/wikipedia\/commons\/2\/24\/Adidas_logo.png\" alt=\"Archivo:Adidas logo.png - Wikipedia, la enciclopedia libre\" width=\"99\" height=\"67\" \/><\/p>\n<h1>PLAYA BRANDED<\/h1>\n<h3 class=\"subtitle___9ljbp\">Shorts de playa resistentes al cloro hechos con materiales reciclados<\/h3>\n<p class=\"gl-vspace\">Estos shorts de playa adidas son perfectos para usar sobre un traje de nataci\u00f3n cuando los necesites. Livianos y c\u00f3modos, lucen una cintura el\u00e1stica de corte medio que se mantiene en su lugar. El tejido resistente al cloro Infinitex Fitness Eco es ultraplano, suave y resistente al desgaste. Hecho con materiales 100 % reciclados, este producto representa solo una de nuestras soluciones para ayudar a acabar con los residuos pl\u00e1sticos.<\/p>\n<div class=\"highlight___3fa4r\">\n<div class=\"highlight-text___lgoJI\">\n<h3 class=\"highlight-text__headline___25B2G\">Producto hecho con materiales reciclados<\/h3>\n<p>Hecho con materiales 100 % reciclados, este producto representa solo una de nuestras soluciones para ayudar a acabar con los residuos pl\u00e1sticos.<\/p>\n<\/div>\n<\/div>\n<div class=\"highlight___3fa4r\">\n<div class=\"highlight-text___lgoJI\">\n<h3 class=\"highlight-text__headline___25B2G\">Detalles deportivos<\/h3>\n<p>El patr\u00f3n adidas Badge of Sport repetido a lo largo de la cintura le imprime un estilo deportivo \u00fanico.<\/p>\n<\/div>\n<\/div>\n<div class=\"highlight___3fa4r\">\n<div class=\"highlight-text___lgoJI\">\n<h3 class=\"highlight-text__headline___25B2G\">Corte atl\u00e9tico<\/h3>\n<p>El ajuste acentuado te da un look favorecedor.<\/p>\n<div class=\"accordion__header-text___2o9Im\">\n<h2 class=\"accordion-title___2sTgR\">Cuidados<\/h2>\n<\/div>\n<div class=\"accordion__header-icon___2FuRa\"><\/div>\n<div class=\"accordion__content___29x9h\">\n<div class=\"content-padding___2kVWQ\">\n<div class=\"care___2GwB4\" data-auto-id=\"pdp-content-care\">\n<div class=\"care-instructions___3scEd\">\n<h4 class=\"care-title___2YJe1 gl-no-margin-bottom\">Instrucciones de lavado<\/h4>\n<ul class=\"\">\n<li class=\"gl-vspace-bpall-small\"><img loading=\"lazy\" decoding=\"async\" src=\"https:\/\/www.adidas.mx\/glass\/react\/53d5f8d\/assets\/img\/washing-instructions\/B1.svg\" alt=\"\" width=\"24\" height=\"24\" \/>No usar blanqueador<\/li>\n<li class=\"gl-vspace-bpall-small\"><img loading=\"lazy\" decoding=\"async\" src=\"https:\/\/www.adidas.mx\/glass\/react\/53d5f8d\/assets\/img\/washing-instructions\/C1.svg\" alt=\"\" width=\"24\" height=\"24\" \/>No utillizar secadora<\/li>\n<li class=\"gl-vspace-bpall-small\"><img loading=\"lazy\" decoding=\"async\" src=\"https:\/\/www.adidas.mx\/glass\/react\/53d5f8d\/assets\/img\/washing-instructions\/E1.svg\" alt=\"\" width=\"24\" height=\"24\" \/>No lavar en seco.<\/li>\n<li class=\"gl-vspace-bpall-small\"><img loading=\"lazy\" decoding=\"async\" src=\"https:\/\/www.adidas.mx\/glass\/react\/53d5f8d\/assets\/img\/washing-instructions\/D1.svg\" alt=\"\" width=\"24\" height=\"24\" \/>No planchar<\/li>\n<li class=\"gl-vspace-bpall-small\"><img loading=\"lazy\" decoding=\"async\" src=\"https:\/\/www.adidas.mx\/glass\/react\/53d5f8d\/assets\/img\/washing-instructions\/A4.svg\" alt=\"\" width=\"24\" height=\"24\" \/>Lavar a m\u00e1quina en temperatura fr\u00eda y en ciclo delicado.<\/li>\n<\/ul>\n<\/div>\n<div class=\"extra-instructions___2TR8b\">\n<h4 class=\"care-title___2YJe1 gl-no-margin-bottom\">Informaci\u00f3n adicional sobre el cuidado<\/h4>\n<ul class=\"gl-list gl-vspace-bpall-small\">\n<li class=\"gl-vspace-bpall-small\">Lavar por separado al rev\u00e9s<\/li>\n<li class=\"gl-vspace-bpall-small\">Enjuagar con detergente suave inmediatamente despu\u00e9s de usar<\/li>\n<li class=\"gl-vspace-bpall-small\">Retirar r\u00e1pidamente despu\u00e9s de lavar<\/li>\n<li class=\"gl-vspace-bpall-small\">No secar bajo la luz directa del sol<\/li>\n<\/ul>\n<div class=\"accordion__header-text___2o9Im\">\n<h2 class=\"accordion-title___2sTgR\">Detalles<\/h2>\n<\/div>\n<div class=\"accordion__header-icon___2FuRa\"><\/div>\n<div class=\"accordion__content___29x9h\">\n<div class=\"content-padding___2kVWQ\">\n<div class=\"bullets___3bsSs\" data-auto-id=\"specifications-section\">\n<ul class=\"gl-list\">\n<li class=\"gl-vspace-bpall-small\">Cintura el\u00e1stica<\/li>\n<li class=\"gl-vspace-bpall-small\">Tejido plano 100% poli\u00e9ster reciclado<\/li>\n<li class=\"gl-vspace-bpall-small\">Tacto suave<\/li>\n<li class=\"gl-vspace-bpall-small\">Tejido Infinitex Fitness Eco resistente al cloro<\/li>\n<li class=\"gl-vspace-bpall-small\">Cintura de corte medio<\/li>\n<li class=\"gl-vspace-bpall-small\">Tejido liviano<\/li>\n<li class=\"gl-vspace-bpall-small\">Color del art\u00edculo: Black \/ White<\/li>\n<li class=\"gl-vspace-bpall-small\">Modelo: HS2311<\/li>\n<\/ul>\n<\/div>\n<\/div>\n<\/div>\n<\/div>\n<\/div>\n<\/div>\n<\/div>\n<\/div>\n<\/div>\n","protected":false},"excerpt":{"rendered":"<p>PLAYA BRANDED Shorts de playa resistentes al cloro hechos con materiales reciclados Estos shorts de playa adidas son perfectos para<\/p>\n","protected":false},"featured_media":63544,"comment_status":"open","ping_status":"closed","template":"","meta":{"nf_dc_page":""},"product_brand":[],"product_cat":[73],"product_tag":[],"class_list":{"0":"post-63543","1":"product","2":"type-product","3":"status-publish","4":"has-post-thumbnail","6":"product_cat-femenino","8":"first","9":"instock","10":"shipping-taxable","11":"purchasable","12":"product-type-simple"},"_links":{"self":[{"href":"https:\/\/brandss.com.py\/index\/wp-json\/wp\/v2\/product\/63543","targetHints":{"allow":["GET"]}}],"collection":[{"href":"https:\/\/brandss.com.py\/index\/wp-json\/wp\/v2\/product"}],"about":[{"href":"https:\/\/brandss.com.py\/index\/wp-json\/wp\/v2\/types\/product"}],"replies":[{"embeddable":true,"href":"https:\/\/brandss.com.py\/index\/wp-json\/wp\/v2\/comments?post=63543"}],"version-history":[{"count":1,"href":"https:\/\/brandss.com.py\/index\/wp-json\/wp\/v2\/product\/63543\/revisions"}],"predecessor-version":[{"id":63550,"href":"https:\/\/brandss.com.py\/index\/wp-json\/wp\/v2\/product\/63543\/revisions\/63550"}],"wp:featuredmedia":[{"embeddable":true,"href":"https:\/\/brandss.com.py\/index\/wp-json\/wp\/v2\/media\/63544"}],"wp:attachment":[{"href":"https:\/\/brandss.com.py\/index\/wp-json\/wp\/v2\/media?parent=63543"}],"wp:term":[{"taxonomy":"product_brand","embeddable":true,"href":"https:\/\/brandss.com.py\/index\/wp-json\/wp\/v2\/product_brand?post=63543"},{"taxonomy":"product_cat","embeddable":true,"href":"https:\/\/brandss.com.py\/index\/wp-json\/wp\/v2\/product_cat?post=63543"},{"taxonomy":"product_tag","embeddable":true,"href":"https:\/\/brandss.com.py\/index\/wp-json\/wp\/v2\/product_tag?post=63543"}],"curies":[{"name":"wp","href":"https:\/\/api.w.org\/{rel}","templated":true}]}}