{"id":63551,"date":"2024-12-11T13:45:35","date_gmt":"2024-12-11T13:45:35","guid":{"rendered":"https:\/\/brandss.com.py\/index\/?post_type=product&#038;p=63551"},"modified":"2024-12-11T13:47:08","modified_gmt":"2024-12-11T13:47:08","slug":"shorts-deportivo-femenino-nike-one-luxe","status":"publish","type":"product","link":"https:\/\/brandss.com.py\/index\/producto\/shorts-deportivo-femenino-nike-one-luxe\/","title":{"rendered":"SHORTS DEPORTIVO FEMENINO NIKE ONE LUXE"},"content":{"rendered":"<p><img loading=\"lazy\" decoding=\"async\" class=\"\" src=\"https:\/\/1000marcas.net\/wp-content\/uploads\/2019\/11\/Logo-Nike-.png\" alt=\"Logo de Nike: la historia y el significado del logotipo, la marca y el  s\u00edmbolo. | png, vector\" width=\"110\" height=\"62\" \/><\/p>\n<h1>ONE LUXE<\/h1>\n<p>Estos pantalones cortos de ciclismo de Nike est\u00e1n confeccionados pensando en tus entrenamientos. Confeccionados con fibras de poli\u00e9ster recicladas, son livianos y duraderos para brindar comodidad durante todo el d\u00eda.<\/p>\n<p>Tecnolog\u00eda Dri-FIT que absorbe la humedad<\/p>\n<p>Ajuste ce\u00f1ido para una sensaci\u00f3n de ajuste al cuerpo<\/p>\n<p>Materiales: 50% fibras de poli\u00e9ster reciclado<\/p>\n<p>&nbsp;<\/p>\n<h4>Detalles<\/h4>\n<p><strong>\u2022 Marca:<\/strong> Nike<br \/>\n<strong>\u2022 Color:<\/strong> naranja, azul<br \/>\n<strong>\u2022G\u00e9nero:<\/strong> Femenino<br \/>\n\u2022<strong> Modelo:<\/strong> DM7627-817<\/p>\n","protected":false},"excerpt":{"rendered":"<p>ONE LUXE Estos pantalones cortos de ciclismo de Nike est\u00e1n confeccionados pensando en tus entrenamientos. Confeccionados con fibras de poli\u00e9ster<\/p>\n","protected":false},"featured_media":63552,"comment_status":"open","ping_status":"closed","template":"","meta":{"nf_dc_page":""},"product_brand":[],"product_cat":[73],"product_tag":[],"class_list":{"0":"post-63551","1":"product","2":"type-product","3":"status-publish","4":"has-post-thumbnail","6":"product_cat-femenino","8":"first","9":"instock","10":"shipping-taxable","11":"purchasable","12":"product-type-simple"},"_links":{"self":[{"href":"https:\/\/brandss.com.py\/index\/wp-json\/wp\/v2\/product\/63551","targetHints":{"allow":["GET"]}}],"collection":[{"href":"https:\/\/brandss.com.py\/index\/wp-json\/wp\/v2\/product"}],"about":[{"href":"https:\/\/brandss.com.py\/index\/wp-json\/wp\/v2\/types\/product"}],"replies":[{"embeddable":true,"href":"https:\/\/brandss.com.py\/index\/wp-json\/wp\/v2\/comments?post=63551"}],"version-history":[{"count":1,"href":"https:\/\/brandss.com.py\/index\/wp-json\/wp\/v2\/product\/63551\/revisions"}],"predecessor-version":[{"id":63557,"href":"https:\/\/brandss.com.py\/index\/wp-json\/wp\/v2\/product\/63551\/revisions\/63557"}],"wp:featuredmedia":[{"embeddable":true,"href":"https:\/\/brandss.com.py\/index\/wp-json\/wp\/v2\/media\/63552"}],"wp:attachment":[{"href":"https:\/\/brandss.com.py\/index\/wp-json\/wp\/v2\/media?parent=63551"}],"wp:term":[{"taxonomy":"product_brand","embeddable":true,"href":"https:\/\/brandss.com.py\/index\/wp-json\/wp\/v2\/product_brand?post=63551"},{"taxonomy":"product_cat","embeddable":true,"href":"https:\/\/brandss.com.py\/index\/wp-json\/wp\/v2\/product_cat?post=63551"},{"taxonomy":"product_tag","embeddable":true,"href":"https:\/\/brandss.com.py\/index\/wp-json\/wp\/v2\/product_tag?post=63551"}],"curies":[{"name":"wp","href":"https:\/\/api.w.org\/{rel}","templated":true}]}}