{"id":63558,"date":"2024-12-11T14:39:55","date_gmt":"2024-12-11T14:39:55","guid":{"rendered":"https:\/\/brandss.com.py\/index\/?post_type=product&#038;p=63558"},"modified":"2024-12-11T14:41:45","modified_gmt":"2024-12-11T14:41:45","slug":"shorts-deportivo-femenino-nike-summer-attack","status":"publish","type":"product","link":"https:\/\/brandss.com.py\/index\/producto\/shorts-deportivo-femenino-nike-summer-attack\/","title":{"rendered":"SHORTS DEPORTIVO FEMENINO NIKE SUMMER ATTACK"},"content":{"rendered":"<p><img loading=\"lazy\" decoding=\"async\" class=\"\" src=\"https:\/\/1000marcas.net\/wp-content\/uploads\/2019\/11\/Logo-Nike-.png\" alt=\"Logo de Nike: la historia y el significado del logotipo, la marca y el  s\u00edmbolo. | png, vector\" width=\"101\" height=\"57\" \/><\/p>\n<h1>SUMMER ATTACK<\/h1>\n<p><span>Realiza tu pr\u00f3ximo entrenamiento con estos <\/span><b><span>Nike Summer Attack.<\/span><\/b><span>\u00a0Cuentan con cinturilla el\u00e1stica con logos repetidos, cord\u00f3n externo, bolsillos laterales, peque\u00f1as aberturas laterales en el dobladillo y un Swoosh en transfer en el dobladillo izquierdo.<\/span><\/p>\n<h2><span>Caracter\u00edsticas\u00a0<\/span><\/h2>\n<ul>\n<li><span>Composici\u00f3n: 100% poli\u00e9ster (al menos 75% reciclado).<\/span><\/li>\n<li><span>Dri-Fit absorbe el sudor<\/span><\/li>\n<li><span>La cintura el\u00e1stica se puede doblar.<\/span><\/li>\n<li><span>Bolsillos laterales<\/span><\/li>\n<li><span>Cord\u00f3n externo<\/span><\/li>\n<li>Color: Verde agua.<\/li>\n<li>Modelo: DA0319-342<\/li>\n<\/ul>\n","protected":false},"excerpt":{"rendered":"<p>SUMMER ATTACK Realiza tu pr\u00f3ximo entrenamiento con estos Nike Summer Attack.\u00a0Cuentan con cinturilla el\u00e1stica con logos repetidos, cord\u00f3n externo, bolsillos<\/p>\n","protected":false},"featured_media":63559,"comment_status":"open","ping_status":"closed","template":"","meta":{"nf_dc_page":""},"product_brand":[],"product_cat":[73],"product_tag":[],"class_list":{"0":"post-63558","1":"product","2":"type-product","3":"status-publish","4":"has-post-thumbnail","6":"product_cat-femenino","8":"first","9":"instock","10":"shipping-taxable","11":"purchasable","12":"product-type-simple"},"_links":{"self":[{"href":"https:\/\/brandss.com.py\/index\/wp-json\/wp\/v2\/product\/63558","targetHints":{"allow":["GET"]}}],"collection":[{"href":"https:\/\/brandss.com.py\/index\/wp-json\/wp\/v2\/product"}],"about":[{"href":"https:\/\/brandss.com.py\/index\/wp-json\/wp\/v2\/types\/product"}],"replies":[{"embeddable":true,"href":"https:\/\/brandss.com.py\/index\/wp-json\/wp\/v2\/comments?post=63558"}],"version-history":[{"count":1,"href":"https:\/\/brandss.com.py\/index\/wp-json\/wp\/v2\/product\/63558\/revisions"}],"predecessor-version":[{"id":63565,"href":"https:\/\/brandss.com.py\/index\/wp-json\/wp\/v2\/product\/63558\/revisions\/63565"}],"wp:featuredmedia":[{"embeddable":true,"href":"https:\/\/brandss.com.py\/index\/wp-json\/wp\/v2\/media\/63559"}],"wp:attachment":[{"href":"https:\/\/brandss.com.py\/index\/wp-json\/wp\/v2\/media?parent=63558"}],"wp:term":[{"taxonomy":"product_brand","embeddable":true,"href":"https:\/\/brandss.com.py\/index\/wp-json\/wp\/v2\/product_brand?post=63558"},{"taxonomy":"product_cat","embeddable":true,"href":"https:\/\/brandss.com.py\/index\/wp-json\/wp\/v2\/product_cat?post=63558"},{"taxonomy":"product_tag","embeddable":true,"href":"https:\/\/brandss.com.py\/index\/wp-json\/wp\/v2\/product_tag?post=63558"}],"curies":[{"name":"wp","href":"https:\/\/api.w.org\/{rel}","templated":true}]}}