{"id":63566,"date":"2024-12-11T16:41:52","date_gmt":"2024-12-11T16:41:52","guid":{"rendered":"https:\/\/brandss.com.py\/index\/?post_type=product&#038;p=63566"},"modified":"2024-12-11T16:42:41","modified_gmt":"2024-12-11T16:42:41","slug":"shorts-deportivo-femenino-nike-flex-essential-2-en-1","status":"publish","type":"product","link":"https:\/\/brandss.com.py\/index\/producto\/shorts-deportivo-femenino-nike-flex-essential-2-en-1\/","title":{"rendered":"SHORTS DEPORTIVO FEMENINO NIKE FLEX ESSENTIAL 2 EN 1"},"content":{"rendered":"<p><img loading=\"lazy\" decoding=\"async\" class=\"\" src=\"https:\/\/1000marcas.net\/wp-content\/uploads\/2019\/11\/Logo-Nike-.png\" alt=\"Logo de Nike: la historia y el significado del logotipo, la marca y el  s\u00edmbolo. | png, vector\" width=\"96\" height=\"54\" \/><\/p>\n<h1>FLEX ESSENTIAL 2 EN 1<\/h1>\n<p class=\"headline-3\">Versatilidad excepcional: shorts de entrenamiento 2 en 1 para mujer Nike Flex Essential<\/p>\n<p>Los shorts de running de ajuste holgado facilitan el flujo del aire y aportan libertad, mientras que los shorts de compresi\u00f3n ajustada se sienten c\u00f3modos y seguros. Estos shorts se caracterizan por su dise\u00f1o dos en uno: una capa exterior holgada y tejida con una capa base el\u00e1stica incorporada debajo.<\/p>\n<p><strong>Caracter\u00edsticas principales:<\/strong><\/p>\n<ul>\n<li>Las partes de abajo ajustadas evitan la fricci\u00f3n con una capa espaciosa en la parte superior<\/li>\n<li>Los bolsillos interiores permiten guardar objetos imprescindibles, incluido un bolsillo lo suficientemente grande para guardar un tel\u00e9fono<\/li>\n<li>Tela absorbente de sudor<\/li>\n<\/ul>\n<div class=\"description-text\">\n<section class=\"productDescription\">\n<div class=\"product-component\">\n<h3>Ajuste y dise\u00f1o:<\/h3>\n<ul>\n<li>Los pantalones cortos exteriores tienen un ajuste est\u00e1ndar para una sensaci\u00f3n relajada y f\u00e1cil<\/li>\n<li>Los pantalones cortos incorporados tienen un ajuste ajustado para una sensaci\u00f3n de abrazo del cuerpo<\/li>\n<li>Bolsillo lateral derecho puede sostener de forma segura un tel\u00e9fono<\/li>\n<li>Nike\u00ae &#8220;Just Do It.&#8221; repetir gr\u00e1fico en la cintura interior<\/li>\n<li>Logo Nike\u00ae Swoosh en el lado izquierdo<\/li>\n<li>Cintura el\u00e1stica con cord\u00f3n ajustable<\/li>\n<\/ul>\n<h3>TECNOLOG\u00cdA:<\/h3>\n<ul>\n<li>La tela Nike\u00ae Flex se estira con tu cuerpo, ayud\u00e1ndote a aprovechar al m\u00e1ximo tu rendimiento<\/li>\n<li>La tecnolog\u00eda absorbente de sudor aleja la humedad de la piel para mantenerte seco y c\u00f3modo<\/li>\n<\/ul>\n<h3>DETALLES ADICIONALES:<\/h3>\n<ul>\n<li>Cuidado recomendado: Lavar a m\u00e1quina<\/li>\n<li><span class=\"ng-star-inserted\">Pa\u00eds de origen: importado<\/span><\/li>\n<li><span class=\"ng-star-inserted\">Modelo: DC5412-085<\/span><\/li>\n<li><span class=\"ng-star-inserted\">Tela: Cuerpo: 88% poli\u00e9ster \/ 12% spandex | Apretado: 82% poli\u00e9ster \/ 18% spandex | Forro reforzado: 100% poli\u00e9ster<\/span><\/li>\n<li><span class=\"ng-star-inserted\">Marca:\u00a0Nike<\/span><\/li>\n<\/ul>\n<\/div>\n<\/section>\n<\/div>\n","protected":false},"excerpt":{"rendered":"<p>FLEX ESSENTIAL 2 EN 1 Versatilidad excepcional: shorts de entrenamiento 2 en 1 para mujer Nike Flex Essential Los shorts<\/p>\n","protected":false},"featured_media":63567,"comment_status":"open","ping_status":"closed","template":"","meta":{"nf_dc_page":""},"product_brand":[],"product_cat":[73],"product_tag":[],"class_list":{"0":"post-63566","1":"product","2":"type-product","3":"status-publish","4":"has-post-thumbnail","6":"product_cat-femenino","8":"first","9":"instock","10":"shipping-taxable","11":"purchasable","12":"product-type-simple"},"_links":{"self":[{"href":"https:\/\/brandss.com.py\/index\/wp-json\/wp\/v2\/product\/63566","targetHints":{"allow":["GET"]}}],"collection":[{"href":"https:\/\/brandss.com.py\/index\/wp-json\/wp\/v2\/product"}],"about":[{"href":"https:\/\/brandss.com.py\/index\/wp-json\/wp\/v2\/types\/product"}],"replies":[{"embeddable":true,"href":"https:\/\/brandss.com.py\/index\/wp-json\/wp\/v2\/comments?post=63566"}],"version-history":[{"count":1,"href":"https:\/\/brandss.com.py\/index\/wp-json\/wp\/v2\/product\/63566\/revisions"}],"predecessor-version":[{"id":63571,"href":"https:\/\/brandss.com.py\/index\/wp-json\/wp\/v2\/product\/63566\/revisions\/63571"}],"wp:featuredmedia":[{"embeddable":true,"href":"https:\/\/brandss.com.py\/index\/wp-json\/wp\/v2\/media\/63567"}],"wp:attachment":[{"href":"https:\/\/brandss.com.py\/index\/wp-json\/wp\/v2\/media?parent=63566"}],"wp:term":[{"taxonomy":"product_brand","embeddable":true,"href":"https:\/\/brandss.com.py\/index\/wp-json\/wp\/v2\/product_brand?post=63566"},{"taxonomy":"product_cat","embeddable":true,"href":"https:\/\/brandss.com.py\/index\/wp-json\/wp\/v2\/product_cat?post=63566"},{"taxonomy":"product_tag","embeddable":true,"href":"https:\/\/brandss.com.py\/index\/wp-json\/wp\/v2\/product_tag?post=63566"}],"curies":[{"name":"wp","href":"https:\/\/api.w.org\/{rel}","templated":true}]}}