{"id":63572,"date":"2024-12-11T17:04:10","date_gmt":"2024-12-11T17:04:10","guid":{"rendered":"https:\/\/brandss.com.py\/index\/?post_type=product&#038;p=63572"},"modified":"2024-12-11T17:05:23","modified_gmt":"2024-12-11T17:05:23","slug":"shorts-deportivo-femenino-nike-dri-fit-isofly","status":"publish","type":"product","link":"https:\/\/brandss.com.py\/index\/producto\/shorts-deportivo-femenino-nike-dri-fit-isofly\/","title":{"rendered":"SHORTS DEPORTIVO FEMENINO NIKE DRI-FIT ISOFLY"},"content":{"rendered":"<p><img loading=\"lazy\" decoding=\"async\" class=\"\" src=\"https:\/\/1000marcas.net\/wp-content\/uploads\/2019\/11\/Logo-Nike-.png\" alt=\"Logo de Nike: la historia y el significado del logotipo, la marca y el  s\u00edmbolo. | png, vector\" width=\"101\" height=\"57\" \/><\/p>\n<h1>DRI-FIT ISOFLY<\/h1>\n<p class=\"nds-text pb4-sm css-1gn9yhm e1yhcai00 appearance-body1 color-primary weight-bold\" data-testid=\"product-reason-to-buy\"><span>LISTO PARA TU JUEGO.<\/span><\/p>\n<p class=\"nds-text pb4-sm css-qtj9g7 e1yhcai00 appearance-body1 color-primary weight-regular\" data-testid=\"product-description\"><span>Lleva tu concentraci\u00f3n, fiereza y esp\u00edritu de lucha a la cancha de baloncesto con los pantalones cortos de baloncesto Nike Dri-FIT ISoFly. Est\u00e1n dise\u00f1ados para caderas y piernas m\u00e1s anchas y tienen una longitud de entrepierna \u00f3ptima. La tela liviana con tecnolog\u00eda que absorbe el sudor te ayuda a mantenerte c\u00f3modo.<\/span><\/p>\n<div data-testid=\"benefit-section\"><\/div>\n<div data-testid=\"benefit-section\">\n<h4 class=\"nds-text pb2-sm css-1m2rxfq e1yhcai00 appearance-title4 color-primary weight-regular\" data-testid=\"benefit-header\"><span>Beneficios<\/span><\/h4>\n<ul class=\"ncss-list-ul pb4-sm\" data-testid=\"benefit-list\">\n<li class=\"nds-text ncss-li css-xlkxpi e1yhcai00 appearance-body1 color-primary weight-regular\"><span>La tecnolog\u00eda Nike Dri-FIT aleja el sudor de la piel para una evaporaci\u00f3n m\u00e1s r\u00e1pida, lo que ayuda a mantenerte seco y c\u00f3modo.<\/span><\/li>\n<li class=\"nds-text ncss-li css-xlkxpi e1yhcai00 appearance-body1 color-primary weight-regular\"><span>La tela de punto liviana se siente suave, tersa y transpirable.<\/span><\/li>\n<li class=\"nds-text ncss-li css-xlkxpi e1yhcai00 appearance-body1 color-primary weight-regular\"><span>El logotipo Swoosh Fly bordado es la marca de Nike Women&#8217;s Basketball.<\/span><\/li>\n<\/ul>\n<\/div>\n<div data-testid=\"benefit-section\"><\/div>\n<div data-testid=\"benefit-section\">\n<h4 class=\"nds-text pb2-sm css-1m2rxfq e1yhcai00 appearance-title4 color-primary weight-regular\" data-testid=\"benefit-header\"><span>Detalles del producto<\/span><\/h4>\n<ul class=\"ncss-list-ul pb4-sm\" data-testid=\"benefit-list\">\n<li class=\"nds-text ncss-li css-xlkxpi e1yhcai00 appearance-body1 color-primary weight-regular\"><span>Ajuste est\u00e1ndar para una sensaci\u00f3n relajada y c\u00f3moda.<\/span><\/li>\n<li class=\"nds-text ncss-li css-xlkxpi e1yhcai00 appearance-body1 color-primary weight-regular\"><span>Cintura el\u00e1stica<\/span><\/li>\n<li class=\"nds-text ncss-li css-xlkxpi e1yhcai00 appearance-body1 color-primary weight-regular\"><span>Bolsillos de malla para las manos<\/span><\/li>\n<li class=\"nds-text ncss-li css-xlkxpi e1yhcai00 appearance-body1 color-primary weight-regular\"><span>100% poli\u00e9ster<\/span><\/li>\n<li class=\"nds-text ncss-li css-xlkxpi e1yhcai00 appearance-body1 color-primary weight-regular\"><span>Lavado a m\u00e1quina<\/span><\/li>\n<li class=\"nds-text ncss-li css-xlkxpi e1yhcai00 appearance-body1 color-primary weight-regular\"><span>Importado<\/span><\/li>\n<li class=\"nds-text ncss-li css-xlkxpi e1yhcai00 appearance-body1 color-primary weight-regular\"><span>Se muestra: Fucshia\/Coral\/negro<\/span><\/li>\n<li class=\"nds-text ncss-li css-xlkxpi e1yhcai00 appearance-body1 color-primary weight-regular\"><span>Modelo: DH7363-621<\/span><\/li>\n<\/ul>\n<\/div>\n","protected":false},"excerpt":{"rendered":"<p>DRI-FIT ISOFLY LISTO PARA TU JUEGO. Lleva tu concentraci\u00f3n, fiereza y esp\u00edritu de lucha a la cancha de baloncesto con<\/p>\n","protected":false},"featured_media":63573,"comment_status":"open","ping_status":"closed","template":"","meta":{"nf_dc_page":""},"product_brand":[],"product_cat":[73],"product_tag":[],"class_list":{"0":"post-63572","1":"product","2":"type-product","3":"status-publish","4":"has-post-thumbnail","6":"product_cat-femenino","8":"first","9":"instock","10":"shipping-taxable","11":"purchasable","12":"product-type-simple"},"_links":{"self":[{"href":"https:\/\/brandss.com.py\/index\/wp-json\/wp\/v2\/product\/63572","targetHints":{"allow":["GET"]}}],"collection":[{"href":"https:\/\/brandss.com.py\/index\/wp-json\/wp\/v2\/product"}],"about":[{"href":"https:\/\/brandss.com.py\/index\/wp-json\/wp\/v2\/types\/product"}],"replies":[{"embeddable":true,"href":"https:\/\/brandss.com.py\/index\/wp-json\/wp\/v2\/comments?post=63572"}],"version-history":[{"count":1,"href":"https:\/\/brandss.com.py\/index\/wp-json\/wp\/v2\/product\/63572\/revisions"}],"predecessor-version":[{"id":63579,"href":"https:\/\/brandss.com.py\/index\/wp-json\/wp\/v2\/product\/63572\/revisions\/63579"}],"wp:featuredmedia":[{"embeddable":true,"href":"https:\/\/brandss.com.py\/index\/wp-json\/wp\/v2\/media\/63573"}],"wp:attachment":[{"href":"https:\/\/brandss.com.py\/index\/wp-json\/wp\/v2\/media?parent=63572"}],"wp:term":[{"taxonomy":"product_brand","embeddable":true,"href":"https:\/\/brandss.com.py\/index\/wp-json\/wp\/v2\/product_brand?post=63572"},{"taxonomy":"product_cat","embeddable":true,"href":"https:\/\/brandss.com.py\/index\/wp-json\/wp\/v2\/product_cat?post=63572"},{"taxonomy":"product_tag","embeddable":true,"href":"https:\/\/brandss.com.py\/index\/wp-json\/wp\/v2\/product_tag?post=63572"}],"curies":[{"name":"wp","href":"https:\/\/api.w.org\/{rel}","templated":true}]}}