{"id":63580,"date":"2024-12-11T17:26:56","date_gmt":"2024-12-11T17:26:56","guid":{"rendered":"https:\/\/brandss.com.py\/index\/?post_type=product&#038;p=63580"},"modified":"2024-12-11T17:27:44","modified_gmt":"2024-12-11T17:27:44","slug":"shorts-deportivo-femenino-nike-dri-fit-tempo-luxe-5","status":"publish","type":"product","link":"https:\/\/brandss.com.py\/index\/producto\/shorts-deportivo-femenino-nike-dri-fit-tempo-luxe-5\/","title":{"rendered":"SHORTS DEPORTIVO FEMENINO NIKE DRI-FIT TEMPO LUXE 5&#8243;"},"content":{"rendered":"<p><img loading=\"lazy\" decoding=\"async\" class=\"\" src=\"https:\/\/1000marcas.net\/wp-content\/uploads\/2019\/11\/Logo-Nike-.png\" alt=\"Logo de Nike: la historia y el significado del logotipo, la marca y el  s\u00edmbolo. | png, vector\" width=\"83\" height=\"47\" \/><\/p>\n<h1>DRI-FIT TEMPO LUXE 5&#8243;<\/h1>\n<p class=\"nds-text pb4-sm css-1gn9yhm e1yhcai00 appearance-body1 color-primary weight-bold\" data-testid=\"product-reason-to-buy\"><span>LOS PANTALONES CORTOS DEPORTIVOS DEFINITIVOS, DISE\u00d1ADOS PARA EL MOVIMIENTO.<\/span><\/p>\n<p class=\"nds-text pb4-sm css-qtj9g7 e1yhcai00 appearance-body1 color-primary weight-regular\" data-testid=\"product-description\"><span>Combina el ADN ic\u00f3nico con un estilo que llama la atenci\u00f3n. Los pantalones cortos Nike Tempo Luxe utilizan tela el\u00e1stica y aberturas laterales para mayor libertad de movimiento. Los pr\u00e1cticos bolsillos brindan muchas opciones de almacenamiento discretas.<\/span><\/p>\n<div data-testid=\"benefit-section\"><\/div>\n<div data-testid=\"benefit-section\">\n<h4 class=\"nds-text pb2-sm css-1m2rxfq e1yhcai00 appearance-title4 color-primary weight-regular\" data-testid=\"benefit-header\"><span>Beneficios<\/span><\/h4>\n<ul class=\"ncss-list-ul pb4-sm\" data-testid=\"benefit-list\">\n<li class=\"nds-text ncss-li css-xlkxpi e1yhcai00 appearance-body1 color-primary weight-regular\"><span>La tela Nike Flex se estira con tu cuerpo.<\/span><\/li>\n<li class=\"nds-text ncss-li css-xlkxpi e1yhcai00 appearance-body1 color-primary weight-regular\"><span>Las aberturas laterales brindan transpirabilidad y al mismo tiempo te ayudan a moverte libremente.<\/span><\/li>\n<li class=\"nds-text ncss-li css-xlkxpi e1yhcai00 appearance-body1 color-primary weight-regular\"><span>El bolsillo lateral con cremallera es lo suficientemente grande para guardar tu tel\u00e9fono.<\/span><\/li>\n<li class=\"nds-text ncss-li css-xlkxpi e1yhcai00 appearance-body1 color-primary weight-regular\"><span>El bolsillo interior puede contener una llave o una tarjeta.<\/span><\/li>\n<li class=\"nds-text ncss-li css-xlkxpi e1yhcai00 appearance-body1 color-primary weight-regular\"><span>La tecnolog\u00eda Dri-FIT te ayuda a mantenerte seco y c\u00f3modo.<\/span><\/li>\n<\/ul>\n<\/div>\n<div data-testid=\"benefit-section\"><\/div>\n<div data-testid=\"benefit-section\">\n<h4 class=\"nds-text pb2-sm css-1m2rxfq e1yhcai00 appearance-title4 color-primary weight-regular\" data-testid=\"benefit-header\"><span>Detalles del producto<\/span><\/h4>\n<ul class=\"ncss-list-ul pb4-sm\" data-testid=\"benefit-list\">\n<li class=\"nds-text ncss-li css-xlkxpi e1yhcai00 appearance-body1 color-primary weight-regular\"><span>100% poli\u00e9ster<\/span><\/li>\n<li class=\"nds-text ncss-li css-xlkxpi e1yhcai00 appearance-body1 color-primary weight-regular\"><span>Lavado a m\u00e1quina<\/span><\/li>\n<li class=\"nds-text ncss-li css-xlkxpi e1yhcai00 appearance-body1 color-primary weight-regular\"><span>Importado<\/span><\/li>\n<li class=\"nds-text ncss-li css-xlkxpi e1yhcai00 appearance-body1 color-primary weight-regular\"><span>No est\u00e1 destinado a utilizarse como equipo de protecci\u00f3n individual (EPI)<\/span><\/li>\n<li class=\"nds-text ncss-li css-xlkxpi e1yhcai00 appearance-body1 color-primary weight-regular\"><span>Color mostrado: Verde<\/span><\/li>\n<li class=\"nds-text ncss-li css-xlkxpi e1yhcai00 appearance-body1 color-primary weight-regular\"><span>Estilo: CZ9576-321<\/span><\/li>\n<\/ul>\n<\/div>\n","protected":false},"excerpt":{"rendered":"<p>DRI-FIT TEMPO LUXE 5&#8243; LOS PANTALONES CORTOS DEPORTIVOS DEFINITIVOS, DISE\u00d1ADOS PARA EL MOVIMIENTO. Combina el ADN ic\u00f3nico con un estilo<\/p>\n","protected":false},"featured_media":63581,"comment_status":"open","ping_status":"closed","template":"","meta":{"nf_dc_page":""},"product_brand":[],"product_cat":[73],"product_tag":[],"class_list":{"0":"post-63580","1":"product","2":"type-product","3":"status-publish","4":"has-post-thumbnail","6":"product_cat-femenino","8":"first","9":"instock","10":"shipping-taxable","11":"purchasable","12":"product-type-simple"},"_links":{"self":[{"href":"https:\/\/brandss.com.py\/index\/wp-json\/wp\/v2\/product\/63580","targetHints":{"allow":["GET"]}}],"collection":[{"href":"https:\/\/brandss.com.py\/index\/wp-json\/wp\/v2\/product"}],"about":[{"href":"https:\/\/brandss.com.py\/index\/wp-json\/wp\/v2\/types\/product"}],"replies":[{"embeddable":true,"href":"https:\/\/brandss.com.py\/index\/wp-json\/wp\/v2\/comments?post=63580"}],"version-history":[{"count":1,"href":"https:\/\/brandss.com.py\/index\/wp-json\/wp\/v2\/product\/63580\/revisions"}],"predecessor-version":[{"id":63587,"href":"https:\/\/brandss.com.py\/index\/wp-json\/wp\/v2\/product\/63580\/revisions\/63587"}],"wp:featuredmedia":[{"embeddable":true,"href":"https:\/\/brandss.com.py\/index\/wp-json\/wp\/v2\/media\/63581"}],"wp:attachment":[{"href":"https:\/\/brandss.com.py\/index\/wp-json\/wp\/v2\/media?parent=63580"}],"wp:term":[{"taxonomy":"product_brand","embeddable":true,"href":"https:\/\/brandss.com.py\/index\/wp-json\/wp\/v2\/product_brand?post=63580"},{"taxonomy":"product_cat","embeddable":true,"href":"https:\/\/brandss.com.py\/index\/wp-json\/wp\/v2\/product_cat?post=63580"},{"taxonomy":"product_tag","embeddable":true,"href":"https:\/\/brandss.com.py\/index\/wp-json\/wp\/v2\/product_tag?post=63580"}],"curies":[{"name":"wp","href":"https:\/\/api.w.org\/{rel}","templated":true}]}}