{"id":63588,"date":"2024-12-11T18:50:29","date_gmt":"2024-12-11T18:50:29","guid":{"rendered":"https:\/\/brandss.com.py\/index\/?post_type=product&#038;p=63588"},"modified":"2024-12-11T18:51:21","modified_gmt":"2024-12-11T18:51:21","slug":"calzado-deportivo-femenino-nike-air-max-bella-tr-5","status":"publish","type":"product","link":"https:\/\/brandss.com.py\/index\/producto\/calzado-deportivo-femenino-nike-air-max-bella-tr-5\/","title":{"rendered":"CALZADO DEPORTIVO FEMENINO NIKE AIR MAX BELLA TR 5"},"content":{"rendered":"<p><img loading=\"lazy\" decoding=\"async\" class=\"\" src=\"https:\/\/1000marcas.net\/wp-content\/uploads\/2019\/11\/Logo-Nike-.png\" alt=\"Logo de Nike: la historia y el significado del logotipo, la marca y el  s\u00edmbolo. | png, vector\" width=\"84\" height=\"47\" \/><\/p>\n<h1>AIR MAX BELLA TR 5<\/h1>\n<h2 class=\"headline-5 pb1-sm d-sm-ib\" data-test=\"product-sub-title\"><span>Zapatillas de entrenamiento para mujer<\/span><\/h2>\n<p><b class=\"headline-5\"><span>ENTRENA AL M\u00c1XIMO. LUCE LO MEJOR QUE PUEDAS.<\/span><\/b><\/p>\n<p><span>Las Nike Air Max Bella TR 5 combinan el rebote y la belleza de la amortiguaci\u00f3n Max Air con una suela plana que brinda una ventaja estabilizadora mientras tonificas y esculpes tu cuerpo con peso. Este dise\u00f1o actualizado aumenta la contenci\u00f3n y el soporte alrededor de los costados y la parte superior del pie para ayudarte a mantenerte firme y seguro durante los exigentes entrenamientos de fuerza.<\/span><\/p>\n<p><b class=\"headline-5\"><span>Contenci\u00f3n de apoyo<\/span><\/b><\/p>\n<p><span>La correa el\u00e1stica se integra con la construcci\u00f3n tipo manga y el cord\u00f3n tradicional para sujetar el mediopi\u00e9 con un ajuste m\u00e1s seguro y c\u00f3modo que no se afloja cuando necesitas esforzarte al m\u00e1ximo. El cuero sint\u00e9tico envuelve el tal\u00f3n para una mayor durabilidad.<\/span><\/p>\n<p><b class=\"headline-5\"><span>Comodidad constante<\/span><\/b><\/p>\n<p><span>La entresuela de espuma y la unidad Max Air en el tal\u00f3n aportan estabilidad y amortiguaci\u00f3n de alto rendimiento a cada paso. El borde elevado sostiene el pie durante el movimiento lateral.<\/span><\/p>\n<p><b class=\"headline-5\"><span>Tracci\u00f3n inteligente<\/span><\/b><\/p>\n<p><span>La suela plana ayuda a mantenerte estable en las superficies del gimnasio, mientras que la banda de goma te brinda m\u00e1s agarre.<\/span><\/p>\n<p><b class=\"headline-5\"><span>M\u00e1s beneficios<\/span><\/b><\/p>\n<ul>\n<li><span>La malla texturizada es ligera y transpirable.<\/span><\/li>\n<li><span>La correa el\u00e1stica cruza la parte superior del pie para un ajuste m\u00e1s seguro.<\/span><\/li>\n<li><span>Leng\u00fcetas en la leng\u00fceta y el tal\u00f3n para poner y quitar f\u00e1cilmente.<\/span><\/li>\n<li>Color: Blanco<\/li>\n<li>Modelo: DD9285-100<\/li>\n<\/ul>\n","protected":false},"excerpt":{"rendered":"<p>AIR MAX BELLA TR 5 Zapatillas de entrenamiento para mujer ENTRENA AL M\u00c1XIMO. LUCE LO MEJOR QUE PUEDAS. Las Nike<\/p>\n","protected":false},"featured_media":63589,"comment_status":"open","ping_status":"closed","template":"","meta":{"nf_dc_page":""},"product_brand":[],"product_cat":[73],"product_tag":[],"class_list":{"0":"post-63588","1":"product","2":"type-product","3":"status-publish","4":"has-post-thumbnail","6":"product_cat-femenino","8":"first","9":"instock","10":"shipping-taxable","11":"purchasable","12":"product-type-simple"},"_links":{"self":[{"href":"https:\/\/brandss.com.py\/index\/wp-json\/wp\/v2\/product\/63588","targetHints":{"allow":["GET"]}}],"collection":[{"href":"https:\/\/brandss.com.py\/index\/wp-json\/wp\/v2\/product"}],"about":[{"href":"https:\/\/brandss.com.py\/index\/wp-json\/wp\/v2\/types\/product"}],"replies":[{"embeddable":true,"href":"https:\/\/brandss.com.py\/index\/wp-json\/wp\/v2\/comments?post=63588"}],"version-history":[{"count":1,"href":"https:\/\/brandss.com.py\/index\/wp-json\/wp\/v2\/product\/63588\/revisions"}],"predecessor-version":[{"id":63600,"href":"https:\/\/brandss.com.py\/index\/wp-json\/wp\/v2\/product\/63588\/revisions\/63600"}],"wp:featuredmedia":[{"embeddable":true,"href":"https:\/\/brandss.com.py\/index\/wp-json\/wp\/v2\/media\/63589"}],"wp:attachment":[{"href":"https:\/\/brandss.com.py\/index\/wp-json\/wp\/v2\/media?parent=63588"}],"wp:term":[{"taxonomy":"product_brand","embeddable":true,"href":"https:\/\/brandss.com.py\/index\/wp-json\/wp\/v2\/product_brand?post=63588"},{"taxonomy":"product_cat","embeddable":true,"href":"https:\/\/brandss.com.py\/index\/wp-json\/wp\/v2\/product_cat?post=63588"},{"taxonomy":"product_tag","embeddable":true,"href":"https:\/\/brandss.com.py\/index\/wp-json\/wp\/v2\/product_tag?post=63588"}],"curies":[{"name":"wp","href":"https:\/\/api.w.org\/{rel}","templated":true}]}}