{"id":63642,"date":"2024-12-12T16:39:58","date_gmt":"2024-12-12T16:39:58","guid":{"rendered":"https:\/\/brandss.com.py\/index\/?post_type=product&#038;p=63642"},"modified":"2024-12-12T16:42:21","modified_gmt":"2024-12-12T16:42:21","slug":"calzado-deportivo-femenino-nike-p-6000","status":"publish","type":"product","link":"https:\/\/brandss.com.py\/index\/producto\/calzado-deportivo-femenino-nike-p-6000\/","title":{"rendered":"CALZADO DEPORTIVO FEMENINO NIKE P-6000"},"content":{"rendered":"<p><img loading=\"lazy\" decoding=\"async\" class=\"\" src=\"https:\/\/1000marcas.net\/wp-content\/uploads\/2019\/11\/Logo-Nike-.png\" alt=\"Logo de Nike: la historia y el significado del logotipo, la marca y el  s\u00edmbolo. | png, vector\" width=\"80\" height=\"45\" \/><\/p>\n<h1>P-6000<\/h1>\n<div class=\"col l-col-16\">\n<div class=\"product-tabs__content__slice\">\n<div class=\"product-tabs__content__cms\">\n<p><span>El ep\u00edtome del estilo y la funcionalidad, inspirado en los estilos de correr de principios de la d\u00e9cada de 2000.\u00a0Las Nike P-6000, una fusi\u00f3n de elementos del pasado de Pegasus, presentan una malla transpirable con capas horizontales y verticales para lograr un estilo de running de los a\u00f1os 2000 tan llamativo como, por ejemplo, un majestuoso caballo alado. Inspiradas en el dise\u00f1o de las Nike Pegasus 25 y 2006, su est\u00e9tica para correr se combina con la comodidad para las calles durante todo el d\u00eda.<\/span><\/p>\n<div><\/div>\n<\/div>\n<\/div>\n<\/div>\n<div class=\"col l-col-16\">\n<div class=\"product-tabs__content__slice\">\n<div id=\"product__description\" class=\"product-tabs__content__cms\">\n<h2><span>Caracter\u00edsticas del producto\u00a0<\/span><\/h2>\n<ul>\n<li><span>La parte superior de cuero, tela y material sint\u00e9tico brinda un soporte c\u00f3modo.<\/span><\/li>\n<li><span>El dise\u00f1o se inspira en las Nike Pegasus 25 y Nike Pegasus 2006<\/span><\/li>\n<li><span>La entresuela de espuma proporciona una amortiguaci\u00f3n ligera.<\/span><\/li>\n<li><span>La plantilla acolchada proporciona una sensaci\u00f3n c\u00f3moda bajo los pies.<\/span><\/li>\n<li><span>La suela de goma proporciona una tracci\u00f3n duradera.<\/span><\/li>\n<li>Modelo: BV1021-004.<\/li>\n<li>Color: Black\/Anthracite\/White.<\/li>\n<\/ul>\n<\/div>\n<\/div>\n<\/div>\n","protected":false},"excerpt":{"rendered":"<p>P-6000 El ep\u00edtome del estilo y la funcionalidad, inspirado en los estilos de correr de principios de la d\u00e9cada de<\/p>\n","protected":false},"featured_media":63643,"comment_status":"open","ping_status":"closed","template":"","meta":{"nf_dc_page":""},"product_brand":[],"product_cat":[73],"product_tag":[],"class_list":{"0":"post-63642","1":"product","2":"type-product","3":"status-publish","4":"has-post-thumbnail","6":"product_cat-femenino","8":"first","9":"instock","10":"shipping-taxable","11":"purchasable","12":"product-type-simple"},"_links":{"self":[{"href":"https:\/\/brandss.com.py\/index\/wp-json\/wp\/v2\/product\/63642","targetHints":{"allow":["GET"]}}],"collection":[{"href":"https:\/\/brandss.com.py\/index\/wp-json\/wp\/v2\/product"}],"about":[{"href":"https:\/\/brandss.com.py\/index\/wp-json\/wp\/v2\/types\/product"}],"replies":[{"embeddable":true,"href":"https:\/\/brandss.com.py\/index\/wp-json\/wp\/v2\/comments?post=63642"}],"version-history":[{"count":2,"href":"https:\/\/brandss.com.py\/index\/wp-json\/wp\/v2\/product\/63642\/revisions"}],"predecessor-version":[{"id":63658,"href":"https:\/\/brandss.com.py\/index\/wp-json\/wp\/v2\/product\/63642\/revisions\/63658"}],"wp:featuredmedia":[{"embeddable":true,"href":"https:\/\/brandss.com.py\/index\/wp-json\/wp\/v2\/media\/63643"}],"wp:attachment":[{"href":"https:\/\/brandss.com.py\/index\/wp-json\/wp\/v2\/media?parent=63642"}],"wp:term":[{"taxonomy":"product_brand","embeddable":true,"href":"https:\/\/brandss.com.py\/index\/wp-json\/wp\/v2\/product_brand?post=63642"},{"taxonomy":"product_cat","embeddable":true,"href":"https:\/\/brandss.com.py\/index\/wp-json\/wp\/v2\/product_cat?post=63642"},{"taxonomy":"product_tag","embeddable":true,"href":"https:\/\/brandss.com.py\/index\/wp-json\/wp\/v2\/product_tag?post=63642"}],"curies":[{"name":"wp","href":"https:\/\/api.w.org\/{rel}","templated":true}]}}