{"id":63659,"date":"2024-12-12T18:18:06","date_gmt":"2024-12-12T18:18:06","guid":{"rendered":"https:\/\/brandss.com.py\/index\/?post_type=product&#038;p=63659"},"modified":"2024-12-12T18:19:01","modified_gmt":"2024-12-12T18:19:01","slug":"calzado-deportivo-femenino-nike-flex-experience-run-11","status":"publish","type":"product","link":"https:\/\/brandss.com.py\/index\/producto\/calzado-deportivo-femenino-nike-flex-experience-run-11\/","title":{"rendered":"CALZADO DEPORTIVO FEMENINO NIKE FLEX EXPERIENCE RUN 11"},"content":{"rendered":"<p><img loading=\"lazy\" decoding=\"async\" class=\"\" src=\"https:\/\/1000marcas.net\/wp-content\/uploads\/2019\/11\/Logo-Nike-.png\" alt=\"Logo de Nike: la historia y el significado del logotipo, la marca y el  s\u00edmbolo. | png, vector\" width=\"80\" height=\"45\" \/><\/p>\n<h1>FLEX EXPERIENCE RUN 11<\/h1>\n<p data-spm-anchor-id=\"a2o42.pdp_revamp.product_detail.i0.38eb2bb1uI2R5A\"><span>UNA FLEXI\u00d3N FRESCA CON UNA SENSACI\u00d3N NATURAL.<\/span><\/p>\n<p>Los calzados Nike Flex Experience Run 11\u00a0 son unos calzados elegantes y c\u00f3modos de la marca de confianza Nike. Presentan un dise\u00f1o elegante en negro, con una naturaleza flexible y ligera que mejora tu experiencia de carrera. Perfectas para mujeres, estos calzados son modernas y funcionales.<\/p>\n<p><span>C\u00f3modamente zen, como deber\u00eda ser cada carrera. Con las Nike Flex Experience Run 11 Next Nature, creamos un dise\u00f1o liviano y sencillo que se siente tan bien como se ve. Los calzados brindan el soporte correcto y el movimiento es tan natural que jurar\u00e1s que las has usado durante a\u00f1os. Adem\u00e1s, est\u00e1n hechas con al menos un 20 % de contenido reciclado por peso, lo que nos permite seguir avanzando en nuestro camino hacia la sustentabilidad.<\/span><\/p>\n<h4><span>Flexiona tu paso<\/span><\/h4>\n<p><span>Las ranuras flexibles en la suela exterior te permiten moverte con naturalidad desde el tal\u00f3n hasta la punta. La menor cantidad de espuma en la suela exterior permite una mayor flexibilidad y una sensaci\u00f3n de ligereza.<\/span><\/p>\n<h4><span>Ajuste fresco<\/span><\/h4>\n<p><span>La parte superior de punto utiliza malla para lograr un aspecto impecable, ideal para correr y para uso informal. Tiene una sensaci\u00f3n suave y fresca para un ajuste c\u00f3modo y atractivo.<\/span><\/p>\n<h5><span>M\u00e1s beneficios<\/span><\/h5>\n<p><span>La amortiguaci\u00f3n ligera en el tal\u00f3n proporciona una sensaci\u00f3n de suavidad.<\/span><\/p>\n<p><span>La suela tiene un aspecto zen que combina con tu estado mental tranquilo.<\/span><\/p>\n<p class=\"text-sm\">\n<div class=\"flex flex-col justify-between\">\n<div class=\"flex w-full items-center justify-between py-1 text-xs uppercase\">\n<div class=\"text-xs leading-5 tracking-wide\"><strong>Marca: <\/strong><span>Nike<\/span><\/div>\n<\/div>\n<div class=\"flex w-full items-center justify-between py-1 text-xs uppercase\">\n<div class=\"text-xs leading-5 tracking-wide\"><span><strong>Nombre:<\/strong> <\/span><span>Run Flex Experience 11<\/span><\/div>\n<div>\n<div class=\"text-xs leading-5 tracking-wide\"><strong>Modelo:<\/strong> DH5753-010<\/div>\n<\/div>\n<\/div>\n<div class=\"flex w-full items-center justify-between py-1 text-xs uppercase\">\n<div class=\"text-xs leading-5 tracking-wide\"><strong>Color: <\/strong><span>Negro<\/span><\/div>\n<\/div>\n<div class=\"flex w-full items-center justify-between py-1 text-xs uppercase\">\n<div class=\"text-xs leading-5 tracking-wide\"><strong>Categor\u00eda:<\/strong> Calzados para correr<\/div>\n<\/div>\n<div class=\"flex w-full items-center justify-between py-1 text-xs uppercase\">\n<div class=\"text-right font-bold tracking-wide\">\n<div class=\"text-xs\"><\/div>\n<\/div>\n<\/div>\n<\/div>\n","protected":false},"excerpt":{"rendered":"<p>FLEX EXPERIENCE RUN 11 UNA FLEXI\u00d3N FRESCA CON UNA SENSACI\u00d3N NATURAL. Los calzados Nike Flex Experience Run 11\u00a0 son unos<\/p>\n","protected":false},"featured_media":63660,"comment_status":"open","ping_status":"closed","template":"","meta":{"nf_dc_page":""},"product_brand":[],"product_cat":[73],"product_tag":[],"class_list":{"0":"post-63659","1":"product","2":"type-product","3":"status-publish","4":"has-post-thumbnail","6":"product_cat-femenino","8":"first","9":"instock","10":"shipping-taxable","11":"purchasable","12":"product-type-simple"},"_links":{"self":[{"href":"https:\/\/brandss.com.py\/index\/wp-json\/wp\/v2\/product\/63659","targetHints":{"allow":["GET"]}}],"collection":[{"href":"https:\/\/brandss.com.py\/index\/wp-json\/wp\/v2\/product"}],"about":[{"href":"https:\/\/brandss.com.py\/index\/wp-json\/wp\/v2\/types\/product"}],"replies":[{"embeddable":true,"href":"https:\/\/brandss.com.py\/index\/wp-json\/wp\/v2\/comments?post=63659"}],"version-history":[{"count":1,"href":"https:\/\/brandss.com.py\/index\/wp-json\/wp\/v2\/product\/63659\/revisions"}],"predecessor-version":[{"id":63668,"href":"https:\/\/brandss.com.py\/index\/wp-json\/wp\/v2\/product\/63659\/revisions\/63668"}],"wp:featuredmedia":[{"embeddable":true,"href":"https:\/\/brandss.com.py\/index\/wp-json\/wp\/v2\/media\/63660"}],"wp:attachment":[{"href":"https:\/\/brandss.com.py\/index\/wp-json\/wp\/v2\/media?parent=63659"}],"wp:term":[{"taxonomy":"product_brand","embeddable":true,"href":"https:\/\/brandss.com.py\/index\/wp-json\/wp\/v2\/product_brand?post=63659"},{"taxonomy":"product_cat","embeddable":true,"href":"https:\/\/brandss.com.py\/index\/wp-json\/wp\/v2\/product_cat?post=63659"},{"taxonomy":"product_tag","embeddable":true,"href":"https:\/\/brandss.com.py\/index\/wp-json\/wp\/v2\/product_tag?post=63659"}],"curies":[{"name":"wp","href":"https:\/\/api.w.org\/{rel}","templated":true}]}}