{"id":63669,"date":"2024-12-12T19:08:57","date_gmt":"2024-12-12T19:08:57","guid":{"rendered":"https:\/\/brandss.com.py\/index\/?post_type=product&#038;p=63669"},"modified":"2024-12-12T19:09:47","modified_gmt":"2024-12-12T19:09:47","slug":"calzado-deportivo-femenino-nike-flex-experience-run-10","status":"publish","type":"product","link":"https:\/\/brandss.com.py\/index\/producto\/calzado-deportivo-femenino-nike-flex-experience-run-10\/","title":{"rendered":"CALZADO DEPORTIVO FEMENINO NIKE FLEX EXPERIENCE RUN 10"},"content":{"rendered":"<p><img loading=\"lazy\" decoding=\"async\" class=\"\" src=\"https:\/\/1000marcas.net\/wp-content\/uploads\/2019\/11\/Logo-Nike-.png\" alt=\"Logo de Nike: la historia y el significado del logotipo, la marca y el  s\u00edmbolo. | png, vector\" width=\"107\" height=\"60\" \/><\/p>\n<h1>FLEX EXPERIENCE RUN 10<\/h1>\n<p>El Wmns Flex Experience RN 10 es un par de calzado para correr dise\u00f1adas con estilo que son incre\u00edbles para el gimnasio y m\u00e1s all\u00e1. Los zapatos tienen cordones con un dise\u00f1o \u00fanico y cuentan con Nike Flex, que proporciona un movimiento natural mientras te mueves. Confeccionados con una malla transpirable, \u00a1son ideales para la estaci\u00f3n c\u00e1lida!<\/p>\n<p>El material superior transpirable de las zapatillas Nike garantiza un clima agradable para los pies. Una suela de amortiguaci\u00f3n que se ensancha hacia el tal\u00f3n le ofrece una sensaci\u00f3n de ligereza al correr y una gran comodidad de uso. La entresuela amortigua cada paso, mientras que la suela exterior garantiza la sujeci\u00f3n. El Swoosh blanco a\u00f1ade el acento final. La espuma en la zona del tobillo es suave y c\u00f3moda.<\/p>\n<ul class=\"a-unordered-list a-vertical a-spacing-small\">\n<li><span class=\"a-list-item a-size-base a-color-base\">Material ligero y transpirable<\/span><\/li>\n<li><span class=\"a-list-item a-size-base a-color-base\">La leng\u00fceta en el tal\u00f3n permite ponerlo y quitarlo f\u00e1cilmente.<\/span><\/li>\n<li><span class=\"a-list-item a-size-base a-color-base\">Las ranuras de flexi\u00f3n en la suela exterior permiten movimientos naturales. El material el\u00e1stico en la zona de la puntera garantiza la libertad de movimiento.<\/span><\/li>\n<li>Color: Black\/Fireberry\/Dk Smoke Grey<\/li>\n<li>Modelo: <span class=\"a-text-bold\">\u00a0\u200e\u00a0<\/span>CI9964-001<\/li>\n<\/ul>\n","protected":false},"excerpt":{"rendered":"<p>FLEX EXPERIENCE RUN 10 El Wmns Flex Experience RN 10 es un par de calzado para correr dise\u00f1adas con estilo<\/p>\n","protected":false},"featured_media":63670,"comment_status":"open","ping_status":"closed","template":"","meta":{"nf_dc_page":""},"product_brand":[],"product_cat":[73],"product_tag":[],"class_list":{"0":"post-63669","1":"product","2":"type-product","3":"status-publish","4":"has-post-thumbnail","6":"product_cat-femenino","8":"first","9":"instock","10":"shipping-taxable","11":"purchasable","12":"product-type-simple"},"_links":{"self":[{"href":"https:\/\/brandss.com.py\/index\/wp-json\/wp\/v2\/product\/63669","targetHints":{"allow":["GET"]}}],"collection":[{"href":"https:\/\/brandss.com.py\/index\/wp-json\/wp\/v2\/product"}],"about":[{"href":"https:\/\/brandss.com.py\/index\/wp-json\/wp\/v2\/types\/product"}],"replies":[{"embeddable":true,"href":"https:\/\/brandss.com.py\/index\/wp-json\/wp\/v2\/comments?post=63669"}],"version-history":[{"count":1,"href":"https:\/\/brandss.com.py\/index\/wp-json\/wp\/v2\/product\/63669\/revisions"}],"predecessor-version":[{"id":63680,"href":"https:\/\/brandss.com.py\/index\/wp-json\/wp\/v2\/product\/63669\/revisions\/63680"}],"wp:featuredmedia":[{"embeddable":true,"href":"https:\/\/brandss.com.py\/index\/wp-json\/wp\/v2\/media\/63670"}],"wp:attachment":[{"href":"https:\/\/brandss.com.py\/index\/wp-json\/wp\/v2\/media?parent=63669"}],"wp:term":[{"taxonomy":"product_brand","embeddable":true,"href":"https:\/\/brandss.com.py\/index\/wp-json\/wp\/v2\/product_brand?post=63669"},{"taxonomy":"product_cat","embeddable":true,"href":"https:\/\/brandss.com.py\/index\/wp-json\/wp\/v2\/product_cat?post=63669"},{"taxonomy":"product_tag","embeddable":true,"href":"https:\/\/brandss.com.py\/index\/wp-json\/wp\/v2\/product_tag?post=63669"}],"curies":[{"name":"wp","href":"https:\/\/api.w.org\/{rel}","templated":true}]}}