{"id":63694,"date":"2024-12-13T13:21:07","date_gmt":"2024-12-13T13:21:07","guid":{"rendered":"https:\/\/brandss.com.py\/index\/?post_type=product&#038;p=63694"},"modified":"2024-12-13T13:28:36","modified_gmt":"2024-12-13T13:28:36","slug":"calzado-deportivo-femenino-nike-air-max-1","status":"publish","type":"product","link":"https:\/\/brandss.com.py\/index\/producto\/calzado-deportivo-femenino-nike-air-max-1\/","title":{"rendered":"CALZADO DEPORTIVO FEMENINO NIKE AIR MAX 1"},"content":{"rendered":"<p><img loading=\"lazy\" decoding=\"async\" class=\"\" src=\"https:\/\/1000marcas.net\/wp-content\/uploads\/2019\/11\/Logo-Nike-.png\" alt=\"Logo de Nike: la historia y el significado del logotipo, la marca y el  s\u00edmbolo. | png, vector\" width=\"91\" height=\"51\" \/><\/p>\n<h1>AIR MAX 1<\/h1>\n<p>Conoce al l\u00edder de la manada. El Air Max 1 camina en las nubes sobre el ruido, mezcla un dise\u00f1o atemporal y comodidad con amortiguaci\u00f3n. Con un look veloz, una protecci\u00f3n antilodo ondulada y Nike Air, este \u00edcono cl\u00e1sico lleg\u00f3 a la escena en el 87 y contin\u00faa siendo el alma de la franquicia hasta hoy.<\/p>\n<p>&nbsp;<\/p>\n<p><b>Beneficios<\/b><\/p>\n<ul>\n<li>El tejido Knit se siente suave y te ayuda a mantener la calidez, adem\u00e1s de que es transpirable.<\/li>\n<li>El dise\u00f1o de medio cierre te permite regular la cobertura para que tengas ventilaci\u00f3n adicional cuando aumenta el calor corporal.<\/li>\n<li>El bolsillo frontal te permite llevar con vos objetos imprescindibles como llaves o tarjetas.<\/li>\n<\/ul>\n<p>&nbsp;<\/p>\n<p><b>Datos del producto<\/b><\/p>\n<ul>\n<li>Dise\u00f1o de cuello alto parcial<\/li>\n<li>Elementos reflejantes<\/li>\n<li>100% poli\u00e9ster<\/li>\n<li>Lavar a m\u00e1quina<\/li>\n<li>Producto importado<\/li>\n<li>Este producto no est\u00e1 dise\u00f1ado para usarse como equipo de protecci\u00f3n personal (EPP)<\/li>\n<\/ul>\n","protected":false},"excerpt":{"rendered":"<p>AIR MAX 1 Conoce al l\u00edder de la manada. El Air Max 1 camina en las nubes sobre el ruido,<\/p>\n","protected":false},"featured_media":63695,"comment_status":"open","ping_status":"closed","template":"","meta":{"nf_dc_page":""},"product_brand":[],"product_cat":[73],"product_tag":[],"class_list":{"0":"post-63694","1":"product","2":"type-product","3":"status-publish","4":"has-post-thumbnail","6":"product_cat-femenino","8":"first","9":"instock","10":"shipping-taxable","11":"purchasable","12":"product-type-simple"},"_links":{"self":[{"href":"https:\/\/brandss.com.py\/index\/wp-json\/wp\/v2\/product\/63694","targetHints":{"allow":["GET"]}}],"collection":[{"href":"https:\/\/brandss.com.py\/index\/wp-json\/wp\/v2\/product"}],"about":[{"href":"https:\/\/brandss.com.py\/index\/wp-json\/wp\/v2\/types\/product"}],"replies":[{"embeddable":true,"href":"https:\/\/brandss.com.py\/index\/wp-json\/wp\/v2\/comments?post=63694"}],"version-history":[{"count":1,"href":"https:\/\/brandss.com.py\/index\/wp-json\/wp\/v2\/product\/63694\/revisions"}],"predecessor-version":[{"id":63705,"href":"https:\/\/brandss.com.py\/index\/wp-json\/wp\/v2\/product\/63694\/revisions\/63705"}],"wp:featuredmedia":[{"embeddable":true,"href":"https:\/\/brandss.com.py\/index\/wp-json\/wp\/v2\/media\/63695"}],"wp:attachment":[{"href":"https:\/\/brandss.com.py\/index\/wp-json\/wp\/v2\/media?parent=63694"}],"wp:term":[{"taxonomy":"product_brand","embeddable":true,"href":"https:\/\/brandss.com.py\/index\/wp-json\/wp\/v2\/product_brand?post=63694"},{"taxonomy":"product_cat","embeddable":true,"href":"https:\/\/brandss.com.py\/index\/wp-json\/wp\/v2\/product_cat?post=63694"},{"taxonomy":"product_tag","embeddable":true,"href":"https:\/\/brandss.com.py\/index\/wp-json\/wp\/v2\/product_tag?post=63694"}],"curies":[{"name":"wp","href":"https:\/\/api.w.org\/{rel}","templated":true}]}}