{"id":63720,"date":"2024-12-13T17:04:02","date_gmt":"2024-12-13T17:04:02","guid":{"rendered":"https:\/\/brandss.com.py\/index\/?post_type=product&#038;p=63720"},"modified":"2024-12-13T17:06:12","modified_gmt":"2024-12-13T17:06:12","slug":"calzado-deportivo-femenino-nike-flex-experience-run-11-wide","status":"publish","type":"product","link":"https:\/\/brandss.com.py\/index\/producto\/calzado-deportivo-femenino-nike-flex-experience-run-11-wide\/","title":{"rendered":"CALZADO DEPORTIVO FEMENINO NIKE FLEX EXPERIENCE RUN 11 WIDE"},"content":{"rendered":"<p><img loading=\"lazy\" decoding=\"async\" class=\"\" src=\"https:\/\/1000marcas.net\/wp-content\/uploads\/2019\/11\/Logo-Nike-.png\" alt=\"Logo de Nike: la historia y el significado del logotipo, la marca y el  s\u00edmbolo. | png, vector\" width=\"103\" height=\"58\" \/><\/p>\n<h1>FLEX EXPERIENCE RUN 11 WIDE<\/h1>\n<p>Dale un toque de estilo sin esfuerzo a las zapatillas Nike Flex Experience Run 11 Wide. Estas zapatillas para correr para mujer cuentan con un dise\u00f1o en pizarra cenicienta que rezuma elegancia y funcionalidad. El ajuste ancho garantiza una comodidad incomparable en cada paso, mientras que las ranuras Flex brindan una flexibilidad y libertad de movimiento excepcionales. Disfruta de la combinaci\u00f3n perfecta de amortiguaci\u00f3n y capacidad de respuesta con la entresuela de espuma suave. Mejora tu experiencia de carrera con las Nike Flex Experience Run 11 Wide, dise\u00f1adas para mejorar cada paso.<\/p>\n<p>C\u00f3modamente zen, como deber\u00eda ser cada carrera. En Nike Flex Experience Run 11, creamos un dise\u00f1o liviano y limpio que se siente tan bien como luce. El zapato brinda soporte en todas las formas correctas con un movimiento tan natural que jurar\u00e1s que lo has usado durante a\u00f1os.<\/p>\n<h4>Caracter\u00edsticas<\/h4>\n<ul>\n<li>Zapatillas bajas con cordones dise\u00f1adas para tu carrera diaria.<\/li>\n<li>Parte superior de punto ligero con malla transpirable Dise\u00f1o elegante con firma.<\/li>\n<li>Detalles Nike. Amortiguaci\u00f3n ligera en el tal\u00f3n para una sensaci\u00f3n suave.<\/li>\n<li>Las ranuras flexibles en la suela se mueven naturalmente con el pie desde el tal\u00f3n hasta la punta.<\/li>\n<li>Dise\u00f1o de suela de inspiraci\u00f3n zen que se adapta a tu estado de \u00e1nimo. El Nike Flex Experience Run 11 Next Nature es importado.<\/li>\n<li>Encuentra la iluminaci\u00f3n en tu carrera diaria con las zapatillas para correr Nike Flex Experience Run 11 Next Nature para mujer.<\/li>\n<li>Dise\u00f1ados cuidadosamente para brindar comodidad y soporte continuos en las calles y en la cinta de correr, estos corredores livianos tienen como objetivo sostenerte desde el primer paso hasta el \u00faltimo para que puedas lucir y sentirte fresco mientras alcanzas tus objetivos de acondicionamiento f\u00edsico.<\/li>\n<li>Color: Ashen Slate<\/li>\n<li>Modelo: DH8254-400<\/li>\n<\/ul>\n","protected":false},"excerpt":{"rendered":"<p>FLEX EXPERIENCE RUN 11 WIDE Dale un toque de estilo sin esfuerzo a las zapatillas Nike Flex Experience Run 11<\/p>\n","protected":false},"featured_media":63721,"comment_status":"open","ping_status":"closed","template":"","meta":{"nf_dc_page":""},"product_brand":[],"product_cat":[73],"product_tag":[],"class_list":{"0":"post-63720","1":"product","2":"type-product","3":"status-publish","4":"has-post-thumbnail","6":"product_cat-femenino","8":"first","9":"instock","10":"shipping-taxable","11":"purchasable","12":"product-type-simple"},"_links":{"self":[{"href":"https:\/\/brandss.com.py\/index\/wp-json\/wp\/v2\/product\/63720","targetHints":{"allow":["GET"]}}],"collection":[{"href":"https:\/\/brandss.com.py\/index\/wp-json\/wp\/v2\/product"}],"about":[{"href":"https:\/\/brandss.com.py\/index\/wp-json\/wp\/v2\/types\/product"}],"replies":[{"embeddable":true,"href":"https:\/\/brandss.com.py\/index\/wp-json\/wp\/v2\/comments?post=63720"}],"version-history":[{"count":1,"href":"https:\/\/brandss.com.py\/index\/wp-json\/wp\/v2\/product\/63720\/revisions"}],"predecessor-version":[{"id":63728,"href":"https:\/\/brandss.com.py\/index\/wp-json\/wp\/v2\/product\/63720\/revisions\/63728"}],"wp:featuredmedia":[{"embeddable":true,"href":"https:\/\/brandss.com.py\/index\/wp-json\/wp\/v2\/media\/63721"}],"wp:attachment":[{"href":"https:\/\/brandss.com.py\/index\/wp-json\/wp\/v2\/media?parent=63720"}],"wp:term":[{"taxonomy":"product_brand","embeddable":true,"href":"https:\/\/brandss.com.py\/index\/wp-json\/wp\/v2\/product_brand?post=63720"},{"taxonomy":"product_cat","embeddable":true,"href":"https:\/\/brandss.com.py\/index\/wp-json\/wp\/v2\/product_cat?post=63720"},{"taxonomy":"product_tag","embeddable":true,"href":"https:\/\/brandss.com.py\/index\/wp-json\/wp\/v2\/product_tag?post=63720"}],"curies":[{"name":"wp","href":"https:\/\/api.w.org\/{rel}","templated":true}]}}