{"id":63729,"date":"2024-12-13T18:15:00","date_gmt":"2024-12-13T18:15:00","guid":{"rendered":"https:\/\/brandss.com.py\/index\/?post_type=product&#038;p=63729"},"modified":"2024-12-13T18:15:35","modified_gmt":"2024-12-13T18:15:35","slug":"calzado-deportivo-femenino-nike-city-rep-tr","status":"publish","type":"product","link":"https:\/\/brandss.com.py\/index\/producto\/calzado-deportivo-femenino-nike-city-rep-tr\/","title":{"rendered":"CALZADO DEPORTIVO FEMENINO NIKE CITY REP TR"},"content":{"rendered":"<p><img loading=\"lazy\" decoding=\"async\" class=\"\" src=\"https:\/\/1000marcas.net\/wp-content\/uploads\/2019\/11\/Logo-Nike-.png\" alt=\"Logo de Nike: la historia y el significado del logotipo, la marca y el  s\u00edmbolo. | png, vector\" width=\"85\" height=\"48\" \/><\/p>\n<h1>CITY REP TR<\/h1>\n<p>Mejora tu rutina de entrenamiento con los calzados Nike City Rep TR. Dise\u00f1adas para un movimiento vers\u00e1til, estos calzados cuentan con una parte superior Flyknit transpirable para una comodidad excepcional. Las inserciones de malla garantizan un flujo de aire \u00f3ptimo, mientras que la suela flexible brinda estabilidad y soporte durante los entrenamientos de alto impacto y los ejercicios de agilidad. Su dise\u00f1o elegante y su combinaci\u00f3n de colores vibrantes las convierten en una elegante incorporaci\u00f3n a tu guardarropa deportivo. Experimenta la combinaci\u00f3n perfecta de rendimiento y est\u00e9tica con cada paso. La parte superior del calzado est\u00e1 hecha de un material de malla transpirable que proporciona un excelente intercambio de aire. La suela es de gomaespuma ligera. Se absorbe bien durante el movimiento activo. Las bandas protectoras en la suela no resbalan sobre superficies lisas. El tal\u00f3n del zapato fija perfectamente el pie y tiene un efecto amortiguador adicional. Esto le da a tus pies una comodidad incre\u00edble. Las Nike City Rep TR tienen un dise\u00f1o elegante y b\u00e1sico que encajar\u00e1 perfectamente en tu look deportivo.<\/p>\n<h3>Beneficios<\/h3>\n<ul>\n<li>Presilla en el tal\u00f3n.<\/li>\n<li>Leng\u00fceta con logotipo en relieve.<\/li>\n<li>Los arcos de los laterales a\u00f1aden durabilidad donde m\u00e1s la necesitas.<\/li>\n<li>Modelo: DA1351-102<\/li>\n<li>Color: White University Blue Mint<\/li>\n<\/ul>\n","protected":false},"excerpt":{"rendered":"<p>CITY REP TR Mejora tu rutina de entrenamiento con los calzados Nike City Rep TR. Dise\u00f1adas para un movimiento vers\u00e1til,<\/p>\n","protected":false},"featured_media":63730,"comment_status":"open","ping_status":"closed","template":"","meta":{"nf_dc_page":""},"product_brand":[],"product_cat":[73],"product_tag":[],"class_list":{"0":"post-63729","1":"product","2":"type-product","3":"status-publish","4":"has-post-thumbnail","6":"product_cat-femenino","8":"first","9":"instock","10":"shipping-taxable","11":"purchasable","12":"product-type-simple"},"_links":{"self":[{"href":"https:\/\/brandss.com.py\/index\/wp-json\/wp\/v2\/product\/63729","targetHints":{"allow":["GET"]}}],"collection":[{"href":"https:\/\/brandss.com.py\/index\/wp-json\/wp\/v2\/product"}],"about":[{"href":"https:\/\/brandss.com.py\/index\/wp-json\/wp\/v2\/types\/product"}],"replies":[{"embeddable":true,"href":"https:\/\/brandss.com.py\/index\/wp-json\/wp\/v2\/comments?post=63729"}],"version-history":[{"count":1,"href":"https:\/\/brandss.com.py\/index\/wp-json\/wp\/v2\/product\/63729\/revisions"}],"predecessor-version":[{"id":63737,"href":"https:\/\/brandss.com.py\/index\/wp-json\/wp\/v2\/product\/63729\/revisions\/63737"}],"wp:featuredmedia":[{"embeddable":true,"href":"https:\/\/brandss.com.py\/index\/wp-json\/wp\/v2\/media\/63730"}],"wp:attachment":[{"href":"https:\/\/brandss.com.py\/index\/wp-json\/wp\/v2\/media?parent=63729"}],"wp:term":[{"taxonomy":"product_brand","embeddable":true,"href":"https:\/\/brandss.com.py\/index\/wp-json\/wp\/v2\/product_brand?post=63729"},{"taxonomy":"product_cat","embeddable":true,"href":"https:\/\/brandss.com.py\/index\/wp-json\/wp\/v2\/product_cat?post=63729"},{"taxonomy":"product_tag","embeddable":true,"href":"https:\/\/brandss.com.py\/index\/wp-json\/wp\/v2\/product_tag?post=63729"}],"curies":[{"name":"wp","href":"https:\/\/api.w.org\/{rel}","templated":true}]}}