{"id":63738,"date":"2024-12-13T19:09:28","date_gmt":"2024-12-13T19:09:28","guid":{"rendered":"https:\/\/brandss.com.py\/index\/?post_type=product&#038;p=63738"},"modified":"2024-12-13T19:11:02","modified_gmt":"2024-12-13T19:11:02","slug":"calzado-deportivo-femenino-nike-roshe-one","status":"publish","type":"product","link":"https:\/\/brandss.com.py\/index\/producto\/calzado-deportivo-femenino-nike-roshe-one\/","title":{"rendered":"CALZADO DEPORTIVO FEMENINO NIKE ROSHE ONE"},"content":{"rendered":"<p><img loading=\"lazy\" decoding=\"async\" class=\"\" src=\"https:\/\/1000marcas.net\/wp-content\/uploads\/2019\/11\/Logo-Nike-.png\" alt=\"Logo de Nike: la historia y el significado del logotipo, la marca y el  s\u00edmbolo. | png, vector\" width=\"117\" height=\"66\" \/><\/p>\n<h1>ROSHE ONE<\/h1>\n<p><span>Los calzados para correr <\/span><span>transfieren perfectamente la presi\u00f3n de la pierna y son perfectas para casi todos los corredores. Estos zapatos proporcionan una amortiguaci\u00f3n y flexibilidad efectivas manteniendo la rigidez necesaria para una buena estabilizaci\u00f3n del pie. Al introducir soluciones modernas, la marca Nike adapta sus productos a las diversas necesidades de los clientes y al mismo tiempo extiende el ciclo de vida del producto. Los calzados de running Nike Roshe One cuentan con una soluci\u00f3n innovadora dise\u00f1ada espec\u00edficamente para minimizar los efectos del pie contra el suelo durante el aterrizaje. Como resultado, se minimiz\u00f3 el efecto de los factores que causan lesiones. El material con el que est\u00e1 hecha la parte superior de los zapatos garantiza una buena refrigeraci\u00f3n del pie, y el corte y los colores de los zapatos pueden satisfacer a todos los usuarios. Adem\u00e1s, el calzado es liviano, lo que te brinda la oportunidad de mejorar tus resultados de carrera. El modelo Nike Roshe One est\u00e1 dise\u00f1ado para usarse durante todo el a\u00f1o.<\/span><\/p>\n<div class=\"flex justify-between\">\n<div class=\"text-sm text-black\/70 dark:text-white mr-4\"><span>Modelo: <\/span><span>844994-003<\/span><\/div>\n<\/div>\n<div class=\"flex justify-between\">\n<div class=\"text-sm text-black\/70 dark:text-white mr-4\"><span>Color: Cool Grey Pure Platinum<\/span><\/div>\n<\/div>\n","protected":false},"excerpt":{"rendered":"<p>ROSHE ONE Los calzados para correr transfieren perfectamente la presi\u00f3n de la pierna y son perfectas para casi todos los<\/p>\n","protected":false},"featured_media":63739,"comment_status":"open","ping_status":"closed","template":"","meta":{"nf_dc_page":""},"product_brand":[],"product_cat":[73],"product_tag":[],"class_list":{"0":"post-63738","1":"product","2":"type-product","3":"status-publish","4":"has-post-thumbnail","6":"product_cat-femenino","8":"first","9":"instock","10":"shipping-taxable","11":"purchasable","12":"product-type-simple"},"_links":{"self":[{"href":"https:\/\/brandss.com.py\/index\/wp-json\/wp\/v2\/product\/63738","targetHints":{"allow":["GET"]}}],"collection":[{"href":"https:\/\/brandss.com.py\/index\/wp-json\/wp\/v2\/product"}],"about":[{"href":"https:\/\/brandss.com.py\/index\/wp-json\/wp\/v2\/types\/product"}],"replies":[{"embeddable":true,"href":"https:\/\/brandss.com.py\/index\/wp-json\/wp\/v2\/comments?post=63738"}],"version-history":[{"count":1,"href":"https:\/\/brandss.com.py\/index\/wp-json\/wp\/v2\/product\/63738\/revisions"}],"predecessor-version":[{"id":63746,"href":"https:\/\/brandss.com.py\/index\/wp-json\/wp\/v2\/product\/63738\/revisions\/63746"}],"wp:featuredmedia":[{"embeddable":true,"href":"https:\/\/brandss.com.py\/index\/wp-json\/wp\/v2\/media\/63739"}],"wp:attachment":[{"href":"https:\/\/brandss.com.py\/index\/wp-json\/wp\/v2\/media?parent=63738"}],"wp:term":[{"taxonomy":"product_brand","embeddable":true,"href":"https:\/\/brandss.com.py\/index\/wp-json\/wp\/v2\/product_brand?post=63738"},{"taxonomy":"product_cat","embeddable":true,"href":"https:\/\/brandss.com.py\/index\/wp-json\/wp\/v2\/product_cat?post=63738"},{"taxonomy":"product_tag","embeddable":true,"href":"https:\/\/brandss.com.py\/index\/wp-json\/wp\/v2\/product_tag?post=63738"}],"curies":[{"name":"wp","href":"https:\/\/api.w.org\/{rel}","templated":true}]}}