{"id":63758,"date":"2024-12-14T15:37:25","date_gmt":"2024-12-14T15:37:25","guid":{"rendered":"https:\/\/brandss.com.py\/index\/?post_type=product&#038;p=63758"},"modified":"2024-12-14T15:38:12","modified_gmt":"2024-12-14T15:38:12","slug":"calzado-deportivo-femenino-nike-blazer-low-nyc-canvas-sb-procell","status":"publish","type":"product","link":"https:\/\/brandss.com.py\/index\/producto\/calzado-deportivo-femenino-nike-blazer-low-nyc-canvas-sb-procell\/","title":{"rendered":"CALZADO DEPORTIVO FEMENINO NIKE BLAZER LOW NYC CANVAS SB PROCELL"},"content":{"rendered":"<p><img loading=\"lazy\" decoding=\"async\" class=\"\" src=\"https:\/\/1000marcas.net\/wp-content\/uploads\/2019\/11\/Logo-Nike-.png\" alt=\"Logo de Nike: la historia y el significado del logotipo, la marca y el  s\u00edmbolo. | png, vector\" width=\"131\" height=\"74\" \/><\/p>\n<h1>BLAZER LOW CANVAS SB PROCELL<\/h1>\n<div class=\"ltr-182wjbq exjav153\">\n<div class=\"ltr-13pqkh2 exjav150\">\n<p class=\"ltr-4y8w0i-Body\" data-component=\"Body\">Calzados bajos Nike Blazer en gamuza de Nike con puntera redonda, cierre con cordones en la parte delantera, logo Nike y logo en el contrafuerte. Estos estilos son suministrados por un marketplace de zapatillas premium, el cual ofrece el calzado m\u00e1s codiciado y dif\u00edcil de encontrar de todo el mundo. Un modelo hecho a medida de &#8220;PROCELL&#8221;, tienda regentada por Brian Procell, quien tambi\u00e9n es una figura destacada del mundo vintage de Nueva York.<br \/>\nLa pintura ligeramente descolorida y &#8220;NYC&#8221; en el tal\u00f3n hacen de este par el par m\u00e1s genial. Las SB Blazer Low<span>, forma parte de la serie NYC Editions, que rinde homenaje a la jungla de cemento. Los pares se desarrollan desde cero en colaboraci\u00f3n con los curadores de la comunidad local.<\/span><\/p>\n<p><span>La serie NYC Editions sirve como un lienzo en blanco para la autoexpresi\u00f3n y con ella crea un nuevo \u00e1mbito para que los j\u00f3venes neoyorquinos seleccionen y creen sus propias inspiraciones urbanas utilizando prendas y calzados cl\u00e1sicos de Nike.<\/span><\/p>\n<p><span>Procell considera la ciudad como un lienzo en blanco, un s\u00edmbolo de potencial donde un individuo puede hacer y lograr cualquier cosa.<\/span><\/p>\n<\/div>\n<\/div>\n<div class=\"ltr-15eja7h exjav152\">\n<div class=\"ltr-13pqkh2 exjav150\">\n<div class=\"ltr-92qs1a\">\n<h4 class=\"ltr-2pfgen-Body-BodyBold\" data-component=\"BodyBold\">Composici\u00f3n<\/h4>\n<p class=\"ltr-4y8w0i-Body\" data-component=\"Body\"><span class=\"ltr-4y8w0i-Body\" data-component=\"Body\">Exterior:\u00a0<\/span><span class=\"ltr-4y8w0i-Body\" data-component=\"Body\">gamuza 100%<\/span><\/p>\n<p class=\"ltr-4y8w0i-Body\" data-component=\"Body\"><span class=\"ltr-4y8w0i-Body\" data-component=\"Body\">Suela:\u00a0<\/span><span class=\"ltr-4y8w0i-Body\" data-component=\"Body\">Goma 100%<\/span><\/p>\n<p class=\"ltr-4y8w0i-Body\" data-component=\"Body\"><span class=\"ltr-4y8w0i-Body\" data-component=\"Body\">Forro:\u00a0<\/span><span class=\"ltr-4y8w0i-Body\" data-component=\"Body\">Poli\u00e9ster 100%<\/span><\/p>\n<p data-component=\"Body\">Color: muselina\/muselina-desierto ole-blanco<\/p>\n<p data-component=\"Body\">Modelo: CJ0692-100<\/p>\n<\/div>\n<\/div>\n<\/div>\n","protected":false},"excerpt":{"rendered":"<p>BLAZER LOW CANVAS SB PROCELL Calzados bajos Nike Blazer en gamuza de Nike con puntera redonda, cierre con cordones en<\/p>\n","protected":false},"featured_media":63759,"comment_status":"open","ping_status":"closed","template":"","meta":{"nf_dc_page":""},"product_brand":[],"product_cat":[73],"product_tag":[],"class_list":{"0":"post-63758","1":"product","2":"type-product","3":"status-publish","4":"has-post-thumbnail","6":"product_cat-femenino","8":"first","9":"instock","10":"shipping-taxable","11":"purchasable","12":"product-type-simple"},"_links":{"self":[{"href":"https:\/\/brandss.com.py\/index\/wp-json\/wp\/v2\/product\/63758","targetHints":{"allow":["GET"]}}],"collection":[{"href":"https:\/\/brandss.com.py\/index\/wp-json\/wp\/v2\/product"}],"about":[{"href":"https:\/\/brandss.com.py\/index\/wp-json\/wp\/v2\/types\/product"}],"replies":[{"embeddable":true,"href":"https:\/\/brandss.com.py\/index\/wp-json\/wp\/v2\/comments?post=63758"}],"version-history":[{"count":1,"href":"https:\/\/brandss.com.py\/index\/wp-json\/wp\/v2\/product\/63758\/revisions"}],"predecessor-version":[{"id":63766,"href":"https:\/\/brandss.com.py\/index\/wp-json\/wp\/v2\/product\/63758\/revisions\/63766"}],"wp:featuredmedia":[{"embeddable":true,"href":"https:\/\/brandss.com.py\/index\/wp-json\/wp\/v2\/media\/63759"}],"wp:attachment":[{"href":"https:\/\/brandss.com.py\/index\/wp-json\/wp\/v2\/media?parent=63758"}],"wp:term":[{"taxonomy":"product_brand","embeddable":true,"href":"https:\/\/brandss.com.py\/index\/wp-json\/wp\/v2\/product_brand?post=63758"},{"taxonomy":"product_cat","embeddable":true,"href":"https:\/\/brandss.com.py\/index\/wp-json\/wp\/v2\/product_cat?post=63758"},{"taxonomy":"product_tag","embeddable":true,"href":"https:\/\/brandss.com.py\/index\/wp-json\/wp\/v2\/product_tag?post=63758"}],"curies":[{"name":"wp","href":"https:\/\/api.w.org\/{rel}","templated":true}]}}