{"id":63767,"date":"2024-12-14T17:04:51","date_gmt":"2024-12-14T17:04:51","guid":{"rendered":"https:\/\/brandss.com.py\/index\/?post_type=product&#038;p=63767"},"modified":"2024-12-14T17:05:54","modified_gmt":"2024-12-14T17:05:54","slug":"calzado-deportivo-femenino-nike-m2k-tekno-lux-denim-pack","status":"publish","type":"product","link":"https:\/\/brandss.com.py\/index\/producto\/calzado-deportivo-femenino-nike-m2k-tekno-lux-denim-pack\/","title":{"rendered":"CALZADO DEPORTIVO FEMENINO NIKE M2K TEKNO LUX DENIM PACK"},"content":{"rendered":"<p><img loading=\"lazy\" decoding=\"async\" class=\"\" src=\"https:\/\/1000marcas.net\/wp-content\/uploads\/2019\/11\/Logo-Nike-.png\" alt=\"Logo de Nike: la historia y el significado del logotipo, la marca y el  s\u00edmbolo. | png, vector\" width=\"92\" height=\"52\" \/><\/p>\n<h1>M2K TEKNO LUX DENIM PACK<\/h1>\n<p><span>El M2K Tekno<\/span><span>\u00a0de Nike\u00a0rinde homenaje al Monarch, el calzado original para pap\u00e1, dise\u00f1ado teniendo en mente la comodidad y el soporte. Esta versi\u00f3n del calzado viene confeccionada con una parte superior de tela vaquera de sarga que muestra un patr\u00f3n de nervaduras diagonales. Para complementar el tono oscuro, hay detalles en amarillo sobre una entresuela blanca y una suela exterior de goma azul claro. El tradicional sistema de cordones se complementa con anillas reforzadas para una mejor fijaci\u00f3n del pie. El modelo se asienta sobre una suela de goma con banda de rodadura adherente y se presenta en una combinaci\u00f3n de colores discreta, decorada con una aplicaci\u00f3n en contraste en el tal\u00f3n. calzados Nike M2K Tekno, inspiradas en el modelo Air Monarch, que tiene un dise\u00f1o interesante y nada trivial. La parte superior, bastante maciza, de los calzados est\u00e1 hecha de una combinaci\u00f3n de cuero de primera calidad, tela y nailon.\u00a0<\/span><\/p>\n<p><strong><span>Detalles<\/span><br \/>\n<\/strong><\/p>\n<ul>\n<li><span>Combinaci\u00f3n de cuero, textil y nailon.<\/span><\/li>\n<li><span>Dise\u00f1o masivo<\/span><\/li>\n<li><span>Cord\u00f3n tradicional<\/span><\/li>\n<li><span>Anillos reforzados<\/span><\/li>\n<li><span>Plantilla suave<\/span><\/li>\n<li><span>Suela de goma<\/span><\/li>\n<li><span>Suela con agarre<\/span><\/li>\n<li><span>Colores discretos<\/span><\/li>\n<li><span>Elementos contrastantes<\/span><\/li>\n<li>Color: Negro\/ Amarillo\/ Turquesa<\/li>\n<li>Modelo: BV0970-001<\/li>\n<\/ul>\n","protected":false},"excerpt":{"rendered":"<p>M2K TEKNO LUX DENIM PACK El M2K Tekno\u00a0de Nike\u00a0rinde homenaje al Monarch, el calzado original para pap\u00e1, dise\u00f1ado teniendo en<\/p>\n","protected":false},"featured_media":63768,"comment_status":"open","ping_status":"closed","template":"","meta":{"nf_dc_page":""},"product_brand":[],"product_cat":[73],"product_tag":[],"class_list":{"0":"post-63767","1":"product","2":"type-product","3":"status-publish","4":"has-post-thumbnail","6":"product_cat-femenino","8":"first","9":"instock","10":"shipping-taxable","11":"purchasable","12":"product-type-simple"},"_links":{"self":[{"href":"https:\/\/brandss.com.py\/index\/wp-json\/wp\/v2\/product\/63767","targetHints":{"allow":["GET"]}}],"collection":[{"href":"https:\/\/brandss.com.py\/index\/wp-json\/wp\/v2\/product"}],"about":[{"href":"https:\/\/brandss.com.py\/index\/wp-json\/wp\/v2\/types\/product"}],"replies":[{"embeddable":true,"href":"https:\/\/brandss.com.py\/index\/wp-json\/wp\/v2\/comments?post=63767"}],"version-history":[{"count":1,"href":"https:\/\/brandss.com.py\/index\/wp-json\/wp\/v2\/product\/63767\/revisions"}],"predecessor-version":[{"id":63779,"href":"https:\/\/brandss.com.py\/index\/wp-json\/wp\/v2\/product\/63767\/revisions\/63779"}],"wp:featuredmedia":[{"embeddable":true,"href":"https:\/\/brandss.com.py\/index\/wp-json\/wp\/v2\/media\/63768"}],"wp:attachment":[{"href":"https:\/\/brandss.com.py\/index\/wp-json\/wp\/v2\/media?parent=63767"}],"wp:term":[{"taxonomy":"product_brand","embeddable":true,"href":"https:\/\/brandss.com.py\/index\/wp-json\/wp\/v2\/product_brand?post=63767"},{"taxonomy":"product_cat","embeddable":true,"href":"https:\/\/brandss.com.py\/index\/wp-json\/wp\/v2\/product_cat?post=63767"},{"taxonomy":"product_tag","embeddable":true,"href":"https:\/\/brandss.com.py\/index\/wp-json\/wp\/v2\/product_tag?post=63767"}],"curies":[{"name":"wp","href":"https:\/\/api.w.org\/{rel}","templated":true}]}}