{"id":63780,"date":"2024-12-14T17:38:27","date_gmt":"2024-12-14T17:38:27","guid":{"rendered":"https:\/\/brandss.com.py\/index\/?post_type=product&#038;p=63780"},"modified":"2024-12-14T17:39:03","modified_gmt":"2024-12-14T17:39:03","slug":"calzado-deportivo-femenino-nike-ad-comfort","status":"publish","type":"product","link":"https:\/\/brandss.com.py\/index\/producto\/calzado-deportivo-femenino-nike-ad-comfort\/","title":{"rendered":"CALZADO DEPORTIVO FEMENINO NIKE AD COMFORT"},"content":{"rendered":"<p><img loading=\"lazy\" decoding=\"async\" class=\"\" src=\"https:\/\/1000marcas.net\/wp-content\/uploads\/2019\/11\/Logo-Nike-.png\" alt=\"Logo de Nike: la historia y el significado del logotipo, la marca y el  s\u00edmbolo. | png, vector\" width=\"114\" height=\"64\" \/><\/p>\n<h1>AD COMFORT<\/h1>\n<p>Las Nike AD Comfort para mujer presentan una vers\u00e1til paleta de dos tonos en una construcci\u00f3n moderna y minimalista. Estos calzados sin cordones utilizan una parte superior de malla negra aireada, asegurada con una correa el\u00e1stica ancha integrada en un par de superposiciones en el mediopi\u00e9 en nobuk sint\u00e9tico tonal. Los detalles en dorado met\u00e1lico se encuentran en la marca Swoosh distintiva y las leng\u00fcetas de cincha en la leng\u00fceta y el tal\u00f3n. Una unidad de suela de espuma resistente en un acabado blanco contrastante brinda una amortiguaci\u00f3n liviana en cada paso.<\/p>\n<div class=\"product-details__detail\">\n<div class=\"columns is-mobile\">\n<div class=\"column is-4-desktop is-5-mobile product-details__detail-name\">Modelo:\u00a0 DO5884-001<\/div>\n<\/div>\n<\/div>\n<div class=\"product-details__detail\">\n<div class=\"columns is-mobile\">\n<div class=\"column is-4-desktop is-5-mobile product-details__detail-name\">Color: Black\/Off Noir\/White\/Metallic Gold<\/div>\n<\/div>\n<\/div>\n","protected":false},"excerpt":{"rendered":"<p>AD COMFORT Las Nike AD Comfort para mujer presentan una vers\u00e1til paleta de dos tonos en una construcci\u00f3n moderna y<\/p>\n","protected":false},"featured_media":63781,"comment_status":"open","ping_status":"closed","template":"","meta":{"nf_dc_page":""},"product_brand":[],"product_cat":[73],"product_tag":[],"class_list":{"0":"post-63780","1":"product","2":"type-product","3":"status-publish","4":"has-post-thumbnail","6":"product_cat-femenino","8":"first","9":"instock","10":"shipping-taxable","11":"purchasable","12":"product-type-simple"},"_links":{"self":[{"href":"https:\/\/brandss.com.py\/index\/wp-json\/wp\/v2\/product\/63780","targetHints":{"allow":["GET"]}}],"collection":[{"href":"https:\/\/brandss.com.py\/index\/wp-json\/wp\/v2\/product"}],"about":[{"href":"https:\/\/brandss.com.py\/index\/wp-json\/wp\/v2\/types\/product"}],"replies":[{"embeddable":true,"href":"https:\/\/brandss.com.py\/index\/wp-json\/wp\/v2\/comments?post=63780"}],"version-history":[{"count":1,"href":"https:\/\/brandss.com.py\/index\/wp-json\/wp\/v2\/product\/63780\/revisions"}],"predecessor-version":[{"id":63792,"href":"https:\/\/brandss.com.py\/index\/wp-json\/wp\/v2\/product\/63780\/revisions\/63792"}],"wp:featuredmedia":[{"embeddable":true,"href":"https:\/\/brandss.com.py\/index\/wp-json\/wp\/v2\/media\/63781"}],"wp:attachment":[{"href":"https:\/\/brandss.com.py\/index\/wp-json\/wp\/v2\/media?parent=63780"}],"wp:term":[{"taxonomy":"product_brand","embeddable":true,"href":"https:\/\/brandss.com.py\/index\/wp-json\/wp\/v2\/product_brand?post=63780"},{"taxonomy":"product_cat","embeddable":true,"href":"https:\/\/brandss.com.py\/index\/wp-json\/wp\/v2\/product_cat?post=63780"},{"taxonomy":"product_tag","embeddable":true,"href":"https:\/\/brandss.com.py\/index\/wp-json\/wp\/v2\/product_tag?post=63780"}],"curies":[{"name":"wp","href":"https:\/\/api.w.org\/{rel}","templated":true}]}}