{"id":63793,"date":"2024-12-14T18:49:42","date_gmt":"2024-12-14T18:49:42","guid":{"rendered":"https:\/\/brandss.com.py\/index\/?post_type=product&#038;p=63793"},"modified":"2024-12-14T18:51:00","modified_gmt":"2024-12-14T18:51:00","slug":"calzado-deportivo-femenino-nike-legend-essential-3-next-nature","status":"publish","type":"product","link":"https:\/\/brandss.com.py\/index\/producto\/calzado-deportivo-femenino-nike-legend-essential-3-next-nature\/","title":{"rendered":"CALZADO DEPORTIVO FEMENINO NIKE LEGEND ESSENTIAL 3 NEXT NATURE"},"content":{"rendered":"<p><img loading=\"lazy\" decoding=\"async\" class=\"\" src=\"https:\/\/1000marcas.net\/wp-content\/uploads\/2019\/11\/Logo-Nike-.png\" alt=\"Logo de Nike: la historia y el significado del logotipo, la marca y el  s\u00edmbolo. | png, vector\" width=\"94\" height=\"53\" \/><\/p>\n<h1>LEGEND ESSENTIAL 3 NEXT NATURE<\/h1>\n<p>&nbsp;<\/p>\n<p>Te presentamos las zapatillas que resisten las exigencias de una clase de grupo a ritmo veloz y a los d\u00edas m\u00e1s duros en la sala de pesas. Equipadas con un tal\u00f3n plano, materiales duraderos y una suela flexible, proporcionan comodidad y sujeci\u00f3n para ir al gimnasio en cualquier momento. Confeccionadas con Nike Grind La suela exterior est\u00e1 confeccionada con, al menos, un 8 % de material Nike Grind, formado por residuos del proceso de fabricaci\u00f3n de calzado. Estabilidad en cada serie El dise\u00f1o completo permite apoyar el tal\u00f3n sobre una suela plana para ofrecer estabilidad durante los levantamientos y las sentadillas. Espuma apilada en el mediopi\u00e9 que a\u00f1ade solidez para darlo todo en una serie m\u00e1s. Agarre superior Ranuras debajo de los dedos para mantener la flexibilidad en los ejercicios de agilidad. La tracci\u00f3n de gran agarre te mantiene en movimiento en diferentes superficies del gimnasio. Dise\u00f1o resistente La malla tipo panal y los revestimientos duraderos de la parte posterior y los laterales ofrecen el agarre que necesitas para seguir. M\u00e1s ventajas Zona del tobillo suave para pon\u00e9rtelas y quit\u00e1rtelas con facilidad. La goma envolvente desde la suela hasta el lateral ofrece una mayor durabilidad.<\/p>\n<p>Presentamos los calzados Nike Legend Essential 3 Next Nature, una opci\u00f3n elegante y c\u00f3moda para mujeres. Dise\u00f1adas por Nike, estos calzados ofrecen un aspecto elegante y moderno con su color ligeramente rosado. Perfectas para el uso diario o para hacer ejercicio, estos calzados son una incorporaci\u00f3n imprescindible a cualquier colecci\u00f3n de calzados. Fabricadas con materiales de alta calidad, estos calzados Nike brindan durabilidad y soporte durante todo el d\u00eda. Mejora tu estilo de calzado con las Nike Legend Essential 3 Next Nature.<\/p>\n<p><label class=\"a-form-label\"><span>Color:\u00a0<\/span><\/label><span class=\"selection\"><span>Barely Rose\/ Cave Purple-White\u00a0<\/span><\/span><\/p>\n<p>Modelo: DM1119-601<\/p>\n","protected":false},"excerpt":{"rendered":"<p>LEGEND ESSENTIAL 3 NEXT NATURE &nbsp; Te presentamos las zapatillas que resisten las exigencias de una clase de grupo a<\/p>\n","protected":false},"featured_media":63794,"comment_status":"open","ping_status":"closed","template":"","meta":{"nf_dc_page":""},"product_brand":[],"product_cat":[73],"product_tag":[],"class_list":{"0":"post-63793","1":"product","2":"type-product","3":"status-publish","4":"has-post-thumbnail","6":"product_cat-femenino","8":"first","9":"instock","10":"shipping-taxable","11":"purchasable","12":"product-type-simple"},"_links":{"self":[{"href":"https:\/\/brandss.com.py\/index\/wp-json\/wp\/v2\/product\/63793","targetHints":{"allow":["GET"]}}],"collection":[{"href":"https:\/\/brandss.com.py\/index\/wp-json\/wp\/v2\/product"}],"about":[{"href":"https:\/\/brandss.com.py\/index\/wp-json\/wp\/v2\/types\/product"}],"replies":[{"embeddable":true,"href":"https:\/\/brandss.com.py\/index\/wp-json\/wp\/v2\/comments?post=63793"}],"version-history":[{"count":1,"href":"https:\/\/brandss.com.py\/index\/wp-json\/wp\/v2\/product\/63793\/revisions"}],"predecessor-version":[{"id":63802,"href":"https:\/\/brandss.com.py\/index\/wp-json\/wp\/v2\/product\/63793\/revisions\/63802"}],"wp:featuredmedia":[{"embeddable":true,"href":"https:\/\/brandss.com.py\/index\/wp-json\/wp\/v2\/media\/63794"}],"wp:attachment":[{"href":"https:\/\/brandss.com.py\/index\/wp-json\/wp\/v2\/media?parent=63793"}],"wp:term":[{"taxonomy":"product_brand","embeddable":true,"href":"https:\/\/brandss.com.py\/index\/wp-json\/wp\/v2\/product_brand?post=63793"},{"taxonomy":"product_cat","embeddable":true,"href":"https:\/\/brandss.com.py\/index\/wp-json\/wp\/v2\/product_cat?post=63793"},{"taxonomy":"product_tag","embeddable":true,"href":"https:\/\/brandss.com.py\/index\/wp-json\/wp\/v2\/product_tag?post=63793"}],"curies":[{"name":"wp","href":"https:\/\/api.w.org\/{rel}","templated":true}]}}