{"id":63812,"date":"2024-12-16T10:57:10","date_gmt":"2024-12-16T10:57:10","guid":{"rendered":"https:\/\/brandss.com.py\/index\/?post_type=product&#038;p=63812"},"modified":"2024-12-16T10:58:16","modified_gmt":"2024-12-16T10:58:16","slug":"calzado-deportivo-femenino-nike-city-rep-training","status":"publish","type":"product","link":"https:\/\/brandss.com.py\/index\/producto\/calzado-deportivo-femenino-nike-city-rep-training\/","title":{"rendered":"CALZADO DEPORTIVO FEMENINO NIKE CITY REP TRAINING"},"content":{"rendered":"<p><img loading=\"lazy\" decoding=\"async\" class=\"\" src=\"https:\/\/1000logos.net\/wp-content\/uploads\/2017\/03\/Nike-Logo-1971-now.png\" alt=\"Nike Logo and symbol, meaning, history, PNG, brand\" width=\"114\" height=\"64\" \/><\/p>\n<h1>CITY REP TRAINING<\/h1>\n<p>Mejora tus aventuras urbanas con los calzados Nike City Rep TR. Dise\u00f1adas para un entrenamiento vers\u00e1til, estos calzados cuentan con una parte superior de malla transpirable que garantiza la transpirabilidad. La estructura estabilizadora proporciona soporte durante los movimientos laterales, mientras que la suela exterior de goma ofrece una tracci\u00f3n superior en varias superficies. Con su audaz combinaci\u00f3n de colores y su elegante dise\u00f1o, este calzado combina a la perfecci\u00f3n estilo y funcionalidad, lo que permite a las mujeres conquistar las calles de la ciudad con confianza.<\/p>\n<p>Color: Black Archaeo Pink White Dark Beetroot<\/p>\n<p>Modelo: DA1351 001<\/p>\n","protected":false},"excerpt":{"rendered":"<p>CITY REP TRAINING Mejora tus aventuras urbanas con los calzados Nike City Rep TR. Dise\u00f1adas para un entrenamiento vers\u00e1til, estos<\/p>\n","protected":false},"featured_media":63813,"comment_status":"open","ping_status":"closed","template":"","meta":{"nf_dc_page":""},"product_brand":[],"product_cat":[73],"product_tag":[],"class_list":{"0":"post-63812","1":"product","2":"type-product","3":"status-publish","4":"has-post-thumbnail","6":"product_cat-femenino","8":"first","9":"instock","10":"shipping-taxable","11":"purchasable","12":"product-type-simple"},"_links":{"self":[{"href":"https:\/\/brandss.com.py\/index\/wp-json\/wp\/v2\/product\/63812","targetHints":{"allow":["GET"]}}],"collection":[{"href":"https:\/\/brandss.com.py\/index\/wp-json\/wp\/v2\/product"}],"about":[{"href":"https:\/\/brandss.com.py\/index\/wp-json\/wp\/v2\/types\/product"}],"replies":[{"embeddable":true,"href":"https:\/\/brandss.com.py\/index\/wp-json\/wp\/v2\/comments?post=63812"}],"version-history":[{"count":1,"href":"https:\/\/brandss.com.py\/index\/wp-json\/wp\/v2\/product\/63812\/revisions"}],"predecessor-version":[{"id":63823,"href":"https:\/\/brandss.com.py\/index\/wp-json\/wp\/v2\/product\/63812\/revisions\/63823"}],"wp:featuredmedia":[{"embeddable":true,"href":"https:\/\/brandss.com.py\/index\/wp-json\/wp\/v2\/media\/63813"}],"wp:attachment":[{"href":"https:\/\/brandss.com.py\/index\/wp-json\/wp\/v2\/media?parent=63812"}],"wp:term":[{"taxonomy":"product_brand","embeddable":true,"href":"https:\/\/brandss.com.py\/index\/wp-json\/wp\/v2\/product_brand?post=63812"},{"taxonomy":"product_cat","embeddable":true,"href":"https:\/\/brandss.com.py\/index\/wp-json\/wp\/v2\/product_cat?post=63812"},{"taxonomy":"product_tag","embeddable":true,"href":"https:\/\/brandss.com.py\/index\/wp-json\/wp\/v2\/product_tag?post=63812"}],"curies":[{"name":"wp","href":"https:\/\/api.w.org\/{rel}","templated":true}]}}