{"id":63824,"date":"2024-12-16T11:54:05","date_gmt":"2024-12-16T11:54:05","guid":{"rendered":"https:\/\/brandss.com.py\/index\/?post_type=product&#038;p=63824"},"modified":"2024-12-16T13:04:05","modified_gmt":"2024-12-16T13:04:05","slug":"calzado-deportivo-femenino-nike-pegasus-turbo-next-nature","status":"publish","type":"product","link":"https:\/\/brandss.com.py\/index\/producto\/calzado-deportivo-femenino-nike-pegasus-turbo-next-nature\/","title":{"rendered":"CALZADO DEPORTIVO FEMENINO NIKE PEGASUS TURBO NEXT NATURE"},"content":{"rendered":"<p><img loading=\"lazy\" decoding=\"async\" class=\"\" src=\"https:\/\/1000logos.net\/wp-content\/uploads\/2017\/03\/Nike-Logo-1971-now.png\" alt=\"Nike Logo and symbol, meaning, history, PNG, brand\" width=\"89\" height=\"50\" \/><\/p>\n<h1>PEGASUS TURBO NEXT NATURE<\/h1>\n<p>Deja que el Nike Pegasus Turbo Next Nature te ayude a batir marcas en los kil\u00f3metros dif\u00edciles. Confeccionado con al menos un 50% de contenido reciclado en peso total de producto, este aliado imbatible te da una sensaci\u00f3n perfecta de elasticidad. Confeccionado con espuma ligera y de respuesta inmediata, est\u00e1 preparado para ayudarte a aumentar el ritmo sin sacrificar la comodidad a medida que superas tus marcas. La espuma Nike ZoomX Foam es ligera y proporciona una respuesta inmediata que permite el rebote en cada pisada. Su dise\u00f1o en forma de mecedora ofrece sujeci\u00f3n durante las tres fases de la pisada de los corredores. Te brinda flexibilidad cuando levantas el pie del suelo, un deslizamiento suave cuando el pie se mueve hacia delante y amortiguaci\u00f3n al contacto con el suelo.<\/p>\n<p><strong>C Nike Pegasus Turbo Next Nature: confort, dinamismo y sostenibilidad\u00a0<\/strong><\/p>\n<p>Es un calzado c\u00f3modo, din\u00e1mico y respetuoso con el medio ambiente, ideal para tus sesiones de\u00a0running\u00a0en asfalto y caminos trazados.<\/p>\n<p>Su\u00a0mediasuela se compone de\u00a0retales\u00a0recuperados durante el proceso de fabricaci\u00f3n de otros modelos de la marca. La espuma ZoomX garantiza una\u00a0excelente amortiguaci\u00f3n,\u00a0un retorno de energ\u00eda din\u00e1mico y una gran fluidez.<\/p>\n<p>El upper con tecnolog\u00eda Flyknit ofrece una\u00a0\u00f3ptima sujeci\u00f3n y una buena circulaci\u00f3n del aire para que disfrutes de un m\u00e1ximo confort. El empeine y los cordones de la zapatilla han sido fabricados a partir de fibras recicladas para\u00a0reducir\u00a0su impacto ambiental.<\/p>\n<p>La suela gofrada de este calzado asegura una m\u00e1xima adherencia y una gran durabilidad.<\/p>\n<h4>Caracter\u00edsticas<\/h4>\n<ul>\n<li><strong>Proceso de fabricaci\u00f3n\u00a0respetuoso con el medioambiente<\/strong>: al menos un 50% del peso de la zapatilla ha sido\u00a0concebido a partir de materiales reciclados<\/li>\n<li><strong>Mediasuela con espuma ZoomX<\/strong>: amortiguaci\u00f3n, retorno de energ\u00eda, flexibilidad y fluidez<\/li>\n<li><strong>Mediasuela\u00a0compuesta\u00a0de retales recuperados durante el proceso de fabricaci\u00f3n de otros modelos de\u00a0la marca<\/strong><\/li>\n<li><strong>Upper Flyknit<\/strong>: sujeci\u00f3n, transpirabilidad, confort y resistencia<\/li>\n<li><strong>El empeine, el forro y los cordones han sido fabricados a partir de materiales reciclados<\/strong><\/li>\n<li><strong>Suela gofrada<\/strong>: adherencia y durabilidad<\/li>\n<li><strong>Drop<\/strong>: 10 mm<\/li>\n<li><strong>Color<\/strong>: violeta, azul regio, azul turquesa, rojo y blanco<\/li>\n<li><strong>Modelo:<\/strong> DM3414-500<\/li>\n<\/ul>\n<h2 class=\"fiche-header-2\">Tecnolog\u00edas<\/h2>\n<ul class=\"accordion irun-accordion\" role=\"tablist\" data-accordion=\"7b6f8j-accordion\" data-multi-expand=\"true\" data-allow-all-closed=\"true\">\n<li class=\"accordion-item is-active\" data-accordion-item=\"\">\n<h4 class=\"bold\">FlyKnit<\/h4>\n<div id=\"kbl3qj-accordion\" class=\"accordion-content\" role=\"tabpanel\" data-tab-content=\"\" aria-labelledby=\"kbl3qj-accordion-label\" aria-hidden=\"false\">\n<p>Tecnolog\u00eda inspiranda en corredores que buscan una zapatilla tan c\u00f3moda como un calcet\u00edn y la sensaci\u00f3n de correr descalzos.<\/p>\n<\/div>\n<\/li>\n<li class=\"accordion-item is-active\" data-accordion-item=\"\">\n<h4 class=\"bold\">Nike ZoomX<\/h4>\n<div id=\"9dow4q-accordion\" class=\"accordion-content\" role=\"tabpanel\" data-tab-content=\"\" aria-labelledby=\"9dow4q-accordion-label\" aria-hidden=\"false\">\n<p>Nueva espuma de entresuela, ultra ligera. Ofrece un excelente retorno de energ\u00eda para que puedas alcanzar tus objetivos.<\/p>\n<\/div>\n<\/li>\n<li class=\"accordion-item is-active\" data-accordion-item=\"\">\n<h4 class=\"bold\">Semelle Waffle<\/h4>\n<div id=\"rkayhw-accordion\" class=\"accordion-content\" role=\"tabpanel\" data-tab-content=\"\" aria-labelledby=\"rkayhw-accordion-label\" aria-hidden=\"false\">\n<p>Suela exterior gofrada que permite un agarre ideal y una adherencia perfecta.<\/p>\n<\/div>\n<p>&nbsp;<\/li>\n<\/ul>\n<p>&nbsp;<\/p>\n","protected":false},"excerpt":{"rendered":"<p>PEGASUS TURBO NEXT NATURE Deja que el Nike Pegasus Turbo Next Nature te ayude a batir marcas en los kil\u00f3metros<\/p>\n","protected":false},"featured_media":63825,"comment_status":"open","ping_status":"closed","template":"","meta":{"nf_dc_page":""},"product_brand":[],"product_cat":[73],"product_tag":[],"class_list":{"0":"post-63824","1":"product","2":"type-product","3":"status-publish","4":"has-post-thumbnail","6":"product_cat-femenino","8":"first","9":"instock","10":"shipping-taxable","11":"purchasable","12":"product-type-simple"},"_links":{"self":[{"href":"https:\/\/brandss.com.py\/index\/wp-json\/wp\/v2\/product\/63824","targetHints":{"allow":["GET"]}}],"collection":[{"href":"https:\/\/brandss.com.py\/index\/wp-json\/wp\/v2\/product"}],"about":[{"href":"https:\/\/brandss.com.py\/index\/wp-json\/wp\/v2\/types\/product"}],"replies":[{"embeddable":true,"href":"https:\/\/brandss.com.py\/index\/wp-json\/wp\/v2\/comments?post=63824"}],"version-history":[{"count":1,"href":"https:\/\/brandss.com.py\/index\/wp-json\/wp\/v2\/product\/63824\/revisions"}],"predecessor-version":[{"id":63836,"href":"https:\/\/brandss.com.py\/index\/wp-json\/wp\/v2\/product\/63824\/revisions\/63836"}],"wp:featuredmedia":[{"embeddable":true,"href":"https:\/\/brandss.com.py\/index\/wp-json\/wp\/v2\/media\/63825"}],"wp:attachment":[{"href":"https:\/\/brandss.com.py\/index\/wp-json\/wp\/v2\/media?parent=63824"}],"wp:term":[{"taxonomy":"product_brand","embeddable":true,"href":"https:\/\/brandss.com.py\/index\/wp-json\/wp\/v2\/product_brand?post=63824"},{"taxonomy":"product_cat","embeddable":true,"href":"https:\/\/brandss.com.py\/index\/wp-json\/wp\/v2\/product_cat?post=63824"},{"taxonomy":"product_tag","embeddable":true,"href":"https:\/\/brandss.com.py\/index\/wp-json\/wp\/v2\/product_tag?post=63824"}],"curies":[{"name":"wp","href":"https:\/\/api.w.org\/{rel}","templated":true}]}}