{"id":63837,"date":"2024-12-16T12:32:28","date_gmt":"2024-12-16T12:32:28","guid":{"rendered":"https:\/\/brandss.com.py\/index\/?post_type=product&#038;p=63837"},"modified":"2024-12-16T12:33:09","modified_gmt":"2024-12-16T12:33:09","slug":"calzado-deportivo-femenino-nike-renew-in-season-tr-11","status":"publish","type":"product","link":"https:\/\/brandss.com.py\/index\/producto\/calzado-deportivo-femenino-nike-renew-in-season-tr-11\/","title":{"rendered":"CALZADO DEPORTIVO FEMENINO NIKE RENEW IN-SEASON TR 11"},"content":{"rendered":"<p><img loading=\"lazy\" decoding=\"async\" class=\"\" src=\"https:\/\/upload.wikimedia.org\/wikipedia\/commons\/thumb\/a\/a6\/Logo_NIKE.svg\/1024px-Logo_NIKE.svg.png\" alt=\"Archivo:Logo NIKE.svg - Wikipedia, la enciclopedia libre\" width=\"87\" height=\"31\" \/><\/p>\n<h1>RENEW IN-SEASON TR 11<\/h1>\n<p>Tenis NIKE RENEW, para mujer perfecto para salir a dejar todo en la cancha de juego, no esperes que el rival te supere en el terreno de juego, prep\u00e1rate para llegar lo mejor preparado a la hora del encuentro y dominar a tu rival en cada momento parcial del mismo.<\/p>\n<p><span>El modelo Renew In-Season TR 11 se caracteriza por su funcionalidad y dise\u00f1o \u00fanico. Los zapatos tienen una parte superior textil ligera con altas propiedades de ventilaci\u00f3n, gracias a la cual te sentir\u00e1s seguro y a gusto en cualquier situaci\u00f3n. El forro suave aumenta la comodidad y la calidad de uso. La plantilla de espuma sostiene tus pies durante el entrenamiento intenso. La suela arqueada, reforzada con el sistema de amortiguaci\u00f3n Nike Renew, garantiza una caminata m\u00e1s c\u00f3moda. La banda de rodadura de goma se adhiere perfectamente al suelo, para que puedas disfrutar de total libertad de movimientos.<\/span><\/p>\n<ul>\n<li><span>Parte superior: material textil, material sint\u00e9tico<\/span><\/li>\n<li><span>Forro: material textil<\/span><\/li>\n<li><span>Suela: caucho, sistema de amortiguaci\u00f3n Nike Renew<\/span><\/li>\n<li><strong>Color:<\/strong> Negro\/Rosa<\/li>\n<li><strong>Estilo:\u00a0<\/strong>DA1349-014<\/li>\n<li>Material: Construcci\u00f3n superior de malla brinda ligereza, flexibilidad y mayor frescura.<\/li>\n<li>Tecnologia:\u00a0 Suela de goma para mayor durabilidad y tracci\u00f3n sobre la superficie.<\/li>\n<\/ul>\n<p>&nbsp;<\/p>\n","protected":false},"excerpt":{"rendered":"<p>RENEW IN-SEASON TR 11 Tenis NIKE RENEW, para mujer perfecto para salir a dejar todo en la cancha de juego,<\/p>\n","protected":false},"featured_media":63838,"comment_status":"open","ping_status":"closed","template":"","meta":{"nf_dc_page":""},"product_brand":[],"product_cat":[73],"product_tag":[],"class_list":{"0":"post-63837","1":"product","2":"type-product","3":"status-publish","4":"has-post-thumbnail","6":"product_cat-femenino","8":"first","9":"instock","10":"shipping-taxable","11":"purchasable","12":"product-type-simple"},"_links":{"self":[{"href":"https:\/\/brandss.com.py\/index\/wp-json\/wp\/v2\/product\/63837","targetHints":{"allow":["GET"]}}],"collection":[{"href":"https:\/\/brandss.com.py\/index\/wp-json\/wp\/v2\/product"}],"about":[{"href":"https:\/\/brandss.com.py\/index\/wp-json\/wp\/v2\/types\/product"}],"replies":[{"embeddable":true,"href":"https:\/\/brandss.com.py\/index\/wp-json\/wp\/v2\/comments?post=63837"}],"version-history":[{"count":1,"href":"https:\/\/brandss.com.py\/index\/wp-json\/wp\/v2\/product\/63837\/revisions"}],"predecessor-version":[{"id":63850,"href":"https:\/\/brandss.com.py\/index\/wp-json\/wp\/v2\/product\/63837\/revisions\/63850"}],"wp:featuredmedia":[{"embeddable":true,"href":"https:\/\/brandss.com.py\/index\/wp-json\/wp\/v2\/media\/63838"}],"wp:attachment":[{"href":"https:\/\/brandss.com.py\/index\/wp-json\/wp\/v2\/media?parent=63837"}],"wp:term":[{"taxonomy":"product_brand","embeddable":true,"href":"https:\/\/brandss.com.py\/index\/wp-json\/wp\/v2\/product_brand?post=63837"},{"taxonomy":"product_cat","embeddable":true,"href":"https:\/\/brandss.com.py\/index\/wp-json\/wp\/v2\/product_cat?post=63837"},{"taxonomy":"product_tag","embeddable":true,"href":"https:\/\/brandss.com.py\/index\/wp-json\/wp\/v2\/product_tag?post=63837"}],"curies":[{"name":"wp","href":"https:\/\/api.w.org\/{rel}","templated":true}]}}