{"id":63851,"date":"2024-12-16T13:15:21","date_gmt":"2024-12-16T13:15:21","guid":{"rendered":"https:\/\/brandss.com.py\/index\/?post_type=product&#038;p=63851"},"modified":"2024-12-16T13:16:19","modified_gmt":"2024-12-16T13:16:19","slug":"calzado-deportivo-femenino-nike-flex-experience-rn-10","status":"publish","type":"product","link":"https:\/\/brandss.com.py\/index\/producto\/calzado-deportivo-femenino-nike-flex-experience-rn-10\/","title":{"rendered":"CALZADO DEPORTIVO FEMENINO NIKE FLEX EXPERIENCE RN 10"},"content":{"rendered":"<p><img loading=\"lazy\" decoding=\"async\" class=\"\" src=\"https:\/\/upload.wikimedia.org\/wikipedia\/commons\/thumb\/a\/a6\/Logo_NIKE.svg\/1024px-Logo_NIKE.svg.png\" alt=\"Archivo:Logo NIKE.svg - Wikipedia, la enciclopedia libre\" width=\"112\" height=\"40\" \/><\/p>\n<h1>FLEX EXPERIENCE RN 10<\/h1>\n<p><span>Sencillas y vers\u00e1tiles, las Nike Flex Experience Run 10 est\u00e1n dise\u00f1adas para el movimiento. Dise\u00f1adas para corredores casuales, su dise\u00f1o seguro y amortiguaci\u00f3n liviana en el tal\u00f3n te ayudan a recorrer kil\u00f3metros. Ventaja: la parte superior simple y redise\u00f1ada combina muy bien con ropa informal para que puedas disfrutar de una comodidad dise\u00f1ada para usar durante todo el d\u00eda.<\/span><\/p>\n<p>&nbsp;<\/p>\n<p><strong><span>Detalles del producto:<\/span><\/strong><\/p>\n<p><span>Las ranuras flexibles en la suela se mueven naturalmente con el pie. El material el\u00e1stico en la puntera te ayuda a moverte con libertad mientras corres.<\/span><\/p>\n<p><span>El tal\u00f3n acolchado brinda comodidad suave.<\/span><\/p>\n<p><span>El soporte en la parte media del pie agrega un ajuste ce\u00f1ido.<\/span><\/p>\n<p><span>Lazada en el tal\u00f3n para pon\u00e9rtelo y quit\u00e1rtelo f\u00e1cilmente.<\/span><\/p>\n<p>Material Corte: 82% Textil, 18% Cuero Sint\u00e9tico.<\/p>\n<p>Material plantilla: 100% Textil.<\/p>\n<p>Modelo CI9964-005.<\/p>\n<p>G\u00e9nero: Femenino.<\/p>\n<p>Color: Gris Lobo.<\/p>\n","protected":false},"excerpt":{"rendered":"<p>FLEX EXPERIENCE RN 10 Sencillas y vers\u00e1tiles, las Nike Flex Experience Run 10 est\u00e1n dise\u00f1adas para el movimiento. Dise\u00f1adas para<\/p>\n","protected":false},"featured_media":63852,"comment_status":"open","ping_status":"closed","template":"","meta":{"nf_dc_page":""},"product_brand":[],"product_cat":[73],"product_tag":[],"class_list":{"0":"post-63851","1":"product","2":"type-product","3":"status-publish","4":"has-post-thumbnail","6":"product_cat-femenino","8":"first","9":"instock","10":"shipping-taxable","11":"purchasable","12":"product-type-simple"},"_links":{"self":[{"href":"https:\/\/brandss.com.py\/index\/wp-json\/wp\/v2\/product\/63851","targetHints":{"allow":["GET"]}}],"collection":[{"href":"https:\/\/brandss.com.py\/index\/wp-json\/wp\/v2\/product"}],"about":[{"href":"https:\/\/brandss.com.py\/index\/wp-json\/wp\/v2\/types\/product"}],"replies":[{"embeddable":true,"href":"https:\/\/brandss.com.py\/index\/wp-json\/wp\/v2\/comments?post=63851"}],"version-history":[{"count":1,"href":"https:\/\/brandss.com.py\/index\/wp-json\/wp\/v2\/product\/63851\/revisions"}],"predecessor-version":[{"id":63862,"href":"https:\/\/brandss.com.py\/index\/wp-json\/wp\/v2\/product\/63851\/revisions\/63862"}],"wp:featuredmedia":[{"embeddable":true,"href":"https:\/\/brandss.com.py\/index\/wp-json\/wp\/v2\/media\/63852"}],"wp:attachment":[{"href":"https:\/\/brandss.com.py\/index\/wp-json\/wp\/v2\/media?parent=63851"}],"wp:term":[{"taxonomy":"product_brand","embeddable":true,"href":"https:\/\/brandss.com.py\/index\/wp-json\/wp\/v2\/product_brand?post=63851"},{"taxonomy":"product_cat","embeddable":true,"href":"https:\/\/brandss.com.py\/index\/wp-json\/wp\/v2\/product_cat?post=63851"},{"taxonomy":"product_tag","embeddable":true,"href":"https:\/\/brandss.com.py\/index\/wp-json\/wp\/v2\/product_tag?post=63851"}],"curies":[{"name":"wp","href":"https:\/\/api.w.org\/{rel}","templated":true}]}}