{"id":63863,"date":"2024-12-16T14:16:37","date_gmt":"2024-12-16T14:16:37","guid":{"rendered":"https:\/\/brandss.com.py\/index\/?post_type=product&#038;p=63863"},"modified":"2024-12-16T14:17:43","modified_gmt":"2024-12-16T14:17:43","slug":"calzado-deportivo-femenino-nike-roshe-one-2","status":"publish","type":"product","link":"https:\/\/brandss.com.py\/index\/producto\/calzado-deportivo-femenino-nike-roshe-one-2\/","title":{"rendered":"CALZADO DEPORTIVO FEMENINO NIKE ROSHE ONE"},"content":{"rendered":"<p><img loading=\"lazy\" decoding=\"async\" class=\"\" src=\"https:\/\/upload.wikimedia.org\/wikipedia\/commons\/thumb\/a\/a6\/Logo_NIKE.svg\/1024px-Logo_NIKE.svg.png\" alt=\"Archivo:Logo NIKE.svg - Wikipedia, la enciclopedia libre\" width=\"93\" height=\"33\" \/><\/p>\n<h1>ROSHE ONE<\/h1>\n<p>Eleva tu estilo activo con estos calzados Nike Roshe One en un hermoso color coral marino. Dise\u00f1adas para mujeres, estos calzados con cordones son perfectas para correr o hacer ejercicio en el gimnasio. El material superior sint\u00e9tico ligero y transpirable garantiza comodidad durante largas sesiones. Con un patr\u00f3n s\u00f3lido, estas zapatillas deportivas son elegantes y vers\u00e1tiles. El ancho del zapato es medio y el cierre es con cordones, proporcionando un ajuste seguro. Estos calzados Nike Roshe One son imprescindibles para la colecci\u00f3n de calzado de cualquier mujer activa.<\/p>\n<ul>\n<li>Color: Sea Coral\/White-Obsidian<\/li>\n<li class=\"\">\n<div class=\"s-name\">Modelo: 844994-801<\/div>\n<\/li>\n<\/ul>\n","protected":false},"excerpt":{"rendered":"<p>ROSHE ONE Eleva tu estilo activo con estos calzados Nike Roshe One en un hermoso color coral marino. Dise\u00f1adas para<\/p>\n","protected":false},"featured_media":63865,"comment_status":"open","ping_status":"closed","template":"","meta":{"nf_dc_page":""},"product_brand":[],"product_cat":[73],"product_tag":[],"class_list":{"0":"post-63863","1":"product","2":"type-product","3":"status-publish","4":"has-post-thumbnail","6":"product_cat-femenino","8":"first","9":"instock","10":"shipping-taxable","11":"purchasable","12":"product-type-simple"},"_links":{"self":[{"href":"https:\/\/brandss.com.py\/index\/wp-json\/wp\/v2\/product\/63863","targetHints":{"allow":["GET"]}}],"collection":[{"href":"https:\/\/brandss.com.py\/index\/wp-json\/wp\/v2\/product"}],"about":[{"href":"https:\/\/brandss.com.py\/index\/wp-json\/wp\/v2\/types\/product"}],"replies":[{"embeddable":true,"href":"https:\/\/brandss.com.py\/index\/wp-json\/wp\/v2\/comments?post=63863"}],"version-history":[{"count":1,"href":"https:\/\/brandss.com.py\/index\/wp-json\/wp\/v2\/product\/63863\/revisions"}],"predecessor-version":[{"id":63871,"href":"https:\/\/brandss.com.py\/index\/wp-json\/wp\/v2\/product\/63863\/revisions\/63871"}],"wp:featuredmedia":[{"embeddable":true,"href":"https:\/\/brandss.com.py\/index\/wp-json\/wp\/v2\/media\/63865"}],"wp:attachment":[{"href":"https:\/\/brandss.com.py\/index\/wp-json\/wp\/v2\/media?parent=63863"}],"wp:term":[{"taxonomy":"product_brand","embeddable":true,"href":"https:\/\/brandss.com.py\/index\/wp-json\/wp\/v2\/product_brand?post=63863"},{"taxonomy":"product_cat","embeddable":true,"href":"https:\/\/brandss.com.py\/index\/wp-json\/wp\/v2\/product_cat?post=63863"},{"taxonomy":"product_tag","embeddable":true,"href":"https:\/\/brandss.com.py\/index\/wp-json\/wp\/v2\/product_tag?post=63863"}],"curies":[{"name":"wp","href":"https:\/\/api.w.org\/{rel}","templated":true}]}}