{"id":63872,"date":"2024-12-16T16:12:39","date_gmt":"2024-12-16T16:12:39","guid":{"rendered":"https:\/\/brandss.com.py\/index\/?post_type=product&#038;p=63872"},"modified":"2024-12-16T16:13:09","modified_gmt":"2024-12-16T16:13:09","slug":"calzado-deportivo-femenino-nike-flex-experience-rn-11","status":"publish","type":"product","link":"https:\/\/brandss.com.py\/index\/producto\/calzado-deportivo-femenino-nike-flex-experience-rn-11\/","title":{"rendered":"CALZADO DEPORTIVO FEMENINO NIKE FLEX EXPERIENCE RN 11"},"content":{"rendered":"<p><img loading=\"lazy\" decoding=\"async\" class=\"\" src=\"https:\/\/upload.wikimedia.org\/wikipedia\/commons\/thumb\/a\/a6\/Logo_NIKE.svg\/1024px-Logo_NIKE.svg.png\" alt=\"Archivo:Logo NIKE.svg - Wikipedia, la enciclopedia libre\" width=\"126\" height=\"45\" \/><\/p>\n<h1>FLEX EXPERIENCE RN 11<\/h1>\n<div class=\"experience-component experience-productText\">\n<div class=\"product-text-wrapper hide-empty  \">\n<div class=\"product-text-content     \">\n<div class=\"product-text  released    \" data-product-field=\"longDescription\">\n<div class=\"pi-tier3\">\n<div class=\"pi-pdpmainbody\">\n<h4><b>UN FLEX REINTERPRETADO CON UNA SENSACI\u00d3N NATURAL.<\/b><\/h4>\n<p>Es c\u00f3modo y tiene un estilo zen, como las carreras ideales. Creamos un dise\u00f1o ligero, impecable y excepcional con el Nike Flex Experience Run 11 Next Nature. Ofrece sujeci\u00f3n en la manera adecuada y un movimiento tan natural que te parecer\u00e1 que lo usas desde hace a\u00f1os. Adem\u00e1s, lo fabricamos con al menos un 20% de contenido reciclado por peso, para seguir en nuestro proceso de sustentabilidad.<\/p>\n<p><b>Zancada natural<\/b><\/p>\n<p>La suela con ranuras flexibles se mueve de forma natural con el pie, desde el tal\u00f3n hasta la punta. La reducci\u00f3n de espuma en la suela aumenta la flexibilidad y ofrece ligereza.<\/p>\n<p><b>Ajuste moderno<\/b><\/p>\n<p>La parte superior de tejido incluye una malla para crear un look impecable y apto para correr o para el uso diario. El ajuste agradable y c\u00f3modo se combina con un tacto suave y fresco.<\/p>\n<p><b>M\u00e1s beneficios<\/b><\/p>\n<ul>\n<li>La amortiguaci\u00f3n en el tal\u00f3n es ligera y suave.<\/li>\n<li>La suela tiene un dise\u00f1o de estilo zen para integrar la calma a tu estado de \u00e1nimo.<\/li>\n<\/ul>\n<\/div>\n<\/div>\n<\/div>\n<\/div>\n<\/div>\n<\/div>\n<div class=\"experience-component experience-productText\">\n<div class=\"product-text-wrapper hide-empty  \">\n<div class=\"product-text-title\"><\/div>\n<div class=\"product-text-content  product-text-inline    \">\n<div class=\"product-text-label\">Color: Hielo jade\/Jade transparente\/Leche de coco\/Rojo picante<\/div>\n<\/div>\n<\/div>\n<\/div>\n<div class=\"experience-component experience-productText\">\n<div class=\"product-text-wrapper hide-empty  \">\n<div class=\"product-text-title\"><\/div>\n<div class=\"product-text-content  product-text-inline    \">Modelo: DD9283-300<\/div>\n<\/div>\n<\/div>\n","protected":false},"excerpt":{"rendered":"<p>FLEX EXPERIENCE RN 11 UN FLEX REINTERPRETADO CON UNA SENSACI\u00d3N NATURAL. Es c\u00f3modo y tiene un estilo zen, como las<\/p>\n","protected":false},"featured_media":63873,"comment_status":"open","ping_status":"closed","template":"","meta":{"nf_dc_page":""},"product_brand":[],"product_cat":[73],"product_tag":[],"class_list":{"0":"post-63872","1":"product","2":"type-product","3":"status-publish","4":"has-post-thumbnail","6":"product_cat-femenino","8":"first","9":"instock","10":"shipping-taxable","11":"purchasable","12":"product-type-simple"},"_links":{"self":[{"href":"https:\/\/brandss.com.py\/index\/wp-json\/wp\/v2\/product\/63872","targetHints":{"allow":["GET"]}}],"collection":[{"href":"https:\/\/brandss.com.py\/index\/wp-json\/wp\/v2\/product"}],"about":[{"href":"https:\/\/brandss.com.py\/index\/wp-json\/wp\/v2\/types\/product"}],"replies":[{"embeddable":true,"href":"https:\/\/brandss.com.py\/index\/wp-json\/wp\/v2\/comments?post=63872"}],"version-history":[{"count":1,"href":"https:\/\/brandss.com.py\/index\/wp-json\/wp\/v2\/product\/63872\/revisions"}],"predecessor-version":[{"id":63881,"href":"https:\/\/brandss.com.py\/index\/wp-json\/wp\/v2\/product\/63872\/revisions\/63881"}],"wp:featuredmedia":[{"embeddable":true,"href":"https:\/\/brandss.com.py\/index\/wp-json\/wp\/v2\/media\/63873"}],"wp:attachment":[{"href":"https:\/\/brandss.com.py\/index\/wp-json\/wp\/v2\/media?parent=63872"}],"wp:term":[{"taxonomy":"product_brand","embeddable":true,"href":"https:\/\/brandss.com.py\/index\/wp-json\/wp\/v2\/product_brand?post=63872"},{"taxonomy":"product_cat","embeddable":true,"href":"https:\/\/brandss.com.py\/index\/wp-json\/wp\/v2\/product_cat?post=63872"},{"taxonomy":"product_tag","embeddable":true,"href":"https:\/\/brandss.com.py\/index\/wp-json\/wp\/v2\/product_tag?post=63872"}],"curies":[{"name":"wp","href":"https:\/\/api.w.org\/{rel}","templated":true}]}}